{"id":17987,"date":"2019-12-28T12:09:14","date_gmt":"2019-12-28T11:09:14","guid":{"rendered":"http:\/\/www.motorjournal.cz\/?page_id=17987"},"modified":"2023-03-31T09:56:13","modified_gmt":"2023-03-31T08:56:13","slug":"obchodni-podminky-2","status":"publish","type":"page","link":"https:\/\/www.motorjournal.cz\/en\/shop\/obchodni-podminky-2\/","title":{"rendered":"Shipping and payment"},"content":{"rendered":"<h3 class=\"article-content\"><span class=\"title_page def_color\">Payment and shipping prices <\/span><\/h3>\n<p>Shipping methods and prices (incl. VAT):<\/p>\n<p><strong>Czech Republic<\/strong><\/p>\n<p>Czech Post \u2013 90 to 115 CZK depending on weight<\/p>\n<p>Baling room \u2013 75 CZK<\/p>\n<p>Czech Post \u2013 regular mail: 40 CZK (can only be used for sending 1 \u2013 3 copies of Motor Journal magazines. Advance payment ONLY! Cannot be used for sending books and other goods.)<\/p>\n<p>Mail order up to 5 kg \u2013 95 CZK to the delivery point, 115 CZK delivery to the address<\/p>\n<p><strong>Slovakia<\/strong><\/p>\n<p>Mail order company \u2013 from 135 CZK<\/p>\n<p><strong>Other countries<\/strong><\/p>\n<ul>\n<li>Shipping will be calculated based on the weight of the shipment.<\/li>\n<\/ul>\n<p>\u2014\u2014\u2013<\/p>\n<p>Payment methods and prices (prices incl. VAT):<\/p>\n<p><strong>Czech Republic<\/strong><\/p>\n<p><em>Cash on delivery \u2013 35 CZK<\/em><\/p>\n<p>Payment by transfer \u2013 0 CZK<\/p>\n<p><strong>Abroad<\/strong><\/p>\n<ul>\n<li>We only ship abroad if you pay in advance (0 CZK)<\/li>\n<\/ul>","protected":false},"excerpt":{"rendered":"<p>Ceny platby a&nbsp;dopravy Zp\u016fsoby a&nbsp;ceny dopravy (v\u010d. DPH): \u010cesk\u00e1 republika \u010cesk\u00e1 po\u0161ta &#8211; 90 a\u017e 115&nbsp;K\u010d dle v\u00e1hy Bal\u00edkovna &#8211; 75&nbsp;K\u010d \u010cesk\u00e1 po\u0161ta &#8211; oby\u010dejn\u00e9 psan\u00ed: 40&nbsp;K\u010d (lze vyu\u017e\u00edt pouze u&nbsp;zasl\u00e1n\u00ed 1 &#8211; 3 ks \u010dasopis\u016f Motor Journal. POUZE platba &hellip; <a class=\"kt-excerpt-readmore\" href=\"https:\/\/www.motorjournal.cz\/en\/shop\/obchodni-podminky-2\/\" aria-label=\"Doprava a&nbsp;platba\">Full text<\/a><\/p>","protected":false},"author":6,"featured_media":0,"parent":4,"menu_order":20,"comment_status":"closed","ping_status":"closed","template":"","meta":{"kt_blocks_editor_width":"","_kad_blocks_custom_css":"","_kad_blocks_head_custom_js":"","_kad_blocks_body_custom_js":"","_kad_blocks_footer_custom_js":"","footnotes":""},"class_list":["post-17987","page","type-page","status-publish","hentry"],"aioseo_notices":[],"taxonomy_info":[],"featured_image_src_large":false,"author_info":{"display_name":"Kate\u0159ina Kupkov\u00e1","author_link":"https:\/\/www.motorjournal.cz\/en\/author\/katka\/"},"comment_info":0,"_links":{"self":[{"href":"https:\/\/www.motorjournal.cz\/en\/wp-json\/wp\/v2\/pages\/17987","targetHints":{"allow":["GET"]}}],"collection":[{"href":"https:\/\/www.motorjournal.cz\/en\/wp-json\/wp\/v2\/pages"}],"about":[{"href":"https:\/\/www.motorjournal.cz\/en\/wp-json\/wp\/v2\/types\/page"}],"author":[{"embeddable":true,"href":"https:\/\/www.motorjournal.cz\/en\/wp-json\/wp\/v2\/users\/6"}],"replies":[{"embeddable":true,"href":"https:\/\/www.motorjournal.cz\/en\/wp-json\/wp\/v2\/comments?post=17987"}],"version-history":[{"count":0,"href":"https:\/\/www.motorjournal.cz\/en\/wp-json\/wp\/v2\/pages\/17987\/revisions"}],"up":[{"embeddable":true,"href":"https:\/\/www.motorjournal.cz\/en\/wp-json\/wp\/v2\/pages\/4"}],"wp:attachment":[{"href":"https:\/\/www.motorjournal.cz\/en\/wp-json\/wp\/v2\/media?parent=17987"}],"curies":[{"name":"wp","href":"https:\/\/api.w.org\/{rel}","templated":true}]}}