{"id":20130,"date":"2020-02-25T13:13:18","date_gmt":"2020-02-25T12:13:18","guid":{"rendered":"http:\/\/www.motorjournal.cz\/?page_id=20130"},"modified":"2020-02-27T17:29:01","modified_gmt":"2020-02-27T16:29:01","slug":"prihlaska-rudolfinum-zbraslav-4-4-2020","status":"publish","type":"page","link":"https:\/\/www.motorjournal.cz\/en\/prihlaska-rudolfinum-zbraslav-4-4-2020\/","title":{"rendered":"Application Rudolfinum\u2013Zbraslav 4. 4. 2020"},"content":{"rendered":"\n<figure class=\"wp-block-image size-large\"><img decoding=\"async\" width=\"1024\" height=\"695\" src=\"https:\/\/www.motorjournal.cz\/wp-content\/uploads\/2020\/02\/2020-rudolfinum-IMG_5153-1024x695.jpeg\" alt=\"\" class=\"wp-image-20202\"\/><\/figure>\n\n\n<h3>P\u00e1tek 3.&nbsp;4.&nbsp;2020 &nbsp;(P\u016fvodn\u00ed akce se jela 3.&nbsp;dubna 1960)<\/h3>\n<div class=\"\">* od 17 hodin p\u0159\u00edjezd na Hotel nad Kr\u00e1lovnou, Zbraslav \/ubytov\u00e1n\u00ed, registrace \u00fa\u010dastn\u00edk\u016f, vylosov\u00e1n\u00ed startovn\u00edho \u010d\u00edsla\/.<\/div>\n<div>Ubytov\u00e1n\u00ed si pros\u00edm zajist\u011bte ka\u017ed\u00fd s\u00e1m pod heslem VETER\u00c1NI<\/div>\n<div class=\"\">&nbsp; <a class=\"\" href=\"https:\/\/www.nadkralovnou.cz\/\">https:\/\/www.nadkralovnou.cz\/<\/a><br class=\"\">* od 19:00 hodin spole\u010dn\u00e1 ve\u010de\u0159e<br class=\"\">* od 20:00 hodin spole\u010dn\u00e9 posezen\u00ed s&nbsp;fotografiemi, filmy a&nbsp;vzpom\u00ednkami<\/div>\n<h3>Sobota 4.&nbsp;4.&nbsp;2020<\/h3>\n<div class=\"\">* od 7:30 hodin &#8211; pro ubytovan\u00e9 na Zbraslavi bud\u00ed\u010dek, sn\u00eddan\u011b, individu\u00e1ln\u00ed odjezd k&nbsp;Rudolfinu<br class=\"\">* od 9:00 hodin &#8211; registrace a&nbsp;vystaven\u00ed&nbsp;vozidel \u00fa\u010dastn\u00edk\u016f p\u0159ed Rudolfinem, mal\u00e9 ob\u010derstven\u00ed (k\u00e1va,&nbsp;sladk\u00e9 pe\u010divo)<br class=\"\">* od 11:00 hodin &#8211; start vozidel od&nbsp;Rudolfina na Zbraslav&nbsp;na trase je pot\u0159eba se domluvit. Co po\u017e\u00e1dat policejn\u00ed asistenci?<br class=\"\">* po&nbsp;12 hodin\u011b p\u0159\u00edjezd na Zbraslav, zast\u00e1vka na n\u00e1m\u011bst\u00ed, spole\u010dn\u00e1 fotografie<\/div>\n<div class=\"\">&nbsp; po&nbsp;13 hod. dojezd&nbsp;do Hotelu nad Kr\u00e1lovnou na spole\u010dn\u00fd ob\u011bd, p\u0159ed\u00e1n\u00ed upom\u00ednkov\u00fdch&nbsp;plaket a&nbsp;uzav\u0159en\u00ed akce.<br class=\"\">* cca 15:00 hodin rozehn\u00e1n\u00ed \u00fa\u010dastn\u00edk\u016f k&nbsp;domov\u016fm<\/div>\n<div>&nbsp;<\/div>\n<p><strong>P\u0159ihl\u00e1\u0161ky vypl\u0148te co nejd\u0159\u00edve, m\u00e1me omezen\u00fd po\u010det startuj\u00edc\u00edch a&nbsp;bude vyrobeno pouze 50 ks plaket. Nedostate\u010dn\u011b vypln\u011bn\u00e9 p\u0159ihl\u00e1\u0161ky jsou neplatn\u00e9. Po\u0159adatel m\u00e1 pr\u00e1vo v\u00fdb\u011bru vozidel.<\/strong><\/p>\n<p>Vozidla mus\u00ed odpov\u00eddati v&nbsp;ka\u017ed\u00e9m ohledu p\u0159edpis\u016fm platn\u00fdm pro p\u0159ipu\u0161t\u011bn\u00ed vozidla k&nbsp;j\u00edzd\u011b po&nbsp;ve\u0159ejn\u00fdch cest\u00e1ch. Jezdci na motocyklech mus\u00ed m\u00edti bezpe\u010dnostn\u00ed p\u0159ilbu a&nbsp;br\u00fdle. \u00da\u010dastn\u00edci mus\u00ed dodr\u017eovat pravidla silni\u010dn\u00edho provozu na ve\u0159ejn\u00fdch komunikac\u00edch.<\/p>\n<p>Startovn\u00e9 200&nbsp;K\u010d za stroj a&nbsp;500&nbsp;K\u010d za plaketu.<\/p>\n<p><strong>Prohl\u00e1\u0161en\u00ed<\/strong><br><strong>Jsem si v\u011bdom, \u017ee se \u00fa\u010dastn\u00edm v\u00fd\u0161e uveden\u00e9ho spole\u010densk\u00e9ho podniku na vlastn\u00ed nebezpe\u010d\u00ed a&nbsp;v&nbsp;p\u0159\u00edpad\u011b po\u0161kozen\u00ed sebe, \u010dlen\u016f pos\u00e1dky neb vozidla nebudu po&nbsp;po\u0159adatel\u00edch do\u017eadovati se n\u00e1hrady \u0161kody.<\/strong><\/p>\n<p>Pole ozna\u010den\u00e9 * je vy\u017eadov\u00e1no.<\/p>\n\n<div class=\"wpforms-container wpforms-container-full wpforms-block\" id=\"wpforms-19745\"><form id=\"wpforms-form-19745\" class=\"wpforms-validate wpforms-form\" data-formid=\"19745\" method=\"post\" enctype=\"multipart\/form-data\" action=\"\/en\/wp-json\/wp\/v2\/pages\/20130\" data-token=\"048deb846247e279c9774a94fbf4c932\"><noscript class=\"wpforms-error-noscript\">Please enable JavaScript in your browser to complete this form.<\/noscript><div class=\"wpforms-field-container\"><div id=\"wpforms-19745-field_1-container\" class=\"wpforms-field wpforms-field-text\" data-field-id=\"1\"><label class=\"wpforms-field-label\" for=\"wpforms-19745-field_1\">Jm\u00e9no <span class=\"wpforms-required-label\">*<\/span><\/label><input type=\"text\" id=\"wpforms-19745-field_1\" class=\"wpforms-field-medium wpforms-field-required\" name=\"wpforms[fields][1]\" required><\/div><div id=\"wpforms-19745-field_2-container\" class=\"wpforms-field wpforms-field-text\" data-field-id=\"2\"><label class=\"wpforms-field-label\" for=\"wpforms-19745-field_2\">P\u0159\u00edjmen\u00ed <span class=\"wpforms-required-label\">*<\/span><\/label><input type=\"text\" id=\"wpforms-19745-field_2\" class=\"wpforms-field-medium wpforms-field-required\" name=\"wpforms[fields][2]\" required><\/div><div id=\"wpforms-19745-field_3-container\" class=\"wpforms-field wpforms-field-phone\" data-field-id=\"3\"><label class=\"wpforms-field-label\" for=\"wpforms-19745-field_3\">Telefon <span class=\"wpforms-required-label\">*<\/span><\/label><input type=\"tel\" id=\"wpforms-19745-field_3\" class=\"wpforms-field-medium wpforms-field-required wpforms-smart-phone-field\" data-rule-smart-phone-field=\"true\" name=\"wpforms[fields][3]\" required><\/div><div id=\"wpforms-19745-field_4-container\" class=\"wpforms-field wpforms-field-email\" data-field-id=\"4\"><label class=\"wpforms-field-label\" for=\"wpforms-19745-field_4\">E-mail <span class=\"wpforms-required-label\">*<\/span><\/label><input type=\"email\" id=\"wpforms-19745-field_4\" class=\"wpforms-field-medium wpforms-field-required\" name=\"wpforms[fields][4]\" spellcheck=\"false\" required><\/div><div id=\"wpforms-19745-field_5-container\" class=\"wpforms-field wpforms-field-text\" data-field-id=\"5\"><label class=\"wpforms-field-label\" for=\"wpforms-19745-field_5\">Vozidlo <span class=\"wpforms-required-label\">*<\/span><\/label><input type=\"text\" id=\"wpforms-19745-field_5\" class=\"wpforms-field-medium wpforms-field-required\" name=\"wpforms[fields][5]\" required><\/div><div id=\"wpforms-19745-field_6-container\" class=\"wpforms-field wpforms-field-number\" data-field-id=\"6\"><label class=\"wpforms-field-label\" for=\"wpforms-19745-field_6\">Rok v\u00fdroby \u2013 pouze pro vozidla do roku v\u00fdroby 1930! <span class=\"wpforms-required-label\">*<\/span><\/label><input type=\"number\" pattern=\"\\d*\" id=\"wpforms-19745-field_6\" class=\"wpforms-field-medium wpforms-field-required\" name=\"wpforms[fields][6]\" required><\/div><div id=\"wpforms-19745-field_10-container\" class=\"wpforms-field wpforms-field-radio\" data-field-id=\"10\"><label class=\"wpforms-field-label\" for=\"wpforms-19745-field_10\">M\u00e1m z\u00e1jem o&nbsp;bronzovou plaketu od Martina Da\u0161ka <span class=\"wpforms-required-label\">*<\/span><\/label><ul id=\"wpforms-19745-field_10\" class=\"wpforms-field-required\"><li class=\"choice-1 depth-1\"><input type=\"radio\" id=\"wpforms-19745-field_10_1\" name=\"wpforms[fields][10]\" value=\"Ano\" required ><label class=\"wpforms-field-label-inline\" for=\"wpforms-19745-field_10_1\">Ano<\/label><\/li><li class=\"choice-2 depth-1\"><input type=\"radio\" id=\"wpforms-19745-field_10_2\" name=\"wpforms[fields][10]\" value=\"Ne\" required ><label class=\"wpforms-field-label-inline\" for=\"wpforms-19745-field_10_2\">Ne<\/label><\/li><\/ul><\/div><div id=\"wpforms-19745-field_9-container\" class=\"wpforms-field wpforms-field-number\" data-field-id=\"9\"><label class=\"wpforms-field-label\" for=\"wpforms-19745-field_9\">Objedn\u00e1v\u00e1m po\u010det ob\u011bd\u016f na Zbraslavi<\/label><input type=\"number\" pattern=\"\\d*\" id=\"wpforms-19745-field_9\" class=\"wpforms-field-medium\" name=\"wpforms[fields][9]\" ><div class=\"wpforms-field-description\">Ob\u011bdy si ka\u017ed\u00fd \u00fa\u010dastn\u00edk bude platit s\u00e1m. Objedn\u00e1vka slou\u017e\u00ed k&nbsp;zamlouven\u00ed m\u00edst.<\/div><\/div><div id=\"wpforms-19745-field_7-container\" class=\"wpforms-field wpforms-field-textarea\" data-field-id=\"7\"><label class=\"wpforms-field-label\" for=\"wpforms-19745-field_7\">Zvl\u00e1\u0161tn\u00ed p\u0159\u00e1n\u00ed \u2013 pozn\u00e1mky<\/label><textarea id=\"wpforms-19745-field_7\" class=\"wpforms-field-medium\" name=\"wpforms[fields][7]\" ><\/textarea><div class=\"wpforms-field-description\">Po \u00fasp\u011b\u0161n\u00e9m odesl\u00e1n\u00ed zmiz\u00ed tabulka a&nbsp;objev\u00ed se text: D\u011bkujeme za odesl\u00e1n\u00ed p\u0159ihl\u00e1\u0161ky&#8230;<\/div><\/div><div id=\"wpforms-19745-field_8-container\" class=\"wpforms-field wpforms-field-checkbox\" data-field-id=\"8\"><label class=\"wpforms-field-label\" for=\"wpforms-19745-field_8\">GDPR <span class=\"wpforms-required-label\">*<\/span><\/label><ul id=\"wpforms-19745-field_8\" class=\"wpforms-field-required\"><li class=\"choice-1 depth-1\"><input type=\"checkbox\" id=\"wpforms-19745-field_8_1\" name=\"wpforms[fields][8][]\" value=\"Souhlas\u00edm se &lt;a href=&quot;http:\/\/www.motorjournal.cz\/contact-us\/gdpr-zpracovani-osobnich-udaju\/&quot; target=&quot;_new&quot;&gt;zpracov\u00e1n\u00edm osobn\u00edch \u00fadaj\u016f&lt;\/a&gt;\" required ><label class=\"wpforms-field-label-inline\" for=\"wpforms-19745-field_8_1\">Souhlas\u00edm se <a href=\"http:\/\/www.motorjournal.cz\/contact-us\/gdpr-zpracovani-osobnich-udaju\/\" target=\"_new\">zpracov\u00e1n\u00edm osobn\u00edch \u00fadaj\u016f<\/a><\/label><\/li><\/ul><\/div><\/div><!-- .wpforms-field-container --><div class=\"wpforms-field wpforms-field-hp\"><label for=\"wpforms-19745-field-hp\" class=\"wpforms-field-label\">Email<\/label><input type=\"text\" name=\"wpforms[hp]\" id=\"wpforms-19745-field-hp\" class=\"wpforms-field-medium\"><\/div><div class=\"wpforms-submit-container\" ><input type=\"hidden\" name=\"wpforms[id]\" value=\"19745\"><input type=\"hidden\" name=\"wpforms[author]\" value=\"1\"><button type=\"submit\" name=\"wpforms[submit]\" id=\"wpforms-submit-19745\" class=\"wpforms-submit Odesln\" data-alt-text=\"Sending...\" data-submit-text=\"Odeslat p\u0159ihl\u00e1\u0161ku\" aria-live=\"assertive\" value=\"wpforms-submit\">Odeslat p\u0159ihl\u00e1\u0161ku<\/button><\/div><\/form><\/div>  <!-- .wpforms-container -->","protected":false},"excerpt":{"rendered":"<p>P\u00e1tek 3.&nbsp;4.&nbsp;2020 &nbsp;(P\u016fvodn\u00ed akce se jela 3.&nbsp;dubna 1960) * od 17 hodin p\u0159\u00edjezd na Hotel nad Kr\u00e1lovnou, Zbraslav \/ubytov\u00e1n\u00ed, registrace \u00fa\u010dastn\u00edk\u016f, vylosov\u00e1n\u00ed startovn\u00edho \u010d\u00edsla\/. Ubytov\u00e1n\u00ed si pros\u00edm zajist\u011bte ka\u017ed\u00fd s\u00e1m pod heslem VETER\u00c1NI &nbsp; https:\/\/www.nadkralovnou.cz\/* od 19:00 hodin spole\u010dn\u00e1 ve\u010de\u0159e* &hellip; <a class=\"kt-excerpt-readmore\" href=\"https:\/\/www.motorjournal.cz\/en\/prihlaska-rudolfinum-zbraslav-4-4-2020\/\" aria-label=\"P\u0159ihl\u00e1\u0161ka Rudolfinum\u2013Zbraslav 4.&nbsp;4.&nbsp;2020\">Full text<\/a><\/p>","protected":false},"author":1,"featured_media":0,"parent":0,"menu_order":0,"comment_status":"closed","ping_status":"closed","template":"","meta":{"kt_blocks_editor_width":"","_kad_blocks_custom_css":"","_kad_blocks_head_custom_js":"","_kad_blocks_body_custom_js":"","_kad_blocks_footer_custom_js":"","footnotes":""},"class_list":["post-20130","page","type-page","status-publish","hentry"],"aioseo_notices":[],"taxonomy_info":[],"featured_image_src_large":false,"author_info":{"display_name":"Rucka","author_link":"https:\/\/www.motorjournal.cz\/en\/author\/rucka\/"},"comment_info":0,"_links":{"self":[{"href":"https:\/\/www.motorjournal.cz\/en\/wp-json\/wp\/v2\/pages\/20130","targetHints":{"allow":["GET"]}}],"collection":[{"href":"https:\/\/www.motorjournal.cz\/en\/wp-json\/wp\/v2\/pages"}],"about":[{"href":"https:\/\/www.motorjournal.cz\/en\/wp-json\/wp\/v2\/types\/page"}],"author":[{"embeddable":true,"href":"https:\/\/www.motorjournal.cz\/en\/wp-json\/wp\/v2\/users\/1"}],"replies":[{"embeddable":true,"href":"https:\/\/www.motorjournal.cz\/en\/wp-json\/wp\/v2\/comments?post=20130"}],"version-history":[{"count":0,"href":"https:\/\/www.motorjournal.cz\/en\/wp-json\/wp\/v2\/pages\/20130\/revisions"}],"wp:attachment":[{"href":"https:\/\/www.motorjournal.cz\/en\/wp-json\/wp\/v2\/media?parent=20130"}],"curies":[{"name":"wp","href":"https:\/\/api.w.org\/{rel}","templated":true}]}}