{"id":2754,"date":"2017-04-18T20:20:14","date_gmt":"2017-04-18T19:20:14","guid":{"rendered":"http:\/\/www2.motorjournal.cz\/?page_id=2754"},"modified":"2025-10-20T19:10:46","modified_gmt":"2025-10-20T18:10:46","slug":"predplatne_2","status":"publish","type":"page","link":"https:\/\/www.motorjournal.cz\/en\/predplatne_2\/","title":{"rendered":"Starting a subscription from a selected number"},"content":{"rendered":"<p style=\"text-align: center;\"><strong>(s&nbsp;doru\u010den\u00edm na adresu v&nbsp;\u010cR)<\/strong><\/p>\n<p style=\"text-align: center;\">P\u0159i objedn\u00e1vce je nutn\u00e9 zvolit, od kter\u00e9ho \u010d\u00edsla m\u00e1 b\u00fdt p\u0159edplatn\u00e9 zah\u00e1jeno.<\/p>\n\n<style>.kb-row-layout-id2754_d29d71-67 > .kt-row-column-wrap{align-content:start;}:where(.kb-row-layout-id2754_d29d71-67 > .kt-row-column-wrap) > .wp-block-kadence-column{justify-content:start;}.kb-row-layout-id2754_d29d71-67 > .kt-row-column-wrap{column-gap:var(--global-kb-gap-md, 2rem);row-gap:var(--global-kb-gap-md, 2rem);padding-top:var(--global-kb-spacing-sm, 1.5rem);padding-bottom:var(--global-kb-spacing-sm, 1.5rem);grid-template-columns:minmax(0, 1fr);}.kb-row-layout-id2754_d29d71-67 > .kt-row-layout-overlay{opacity:0.30;}@media all and (max-width: 1024px){.kb-row-layout-id2754_d29d71-67 > .kt-row-column-wrap{grid-template-columns:minmax(0, 1fr);}}@media all and (max-width: 767px){.kb-row-layout-id2754_d29d71-67 > .kt-row-column-wrap{grid-template-columns:minmax(0, 1fr);}}<\/style><div class=\"kb-row-layout-wrap kb-row-layout-id2754_d29d71-67 alignnone wp-block-kadence-rowlayout\"><div class=\"kt-row-column-wrap kt-has-1-columns kt-row-layout-equal kt-tab-layout-inherit kt-mobile-layout-row kt-row-valign-top\">\n<style>.kadence-column2754_4ba1c0-37 > .kt-inside-inner-col,.kadence-column2754_4ba1c0-37 > .kt-inside-inner-col:before{border-top-left-radius:0px;border-top-right-radius:0px;border-bottom-right-radius:0px;border-bottom-left-radius:0px;}.kadence-column2754_4ba1c0-37 > .kt-inside-inner-col{column-gap:var(--global-kb-gap-sm, 1rem);}.kadence-column2754_4ba1c0-37 > .kt-inside-inner-col{flex-direction:column;}.kadence-column2754_4ba1c0-37 > .kt-inside-inner-col > .aligncenter{width:100%;}.kadence-column2754_4ba1c0-37 > .kt-inside-inner-col:before{opacity:0.3;}.kadence-column2754_4ba1c0-37{position:relative;}@media all and (max-width: 1024px){.kadence-column2754_4ba1c0-37 > .kt-inside-inner-col{flex-direction:column;justify-content:center;}}@media all and (max-width: 767px){.kadence-column2754_4ba1c0-37 > .kt-inside-inner-col{flex-direction:column;justify-content:center;}}<\/style>\n<div class=\"wp-block-kadence-column kadence-column2754_4ba1c0-37\"><div class=\"kt-inside-inner-col\"><div class=\"wpforms-container wpforms-container-full wpforms-block wpforms-block-2b01d099-cd60-4e4e-9288-c95c41deca94\" id=\"wpforms-40824\"><form id=\"wpforms-form-40824\" class=\"wpforms-validate wpforms-form\" data-formid=\"40824\" method=\"post\" enctype=\"multipart\/form-data\" action=\"\/en\/wp-json\/wp\/v2\/pages\/2754\" data-token=\"51360eeb5ec083eca27a9f8f3636d763\"><noscript class=\"wpforms-error-noscript\">Please enable JavaScript in your browser to complete this form.<\/noscript><div class=\"wpforms-field-container\"><div id=\"wpforms-40824-field_65-container\" class=\"wpforms-field wpforms-field-payment-multiple wpforms-list-3-columns wpforms-conditional-trigger\" data-field-id=\"65\"><label class=\"wpforms-field-label\" for=\"wpforms-40824-field_65\">\u010casopis objedn\u00e1v\u00e1m od \u010d\u00edsla &#8230; (do \u010d\u00edsla 12\/ 2026) <span class=\"wpforms-required-label\">*<\/span><\/label><ul id=\"wpforms-40824-field_65\" class=\"wpforms-field-required\"><li class=\"choice-18\"><input type=\"radio\" id=\"wpforms-40824-field_65_18\" class=\"wpforms-payment-price\" data-amount=\"2.365,00\" name=\"wpforms[fields][65]\" value=\"18\" required ><label class=\"wpforms-field-label-inline\" for=\"wpforms-40824-field_65_18\">9\/ 2025 &#8211; 2.365,00 &#075;&#269;<\/label><\/li><li class=\"choice-6\"><input type=\"radio\" id=\"wpforms-40824-field_65_6\" class=\"wpforms-payment-price\" data-amount=\"1.510,00\" name=\"wpforms[fields][65]\" value=\"6\" required ><label class=\"wpforms-field-label-inline\" for=\"wpforms-40824-field_65_6\">3\/ 2026 &#8211; 1.510,00 &#075;&#269;<\/label><\/li><li class=\"choice-7\"><input type=\"radio\" id=\"wpforms-40824-field_65_7\" class=\"wpforms-payment-price\" data-amount=\"800,00\" name=\"wpforms[fields][65]\" value=\"7\" required ><label class=\"wpforms-field-label-inline\" for=\"wpforms-40824-field_65_7\">8\/ 2026 &#8211; 800,00 &#075;&#269;<\/label><\/li><li class=\"choice-1\"><input type=\"radio\" id=\"wpforms-40824-field_65_1\" class=\"wpforms-payment-price\" data-amount=\"2.235,00\" name=\"wpforms[fields][65]\" value=\"1\" required ><label class=\"wpforms-field-label-inline\" for=\"wpforms-40824-field_65_1\">10\/ 2025 &#8211; 2.235,00 &#075;&#269;<\/label><\/li><li class=\"choice-17\"><input type=\"radio\" id=\"wpforms-40824-field_65_17\" class=\"wpforms-payment-price\" data-amount=\"1.360,00\" name=\"wpforms[fields][65]\" value=\"17\" required ><label class=\"wpforms-field-label-inline\" for=\"wpforms-40824-field_65_17\">4\/ 2026 &#8211; 1.360,00 &#075;&#269;<\/label><\/li><li class=\"choice-16\"><input type=\"radio\" id=\"wpforms-40824-field_65_16\" class=\"wpforms-payment-price\" data-amount=\"640,00\" name=\"wpforms[fields][65]\" value=\"16\" required ><label class=\"wpforms-field-label-inline\" for=\"wpforms-40824-field_65_16\">9\/ 2026 &#8211; 640,00 &#075;&#269;<\/label><\/li><li class=\"choice-9\"><input type=\"radio\" id=\"wpforms-40824-field_65_9\" class=\"wpforms-payment-price\" data-amount=\"2.090,00\" name=\"wpforms[fields][65]\" value=\"9\" required ><label class=\"wpforms-field-label-inline\" for=\"wpforms-40824-field_65_9\">11\/ 2025 &#8211; 2.090,00 &#075;&#269;<\/label><\/li><li class=\"choice-14\"><input type=\"radio\" id=\"wpforms-40824-field_65_14\" class=\"wpforms-payment-price\" data-amount=\"1.210,00\" name=\"wpforms[fields][65]\" value=\"14\" required ><label class=\"wpforms-field-label-inline\" for=\"wpforms-40824-field_65_14\">5\/ 2026 &#8211; 1.210,00 &#075;&#269;<\/label><\/li><li class=\"choice-13\"><input type=\"radio\" id=\"wpforms-40824-field_65_13\" class=\"wpforms-payment-price\" data-amount=\"490,00\" name=\"wpforms[fields][65]\" value=\"13\" required ><label class=\"wpforms-field-label-inline\" for=\"wpforms-40824-field_65_13\">10\/ 2026 &#8211; 490,00 &#075;&#269;<\/label><\/li><li class=\"choice-15\"><input type=\"radio\" id=\"wpforms-40824-field_65_15\" class=\"wpforms-payment-price\" data-amount=\"1.950,00\" name=\"wpforms[fields][65]\" value=\"15\" required ><label class=\"wpforms-field-label-inline\" for=\"wpforms-40824-field_65_15\">12\/ 2025 &#8211; 1.950,00 &#075;&#269;<\/label><\/li><li class=\"choice-11\"><input type=\"radio\" id=\"wpforms-40824-field_65_11\" class=\"wpforms-payment-price\" data-amount=\"1.055,00\" name=\"wpforms[fields][65]\" value=\"11\" required ><label class=\"wpforms-field-label-inline\" for=\"wpforms-40824-field_65_11\">6\/ 2026 &#8211; 1.055,00 &#075;&#269;<\/label><\/li><li class=\"choice-10\"><input type=\"radio\" id=\"wpforms-40824-field_65_10\" class=\"wpforms-payment-price\" data-amount=\"325,00\" name=\"wpforms[fields][65]\" value=\"10\" required ><label class=\"wpforms-field-label-inline\" for=\"wpforms-40824-field_65_10\">11\/ 2026 &#8211; 325,00 &#075;&#269;<\/label><\/li><li class=\"choice-12\"><input type=\"radio\" id=\"wpforms-40824-field_65_12\" class=\"wpforms-payment-price\" data-amount=\"1.800,00\" name=\"wpforms[fields][65]\" value=\"12\" required ><label class=\"wpforms-field-label-inline\" for=\"wpforms-40824-field_65_12\">1\/ 2026 &#8211; 1.800,00 &#075;&#269;<\/label><\/li><li class=\"choice-4\"><input type=\"radio\" id=\"wpforms-40824-field_65_4\" class=\"wpforms-payment-price\" data-amount=\"960,00\" name=\"wpforms[fields][65]\" value=\"4\" required ><label class=\"wpforms-field-label-inline\" for=\"wpforms-40824-field_65_4\">7\/ 2026 &#8211; 960,00 &#075;&#269;<\/label><\/li><li class=\"choice-3\"><input type=\"radio\" id=\"wpforms-40824-field_65_3\" class=\"wpforms-payment-price\" data-amount=\"170,00\" name=\"wpforms[fields][65]\" value=\"3\" required ><label class=\"wpforms-field-label-inline\" for=\"wpforms-40824-field_65_3\">12\/ 2026 &#8211; 170,00 &#075;&#269;<\/label><\/li><li class=\"choice-8\"><input type=\"radio\" id=\"wpforms-40824-field_65_8\" class=\"wpforms-payment-price\" data-amount=\"1.660,00\" name=\"wpforms[fields][65]\" value=\"8\" required ><label class=\"wpforms-field-label-inline\" for=\"wpforms-40824-field_65_8\">2\/ 2026 &#8211; 1.660,00 &#075;&#269;<\/label><\/li><\/ul><\/div><div id=\"wpforms-40824-field_22-container\" class=\"wpforms-field wpforms-field-text\" data-field-id=\"22\"><label class=\"wpforms-field-label\" for=\"wpforms-40824-field_22\">Jm\u00e9no a&nbsp;p\u0159\u00edjmen\u00ed <span class=\"wpforms-required-label\">*<\/span><\/label><input type=\"text\" id=\"wpforms-40824-field_22\" class=\"wpforms-field-medium wpforms-field-required\" name=\"wpforms[fields][22]\" required><\/div><div id=\"wpforms-40824-field_1-container\" class=\"wpforms-field wpforms-field-email\" data-field-id=\"1\"><label class=\"wpforms-field-label\" for=\"wpforms-40824-field_1\">E-mail <span class=\"wpforms-required-label\">*<\/span><\/label><input type=\"email\" id=\"wpforms-40824-field_1\" class=\"wpforms-field-medium wpforms-field-required\" name=\"wpforms[fields][1]\" spellcheck=\"false\" required><\/div><div id=\"wpforms-40824-field_21-container\" class=\"wpforms-field wpforms-field-text\" data-field-id=\"21\"><label class=\"wpforms-field-label\" for=\"wpforms-40824-field_21\">Telefon <span class=\"wpforms-required-label\">*<\/span><\/label><input type=\"text\" id=\"wpforms-40824-field_21\" class=\"wpforms-field-medium wpforms-field-required\" name=\"wpforms[fields][21]\" required><\/div><div id=\"wpforms-40824-field_61-container\" class=\"wpforms-field wpforms-field-radio wpforms-conditional-trigger\" data-field-id=\"61\"><label class=\"wpforms-field-label\" for=\"wpforms-40824-field_61\">P\u0159edplatn\u00e9 objedn\u00e1v\u00e1m <span class=\"wpforms-required-label\">*<\/span><\/label><ul id=\"wpforms-40824-field_61\" class=\"wpforms-field-required\"><li class=\"choice-1 depth-1\"><input type=\"radio\" id=\"wpforms-40824-field_61_1\" name=\"wpforms[fields][61]\" value=\"pro sebe\" required ><label class=\"wpforms-field-label-inline\" for=\"wpforms-40824-field_61_1\">pro sebe<\/label><\/li><li class=\"choice-2 depth-1\"><input type=\"radio\" id=\"wpforms-40824-field_61_2\" name=\"wpforms[fields][61]\" value=\"jako d\u00e1rek\" required ><label class=\"wpforms-field-label-inline\" for=\"wpforms-40824-field_61_2\">jako d\u00e1rek<\/label><\/li><\/ul><\/div><div id=\"wpforms-40824-field_7-container\" class=\"wpforms-field wpforms-field-text wpforms-conditional-field wpforms-conditional-show\" data-field-id=\"7\" style=\"display:none;\"><label class=\"wpforms-field-label\" for=\"wpforms-40824-field_7\">N\u00e1zev spole\u010dnosti<\/label><input type=\"text\" id=\"wpforms-40824-field_7\" class=\"wpforms-field-medium\" name=\"wpforms[fields][7]\" ><\/div><div id=\"wpforms-40824-field_24-container\" class=\"wpforms-field wpforms-field-text wpforms-conditional-field wpforms-conditional-show\" data-field-id=\"24\" style=\"display:none;\"><label class=\"wpforms-field-label\" for=\"wpforms-40824-field_24\">Ulice <span class=\"wpforms-required-label\">*<\/span><\/label><input type=\"text\" id=\"wpforms-40824-field_24\" class=\"wpforms-field-medium wpforms-field-required\" name=\"wpforms[fields][24]\" required><\/div><div id=\"wpforms-40824-field_25-container\" class=\"wpforms-field wpforms-field-text wpforms-conditional-field wpforms-conditional-show\" data-field-id=\"25\" style=\"display:none;\"><label class=\"wpforms-field-label\" for=\"wpforms-40824-field_25\">M\u011bsto <span class=\"wpforms-required-label\">*<\/span><\/label><input type=\"text\" id=\"wpforms-40824-field_25\" class=\"wpforms-field-medium wpforms-field-required\" name=\"wpforms[fields][25]\" required><\/div><div id=\"wpforms-40824-field_26-container\" class=\"wpforms-field wpforms-field-text wpforms-conditional-field wpforms-conditional-show\" data-field-id=\"26\" style=\"display:none;\"><label class=\"wpforms-field-label\" for=\"wpforms-40824-field_26\">PS\u010c <span class=\"wpforms-required-label\">*<\/span><\/label><input type=\"text\" id=\"wpforms-40824-field_26\" class=\"wpforms-field-medium wpforms-field-required\" name=\"wpforms[fields][26]\" required><\/div><div id=\"wpforms-40824-field_54-container\" class=\"wpforms-field wpforms-field-text wpforms-conditional-field wpforms-conditional-show\" data-field-id=\"54\" style=\"display:none;\"><label class=\"wpforms-field-label\" for=\"wpforms-40824-field_54\">St\u00e1t<\/label><input type=\"text\" id=\"wpforms-40824-field_54\" class=\"wpforms-field-medium\" name=\"wpforms[fields][54]\" ><\/div><div id=\"wpforms-40824-field_8-container\" class=\"wpforms-field wpforms-field-number wpforms-conditional-field wpforms-conditional-show\" data-field-id=\"8\" style=\"display:none;\"><label class=\"wpforms-field-label\" for=\"wpforms-40824-field_8\">I\u010c<\/label><input type=\"number\" pattern=\"\\d*\" id=\"wpforms-40824-field_8\" class=\"wpforms-field-medium\" name=\"wpforms[fields][8]\" ><\/div><div id=\"wpforms-40824-field_9-container\" class=\"wpforms-field wpforms-field-text wpforms-conditional-field wpforms-conditional-show\" data-field-id=\"9\" style=\"display:none;\"><label class=\"wpforms-field-label\" for=\"wpforms-40824-field_9\">DI\u010c<\/label><input type=\"text\" id=\"wpforms-40824-field_9\" class=\"wpforms-field-medium\" name=\"wpforms[fields][9]\" ><\/div><div id=\"wpforms-40824-field_27-container\" class=\"wpforms-field wpforms-field-text wpforms-conditional-field wpforms-conditional-show\" data-field-id=\"27\" style=\"display:none;\"><label class=\"wpforms-field-label\" for=\"wpforms-40824-field_27\">Jm\u00e9no a&nbsp;p\u0159\u00edjmen\u00ed obdarovan\u00e9ho <span class=\"wpforms-required-label\">*<\/span><\/label><input type=\"text\" id=\"wpforms-40824-field_27\" class=\"wpforms-field-medium wpforms-field-required\" name=\"wpforms[fields][27]\" required><\/div><div id=\"wpforms-40824-field_28-container\" class=\"wpforms-field wpforms-field-text wpforms-conditional-field wpforms-conditional-show\" data-field-id=\"28\" style=\"display:none;\"><label class=\"wpforms-field-label\" for=\"wpforms-40824-field_28\">Ulice <span class=\"wpforms-required-label\">*<\/span><\/label><input type=\"text\" id=\"wpforms-40824-field_28\" class=\"wpforms-field-medium wpforms-field-required\" name=\"wpforms[fields][28]\" required><\/div><div id=\"wpforms-40824-field_29-container\" class=\"wpforms-field wpforms-field-text wpforms-conditional-field wpforms-conditional-show\" data-field-id=\"29\" style=\"display:none;\"><label class=\"wpforms-field-label\" for=\"wpforms-40824-field_29\">M\u011bsto <span class=\"wpforms-required-label\">*<\/span><\/label><input type=\"text\" id=\"wpforms-40824-field_29\" class=\"wpforms-field-medium wpforms-field-required\" name=\"wpforms[fields][29]\" required><\/div><div id=\"wpforms-40824-field_30-container\" class=\"wpforms-field wpforms-field-text wpforms-conditional-field wpforms-conditional-show\" data-field-id=\"30\" style=\"display:none;\"><label class=\"wpforms-field-label\" for=\"wpforms-40824-field_30\">PS\u010c <span class=\"wpforms-required-label\">*<\/span><\/label><input type=\"text\" id=\"wpforms-40824-field_30\" class=\"wpforms-field-medium wpforms-field-required\" name=\"wpforms[fields][30]\" required><\/div><div id=\"wpforms-40824-field_55-container\" class=\"wpforms-field wpforms-field-text wpforms-conditional-field wpforms-conditional-show\" data-field-id=\"55\" style=\"display:none;\"><label class=\"wpforms-field-label\" for=\"wpforms-40824-field_55\">St\u00e1t<\/label><input type=\"text\" id=\"wpforms-40824-field_55\" class=\"wpforms-field-medium\" name=\"wpforms[fields][55]\" ><\/div><div id=\"wpforms-40824-field_70-container\" class=\"wpforms-field wpforms-field-radio wpforms-conditional-field wpforms-conditional-show wpforms-conditional-trigger\" data-field-id=\"70\" style=\"display:none;\"><label class=\"wpforms-field-label\" for=\"wpforms-40824-field_70\">Ji\u017e vy\u0161l\u00e1 \u010d\u00edsla \u010dasopisu chci odeslat obdarovan\u00e9mu <span class=\"wpforms-required-label\">*<\/span><\/label><ul id=\"wpforms-40824-field_70\" class=\"wpforms-field-required\"><li class=\"choice-1 depth-1\"><input type=\"radio\" id=\"wpforms-40824-field_70_1\" name=\"wpforms[fields][70]\" value=\"v nejbli\u017e\u0161\u00edm mo\u017en\u00e9m term\u00ednu po obdr\u017een\u00ed platby\" required ><label class=\"wpforms-field-label-inline\" for=\"wpforms-40824-field_70_1\">v nejbli\u017e\u0161\u00edm mo\u017en\u00e9m term\u00ednu po&nbsp;obdr\u017een\u00ed platby<\/label><\/li><li class=\"choice-2 depth-1\"><input type=\"radio\" id=\"wpforms-40824-field_70_2\" name=\"wpforms[fields][70]\" value=\"pozd\u011bji, a\u017e p\u0159ed\u00e1m d\u00e1rkov\u00fd certifik\u00e1t\" required ><label class=\"wpforms-field-label-inline\" for=\"wpforms-40824-field_70_2\">pozd\u011bji, a\u017e p\u0159ed\u00e1m d\u00e1rkov\u00fd certifik\u00e1t<\/label><\/li><\/ul><\/div><div id=\"wpforms-40824-field_50-container\" class=\"wpforms-field wpforms-field-date-time wpforms-conditional-field wpforms-conditional-show\" data-field-id=\"50\" style=\"display:none;\"><label class=\"wpforms-field-label\" for=\"wpforms-40824-field_50\">Datum  p\u0159ed\u00e1n\u00ed certifik\u00e1tu obdarovan\u00e9mu: <span class=\"wpforms-required-label\">*<\/span><\/label><div class=\"wpforms-datepicker-wrap\"><input type=\"text\" id=\"wpforms-40824-field_50\" class=\"wpforms-field-date-time-date wpforms-datepicker wpforms-field-required wpforms-field-medium\" data-date-format=\"m\/d\/Y\" data-disable-past-dates=\"0\" data-input=\"true\" name=\"wpforms[fields][50][date]\" required><a title=\"Clear Date\" data-clear class=\"wpforms-datepicker-clear\" style=\"display:none;\"><\/a><\/div><\/div><div id=\"wpforms-40824-field_10-container\" class=\"wpforms-field wpforms-field-radio wpforms-conditional-field wpforms-conditional-show\" data-field-id=\"10\" style=\"display:none;\"><label class=\"wpforms-field-label\" for=\"wpforms-40824-field_10\">Druh platby<\/label><ul id=\"wpforms-40824-field_10\"><li class=\"choice-1 depth-1 wpforms-selected\"><input type=\"radio\" id=\"wpforms-40824-field_10_1\" name=\"wpforms[fields][10]\" value=\"P\u0159evodem z \u00fa\u010dtu\"   checked='checked'><label class=\"wpforms-field-label-inline\" for=\"wpforms-40824-field_10_1\">P\u0159evodem z&nbsp;\u00fa\u010dtu<\/label><\/li><li class=\"choice-2 depth-1\"><input type=\"radio\" id=\"wpforms-40824-field_10_2\" name=\"wpforms[fields][10]\" value=\"Slo\u017eenkou\"  ><label class=\"wpforms-field-label-inline\" for=\"wpforms-40824-field_10_2\">Slo\u017eenkou<\/label><\/li><\/ul><\/div><div id=\"wpforms-40824-field_2-container\" class=\"wpforms-field wpforms-field-textarea wpforms-conditional-field wpforms-conditional-show\" data-field-id=\"2\" style=\"display:none;\"><label class=\"wpforms-field-label\" for=\"wpforms-40824-field_2\">Pozn\u00e1mka, dotaz<\/label><textarea id=\"wpforms-40824-field_2\" class=\"wpforms-field-medium\" name=\"wpforms[fields][2]\" ><\/textarea><\/div><div id=\"wpforms-40824-field_36-container\" class=\"wpforms-field wpforms-field-payment-total wpforms-conditional-field wpforms-conditional-show\" data-field-id=\"36\" style=\"display:none;\"><label class=\"wpforms-field-label\" for=\"wpforms-40824-field_36\">Celkem k&nbsp;\u00fahrad\u011b<\/label><div class=\"wpforms-payment-total\">0,00 &#075;&#269;<\/div><input type=\"hidden\" id=\"wpforms-40824-field_36\" class=\"wpforms-payment-total\" name=\"wpforms[fields][36]\" value=\"0\"><\/div><div id=\"wpforms-40824-field_32-container\" class=\"wpforms-field wpforms-field-checkbox wpforms-conditional-field wpforms-conditional-show\" data-field-id=\"32\" style=\"display:none;\"><label class=\"wpforms-field-label wpforms-label-hide\" for=\"wpforms-40824-field_32\">Obchodn\u00ed podm\u00ednky a&nbsp;GDPR <span class=\"wpforms-required-label\">*<\/span><\/label><ul id=\"wpforms-40824-field_32\" class=\"wpforms-field-required\"><li class=\"choice-1 depth-1\"><input type=\"checkbox\" id=\"wpforms-40824-field_32_1\" name=\"wpforms[fields][32][]\" value=\"Souhlas\u00edm s &lt;a target=&quot;_blank&quot; href=&quot;https:\/\/www.motorjournal.cz\/predplatne\/obchodni-podminky-pro-predplatne\/&quot;&gt;obchodn\u00edmi podm\u00ednkami&lt;\/a&gt; p\u0159edplatn\u00e9ho \u010dasopisu Motor Journal a se &lt;a target=&quot;_blank&quot; href=&quot;https:\/\/www.motorjournal.cz\/contact-us\/gdpr-zpracovani-osobnich-udaju\/&quot;&gt;zpracov\u00e1n\u00edm osobn\u00edch \u00fadaj\u016f&lt;\/a&gt;.\" required ><label class=\"wpforms-field-label-inline\" for=\"wpforms-40824-field_32_1\">Souhlas\u00edm s&nbsp;<a target=\"_blank\" href=\"https:\/\/www.motorjournal.cz\/predplatne\/obchodni-podminky-pro-predplatne\/\">obchodn\u00edmi podm\u00ednkami<\/a> p\u0159edplatn\u00e9ho \u010dasopisu Motor Journal a&nbsp;se <a target=\"_blank\" href=\"https:\/\/www.motorjournal.cz\/contact-us\/gdpr-zpracovani-osobnich-udaju\/\">zpracov\u00e1n\u00edm osobn\u00edch \u00fadaj\u016f<\/a>.<\/label><\/li><\/ul><\/div><\/div><!-- .wpforms-field-container --><div class=\"wpforms-field wpforms-field-hp\"><label for=\"wpforms-40824-field-hp\" class=\"wpforms-field-label\">Website<\/label><input type=\"text\" name=\"wpforms[hp]\" id=\"wpforms-40824-field-hp\" class=\"wpforms-field-medium\"><\/div><div class=\"wpforms-submit-container\" ><input type=\"hidden\" name=\"wpforms[id]\" value=\"40824\"><input type=\"hidden\" name=\"wpforms[author]\" value=\"1\"><button type=\"submit\" name=\"wpforms[submit]\" id=\"wpforms-submit-40824\" class=\"wpforms-submit\" data-alt-text=\"Odesl\u00e1no\" data-submit-text=\"Odeslat\" aria-live=\"assertive\" value=\"wpforms-submit\">Odeslat<\/button><\/div><\/form><\/div>  <!-- .wpforms-container --><\/div><\/div>\n\n<\/div><\/div>\n\n","protected":false},"excerpt":{"rendered":"<p>(s&nbsp;doru\u010den\u00edm na adresu v&nbsp;\u010cR) P\u0159i&nbsp;objedn\u00e1vce je nutn\u00e9 zvolit, od kter\u00e9ho \u010d\u00edsla m\u00e1 b\u00fdt p\u0159edplatn\u00e9 zah\u00e1jeno.<\/p>","protected":false},"author":1,"featured_media":16171,"parent":0,"menu_order":3,"comment_status":"closed","ping_status":"closed","template":"","meta":{"kt_blocks_editor_width":"","_kad_blocks_custom_css":"","_kad_blocks_head_custom_js":"","_kad_blocks_body_custom_js":"","_kad_blocks_footer_custom_js":"","footnotes":""},"class_list":["post-2754","page","type-page","status-publish","has-post-thumbnail","hentry"],"aioseo_notices":[],"taxonomy_info":[],"featured_image_src_large":["https:\/\/www.motorjournal.cz\/wp-content\/uploads\/2019\/11\/MJ20202-488x1024.jpg",488,1024,true],"author_info":{"display_name":"Rucka","author_link":"https:\/\/www.motorjournal.cz\/en\/author\/rucka\/"},"comment_info":0,"_links":{"self":[{"href":"https:\/\/www.motorjournal.cz\/en\/wp-json\/wp\/v2\/pages\/2754","targetHints":{"allow":["GET"]}}],"collection":[{"href":"https:\/\/www.motorjournal.cz\/en\/wp-json\/wp\/v2\/pages"}],"about":[{"href":"https:\/\/www.motorjournal.cz\/en\/wp-json\/wp\/v2\/types\/page"}],"author":[{"embeddable":true,"href":"https:\/\/www.motorjournal.cz\/en\/wp-json\/wp\/v2\/users\/1"}],"replies":[{"embeddable":true,"href":"https:\/\/www.motorjournal.cz\/en\/wp-json\/wp\/v2\/comments?post=2754"}],"version-history":[{"count":0,"href":"https:\/\/www.motorjournal.cz\/en\/wp-json\/wp\/v2\/pages\/2754\/revisions"}],"wp:featuredmedia":[{"embeddable":true,"href":"https:\/\/www.motorjournal.cz\/en\/wp-json\/wp\/v2\/media\/16171"}],"wp:attachment":[{"href":"https:\/\/www.motorjournal.cz\/en\/wp-json\/wp\/v2\/media?parent=2754"}],"curies":[{"name":"wp","href":"https:\/\/api.w.org\/{rel}","templated":true}]}}