{"id":2767,"date":"2017-04-18T21:35:11","date_gmt":"2017-04-18T20:35:11","guid":{"rendered":"http:\/\/www2.motorjournal.cz\/?page_id=2767"},"modified":"2023-01-03T10:47:13","modified_gmt":"2023-01-03T09:47:13","slug":"o-motor-journalu","status":"publish","type":"page","link":"https:\/\/www.motorjournal.cz\/en\/motor-journal-2\/o-motor-journalu\/","title":{"rendered":"About Motor Journal"},"content":{"rendered":"<p><strong>Published by:<\/strong><br \/>\n<a href=\"https:\/\/www.atelier-kupka.cz\/\" target=\"_blank\" rel=\"noopener\">Atelier Kupka sro.<\/a><br \/>\nHvezdova 13, 602 00 Brno<br \/>\nphone: 545 242 605<br \/>\nwww.MotorJournal.cz<\/p>\n<p><strong>Editor-in-chief:<\/strong><br \/>\nKarel Kupka, e-mail: karel(zavinac)MotorJournal.cz<\/p>\n<p><strong>Deputy Editor-in-Chief:<\/strong><br \/>\nJan Martof, e-mail: martof(zavinac)MotorJournal.cz<br \/>\nJi\u0159\u00ed Mewald, e-mail: mewald(at)MotorJournal.cz<\/p>\n<p><strong>Business and marketing:<br \/>\n<\/strong>Katka Kupkova<br \/>\ne-mail: katka(zavinac)MotorJournal.cz<\/p>\n<p><strong>Information about subscription and advertising (also for Slovakia):<\/strong><br \/>\nphone: 545 242 605 \u2013 Kate\u0159ina Kupkov\u00e1<br \/>\ne-mail: info(zavinac)MotorJournal.cz<\/p>\n<p><strong>Individual price:<\/strong> 150,- CZK<br \/>\nSubscription for the whole year is 1600 CZK (12 issues)<\/p>","protected":false},"excerpt":{"rendered":"<p>Vyd\u00e1v\u00e1: Atelier Kupka s.r.o. Hv\u011bzdov\u00e1 13, 602&nbsp;00 Brno tel.: 545&nbsp;242&nbsp;605 www.MotorJournal.cz \u0160\u00e9fredaktor: Karel Kupka, e-mail: karel(zavinac)MotorJournal.cz Z\u00e1stupce \u0161\u00e9fredaktora: Jan Martof, e-mail: martof(zavinac)MotorJournal.cz Ji\u0159\u00ed Mewald, e-mail: mewald(zavinac)MotorJournal.cz Obchod a&nbsp;marketing: Katka Kupkov\u00e1 e-mail: katka(zavinac)MotorJournal.cz Informace o&nbsp;p\u0159edplatn\u00e9m a&nbsp;inzerci (i&nbsp;na Slovensko): tel.: 545&nbsp;242&nbsp;605 \u2013\u00a0Kate\u0159ina &hellip; <a class=\"kt-excerpt-readmore\" href=\"https:\/\/www.motorjournal.cz\/en\/motor-journal-2\/o-motor-journalu\/\" aria-label=\"About Motor Journal\">Full text<\/a><\/p>","protected":false},"author":1,"featured_media":0,"parent":1710,"menu_order":5,"comment_status":"closed","ping_status":"closed","template":"","meta":{"kt_blocks_editor_width":"","_kad_blocks_custom_css":"","_kad_blocks_head_custom_js":"","_kad_blocks_body_custom_js":"","_kad_blocks_footer_custom_js":"","footnotes":""},"class_list":["post-2767","page","type-page","status-publish","hentry"],"aioseo_notices":[],"taxonomy_info":[],"featured_image_src_large":false,"author_info":{"display_name":"Rucka","author_link":"https:\/\/www.motorjournal.cz\/en\/author\/rucka\/"},"comment_info":0,"_links":{"self":[{"href":"https:\/\/www.motorjournal.cz\/en\/wp-json\/wp\/v2\/pages\/2767","targetHints":{"allow":["GET"]}}],"collection":[{"href":"https:\/\/www.motorjournal.cz\/en\/wp-json\/wp\/v2\/pages"}],"about":[{"href":"https:\/\/www.motorjournal.cz\/en\/wp-json\/wp\/v2\/types\/page"}],"author":[{"embeddable":true,"href":"https:\/\/www.motorjournal.cz\/en\/wp-json\/wp\/v2\/users\/1"}],"replies":[{"embeddable":true,"href":"https:\/\/www.motorjournal.cz\/en\/wp-json\/wp\/v2\/comments?post=2767"}],"version-history":[{"count":0,"href":"https:\/\/www.motorjournal.cz\/en\/wp-json\/wp\/v2\/pages\/2767\/revisions"}],"up":[{"embeddable":true,"href":"https:\/\/www.motorjournal.cz\/en\/wp-json\/wp\/v2\/pages\/1710"}],"wp:attachment":[{"href":"https:\/\/www.motorjournal.cz\/en\/wp-json\/wp\/v2\/media?parent=2767"}],"curies":[{"name":"wp","href":"https:\/\/api.w.org\/{rel}","templated":true}]}}