{"id":41312,"date":"2025-11-04T16:50:13","date_gmt":"2025-11-04T15:50:13","guid":{"rendered":"https:\/\/www.motorjournal.cz\/?page_id=41312"},"modified":"2025-11-04T17:14:02","modified_gmt":"2025-11-04T16:14:02","slug":"odstoupeni-od-smlouvy","status":"publish","type":"page","link":"https:\/\/www.motorjournal.cz\/en\/odstoupeni-od-smlouvy\/","title":{"rendered":"Withdrawal from the contract"},"content":{"rendered":"\n\n<div class=\"wpforms-container wpforms-container-full wpforms-block wpforms-block-8ce7e793-ea42-4179-90c1-440de82af75a\" id=\"wpforms-41299\"><form id=\"wpforms-form-41299\" class=\"wpforms-validate wpforms-form wpforms-ajax-form\" data-formid=\"41299\" method=\"post\" enctype=\"multipart\/form-data\" action=\"\/en\/wp-json\/wp\/v2\/pages\/41312\" data-token=\"c67bfaa36fccd5d0c6917bf79b1a3c49\"><noscript class=\"wpforms-error-noscript\">Please enable JavaScript in your browser to complete this form.<\/noscript><div class=\"wpforms-field-container\"><div id=\"wpforms-41299-field_2-container\" class=\"wpforms-field wpforms-field-html\" data-field-id=\"2\"><div id=\"wpforms-41299-field_2\"><p>Pokud si p\u0159ejete odstoupit od smlouvy uzav\u0159en\u00e9 prost\u0159ednictv\u00edm internetu, m\u016f\u017eete k&nbsp;tomu vyu\u017e\u00edt tento formul\u00e1\u0159.<\/p>\r\n<p>Vypl\u0148te pros\u00edm v\u0161echny povinn\u00e9 \u00fadaje, abychom mohli Va\u0161i \u017e\u00e1dost co nejrychleji vy\u0159\u00eddit.<\/p>\r\n<p>Na z\u00e1klad\u011b vypln\u011bn\u00e9ho formul\u00e1\u0159e V\u00e1m za\u0161leme potvrzen\u00ed o&nbsp;p\u0159ijet\u00ed a&nbsp;pokyny k&nbsp;vr\u00e1cen\u00ed zbo\u017e\u00ed.<\/p>\r\n<p>Podle \u00a7 1829 ob\u010dansk\u00e9ho z\u00e1kon\u00edku m\u00e1te pr\u00e1vo odstoupit od smlouvy do 14 dn\u016f od p\u0159evzet\u00ed zbo\u017e\u00ed, a&nbsp;to bez ud\u00e1n\u00ed d\u016fvodu.\r\nZbo\u017e\u00ed pros\u00edm za\u0161lete zp\u011bt neprodlen\u011b, nejpozd\u011bji do 14 dn\u016f ode dne, kdy jste n\u00e1m ozn\u00e1mili odstoupen\u00ed.<\/p>\r\n<p><strong>Zbo\u017e\u00ed mus\u00ed b\u00fdt vr\u00e1ceno \u00fapln\u00e9, nejl\u00e9pe v&nbsp;p\u016fvodn\u00edm obalu a&nbsp;bez zn\u00e1mek opot\u0159eben\u00ed.<\/strong><\/p>\r\n<p>Po obdr\u017een\u00ed zbo\u017e\u00ed V\u00e1m vr\u00e1t\u00edme ve\u0161ker\u00e9 p\u0159ijat\u00e9 platby, v\u010detn\u011b n\u00e1klad\u016f na doru\u010den\u00ed, nejpozd\u011bji do 14 dn\u016f.<\/p><\/div><\/div><div id=\"wpforms-41299-field_4-container\" class=\"wpforms-field wpforms-field-name\" data-field-id=\"4\"><label class=\"wpforms-field-label\" for=\"wpforms-41299-field_4\">Jm\u00e9no a&nbsp;p\u0159\u00edjmen\u00ed <span class=\"wpforms-required-label\">*<\/span><\/label><input type=\"text\" id=\"wpforms-41299-field_4\" class=\"wpforms-field-medium wpforms-field-required\" name=\"wpforms[fields][4]\" required><\/div><div id=\"wpforms-41299-field_6-container\" class=\"wpforms-field wpforms-field-text\" data-field-id=\"6\"><label class=\"wpforms-field-label\" for=\"wpforms-41299-field_6\">Ulice <span class=\"wpforms-required-label\">*<\/span><\/label><input type=\"text\" id=\"wpforms-41299-field_6\" class=\"wpforms-field-medium wpforms-field-required\" name=\"wpforms[fields][6]\" required><\/div><div id=\"wpforms-41299-field_7-container\" class=\"wpforms-field wpforms-field-text\" data-field-id=\"7\"><label class=\"wpforms-field-label\" for=\"wpforms-41299-field_7\">M\u011bsto <span class=\"wpforms-required-label\">*<\/span><\/label><input type=\"text\" id=\"wpforms-41299-field_7\" class=\"wpforms-field-medium wpforms-field-required\" name=\"wpforms[fields][7]\" required><\/div><div id=\"wpforms-41299-field_8-container\" class=\"wpforms-field wpforms-field-text\" data-field-id=\"8\"><label class=\"wpforms-field-label\" for=\"wpforms-41299-field_8\">PS\u010c <span class=\"wpforms-required-label\">*<\/span><\/label><input type=\"text\" id=\"wpforms-41299-field_8\" class=\"wpforms-field-medium wpforms-field-required\" name=\"wpforms[fields][8]\" required><\/div><div id=\"wpforms-41299-field_9-container\" class=\"wpforms-field wpforms-field-email\" data-field-id=\"9\"><label class=\"wpforms-field-label\" for=\"wpforms-41299-field_9\">E-mail <span class=\"wpforms-required-label\">*<\/span><\/label><input type=\"email\" id=\"wpforms-41299-field_9\" class=\"wpforms-field-medium wpforms-field-required\" name=\"wpforms[fields][9]\" spellcheck=\"false\" required><\/div><div id=\"wpforms-41299-field_18-container\" class=\"wpforms-field wpforms-field-text\" data-field-id=\"18\"><label class=\"wpforms-field-label\" for=\"wpforms-41299-field_18\">Telefon <span class=\"wpforms-required-label\">*<\/span><\/label><input type=\"text\" id=\"wpforms-41299-field_18\" class=\"wpforms-field-medium wpforms-field-required\" name=\"wpforms[fields][18]\" required><\/div><div id=\"wpforms-41299-field_11-container\" class=\"wpforms-field wpforms-field-text\" data-field-id=\"11\"><label class=\"wpforms-field-label\" for=\"wpforms-41299-field_11\">\u010c\u00edslo objedn\u00e1vky <span class=\"wpforms-required-label\">*<\/span><\/label><input type=\"text\" id=\"wpforms-41299-field_11\" class=\"wpforms-field-medium wpforms-field-required\" name=\"wpforms[fields][11]\" required><\/div><div id=\"wpforms-41299-field_12-container\" class=\"wpforms-field wpforms-field-text\" data-field-id=\"12\"><label class=\"wpforms-field-label\" for=\"wpforms-41299-field_12\">Datum p\u0159evzet\u00ed zbo\u017e\u00ed <span class=\"wpforms-required-label\">*<\/span><\/label><input type=\"text\" id=\"wpforms-41299-field_12\" class=\"wpforms-field-medium wpforms-field-required\" name=\"wpforms[fields][12]\" required><\/div><div id=\"wpforms-41299-field_13-container\" class=\"wpforms-field wpforms-field-text\" data-field-id=\"13\"><label class=\"wpforms-field-label\" for=\"wpforms-41299-field_13\">N\u00e1zev zbo\u017e\u00ed <span class=\"wpforms-required-label\">*<\/span><\/label><input type=\"text\" id=\"wpforms-41299-field_13\" class=\"wpforms-field-medium wpforms-field-required\" name=\"wpforms[fields][13]\" required><\/div><div id=\"wpforms-41299-field_14-container\" class=\"wpforms-field wpforms-field-text\" data-field-id=\"14\"><label class=\"wpforms-field-label\" for=\"wpforms-41299-field_14\">D\u016fvod odstoupen\u00ed<\/label><input type=\"text\" id=\"wpforms-41299-field_14\" class=\"wpforms-field-medium\" name=\"wpforms[fields][14]\" ><\/div><div id=\"wpforms-41299-field_15-container\" class=\"wpforms-field wpforms-field-text\" data-field-id=\"15\"><label class=\"wpforms-field-label\" for=\"wpforms-41299-field_15\">\u010c\u00edslo \u00fa\u010dtu pro vr\u00e1cen\u00ed platby <span class=\"wpforms-required-label\">*<\/span><\/label><input type=\"text\" id=\"wpforms-41299-field_15\" class=\"wpforms-field-medium wpforms-field-required\" name=\"wpforms[fields][15]\" required><\/div><div id=\"wpforms-41299-field_17-container\" class=\"wpforms-field wpforms-field-html\" data-field-id=\"17\"><div id=\"wpforms-41299-field_17\"><p>Odesl\u00e1n\u00edm tohoto formul\u00e1\u0159e potvrzujete, \u017ee odstupujete od v\u00fd\u0161e uveden\u00e9 smlouvy, a&nbsp;souhlas\u00edte se zpracov\u00e1n\u00edm osobn\u00edch \u00fadaj\u016f za \u00fa\u010delem vy\u0159\u00edzen\u00ed Va\u0161\u00ed \u017e\u00e1dosti o&nbsp;odstoupen\u00ed.<\/p>\r\n<p>Po odesl\u00e1n\u00ed formul\u00e1\u0159e V\u00e1m bude zasl\u00e1no potvrzen\u00ed o&nbsp;jeho p\u0159ijet\u00ed na uveden\u00fd e-mail.\r\nV&nbsp;p\u0159\u00edpad\u011b jak\u00fdchkoli dotaz\u016f n\u00e1s nev\u00e1hejte <a href=\"https:\/\/www.motorjournal.cz\/kontakt\/\" target=\"_blank\" rel=\"noopener noreferrer\">kontaktovat<\/a>.<\/p><\/div><\/div><div id=\"wpforms-41299-field_16-container\" class=\"wpforms-field wpforms-field-checkbox\" data-field-id=\"16\"><label class=\"wpforms-field-label wpforms-label-hide\" for=\"wpforms-41299-field_16\">Souhlas se zpracov\u00e1n\u00edm osobn\u00edch \u00fadaj\u016f <span class=\"wpforms-required-label\">*<\/span><\/label><ul id=\"wpforms-41299-field_16\" class=\"wpforms-field-required\"><li class=\"choice-1 depth-1\"><input type=\"checkbox\" id=\"wpforms-41299-field_16_1\" name=\"wpforms[fields][16][]\" value=\"Odstupuji od v\u00fd\u0161e uveden\u00e9 smlouvy a souhlas\u00edm se &lt;a target=&quot;_blank&quot; href=&quot;https:\/\/www.motorjournal.cz\/contact-us\/gdpr-zpracovani-osobnich-udaju\/&quot;&gt;zpracov\u00e1n\u00edm osobn\u00edch \u00fadaj\u016f&lt;\/a&gt;.\" required ><label class=\"wpforms-field-label-inline\" for=\"wpforms-41299-field_16_1\">Odstupuji od v\u00fd\u0161e uveden\u00e9 smlouvy a&nbsp;souhlas\u00edm se <a target=\"_blank\" href=\"https:\/\/www.motorjournal.cz\/contact-us\/gdpr-zpracovani-osobnich-udaju\/\">zpracov\u00e1n\u00edm osobn\u00edch \u00fadaj\u016f<\/a>.<\/label><\/li><\/ul><\/div><\/div><!-- .wpforms-field-container --><div class=\"wpforms-submit-container\" ><input type=\"hidden\" name=\"wpforms[id]\" value=\"41299\"><input type=\"hidden\" name=\"wpforms[author]\" value=\"6\"><button type=\"submit\" name=\"wpforms[submit]\" id=\"wpforms-submit-41299\" class=\"wpforms-submit\" data-alt-text=\"Odes\u00edl\u00e1ni...\" data-submit-text=\"Odeslat formul\u00e1\u0159\" aria-live=\"assertive\" value=\"wpforms-submit\">Odeslat formul\u00e1\u0159<\/button><img decoding=\"async\" src=\"https:\/\/www.motorjournal.cz\/wp-content\/plugins\/wpforms\/assets\/images\/submit-spin.svg\" class=\"wpforms-submit-spinner\" style=\"display: none;\" width=\"26\" height=\"26\" alt=\"Loading\"><\/div><\/form><\/div>  <!-- .wpforms-container -->\n\n","protected":false},"excerpt":{"rendered":"","protected":false},"author":6,"featured_media":0,"parent":0,"menu_order":0,"comment_status":"closed","ping_status":"closed","template":"","meta":{"kt_blocks_editor_width":"","_kad_blocks_custom_css":"","_kad_blocks_head_custom_js":"","_kad_blocks_body_custom_js":"","_kad_blocks_footer_custom_js":"","footnotes":""},"class_list":["post-41312","page","type-page","status-publish","hentry"],"aioseo_notices":[],"taxonomy_info":[],"featured_image_src_large":false,"author_info":{"display_name":"Kate\u0159ina Kupkov\u00e1","author_link":"https:\/\/www.motorjournal.cz\/en\/author\/katka\/"},"comment_info":0,"_links":{"self":[{"href":"https:\/\/www.motorjournal.cz\/en\/wp-json\/wp\/v2\/pages\/41312","targetHints":{"allow":["GET"]}}],"collection":[{"href":"https:\/\/www.motorjournal.cz\/en\/wp-json\/wp\/v2\/pages"}],"about":[{"href":"https:\/\/www.motorjournal.cz\/en\/wp-json\/wp\/v2\/types\/page"}],"author":[{"embeddable":true,"href":"https:\/\/www.motorjournal.cz\/en\/wp-json\/wp\/v2\/users\/6"}],"replies":[{"embeddable":true,"href":"https:\/\/www.motorjournal.cz\/en\/wp-json\/wp\/v2\/comments?post=41312"}],"version-history":[{"count":0,"href":"https:\/\/www.motorjournal.cz\/en\/wp-json\/wp\/v2\/pages\/41312\/revisions"}],"wp:attachment":[{"href":"https:\/\/www.motorjournal.cz\/en\/wp-json\/wp\/v2\/media?parent=41312"}],"curies":[{"name":"wp","href":"https:\/\/api.w.org\/{rel}","templated":true}]}}