{"id":41331,"date":"2025-11-05T12:37:06","date_gmt":"2025-11-05T11:37:06","guid":{"rendered":"https:\/\/www.motorjournal.cz\/?page_id=41331"},"modified":"2025-11-05T12:40:37","modified_gmt":"2025-11-05T11:40:37","slug":"reklamace","status":"publish","type":"page","link":"https:\/\/www.motorjournal.cz\/en\/reklamace\/","title":{"rendered":"Goods complaints"},"content":{"rendered":"\n\n<div class=\"wpforms-container wpforms-container-full wpforms-block wpforms-block-852b297d-8a1f-4ee9-b4a4-a4a7629d8064\" id=\"wpforms-41325\"><form id=\"wpforms-form-41325\" class=\"wpforms-validate wpforms-form wpforms-ajax-form\" data-formid=\"41325\" method=\"post\" enctype=\"multipart\/form-data\" action=\"\/en\/wp-json\/wp\/v2\/pages\/41331?wpforms_form_id=41325\" data-token=\"0728856299d2cf94f1c2da33be3b54d0\"><noscript class=\"wpforms-error-noscript\">Please enable JavaScript in your browser to complete this form.<\/noscript><div class=\"wpforms-field-container\"><div id=\"wpforms-41325-field_2-container\" class=\"wpforms-field wpforms-field-html\" data-field-id=\"2\"><div id=\"wpforms-41325-field_2\"><p>Vypln\u011bn\u00edm tohoto formul\u00e1\u0159e uplat\u0148ujete reklamaci zbo\u017e\u00ed zakoupen\u00e9ho v&nbsp;na\u0161em e-shopu.<\/p>\r\n<p>Pros\u00edme o&nbsp;vypln\u011bn\u00ed v\u0161ech povinn\u00fdch pol\u00ed, aby mohla b\u00fdt va\u0161e reklamace vy\u0159\u00edzena co nejrychleji.<\/p>\r\n<p>Po odesl\u00e1n\u00ed formul\u00e1\u0159e obdr\u017e\u00edte potvrzen\u00ed na v\u00e1mi zadan\u00fd e-mail a&nbsp;instrukce k&nbsp;dal\u0161\u00edmu postupu.<\/p><\/div><\/div><div id=\"wpforms-41325-field_4-container\" class=\"wpforms-field wpforms-field-name\" data-field-id=\"4\"><label class=\"wpforms-field-label\" for=\"wpforms-41325-field_4\">Jm\u00e9no a&nbsp;p\u0159\u00edjmen\u00ed <span class=\"wpforms-required-label\">*<\/span><\/label><input type=\"text\" id=\"wpforms-41325-field_4\" class=\"wpforms-field-medium wpforms-field-required\" name=\"wpforms[fields][4]\" required><\/div><div id=\"wpforms-41325-field_6-container\" class=\"wpforms-field wpforms-field-text\" data-field-id=\"6\"><label class=\"wpforms-field-label\" for=\"wpforms-41325-field_6\">Ulice <span class=\"wpforms-required-label\">*<\/span><\/label><input type=\"text\" id=\"wpforms-41325-field_6\" class=\"wpforms-field-medium wpforms-field-required\" name=\"wpforms[fields][6]\" required><\/div><div id=\"wpforms-41325-field_7-container\" class=\"wpforms-field wpforms-field-text\" data-field-id=\"7\"><label class=\"wpforms-field-label\" for=\"wpforms-41325-field_7\">M\u011bsto <span class=\"wpforms-required-label\">*<\/span><\/label><input type=\"text\" id=\"wpforms-41325-field_7\" class=\"wpforms-field-medium wpforms-field-required\" name=\"wpforms[fields][7]\" required><\/div><div id=\"wpforms-41325-field_8-container\" class=\"wpforms-field wpforms-field-text\" data-field-id=\"8\"><label class=\"wpforms-field-label\" for=\"wpforms-41325-field_8\">PS\u010c <span class=\"wpforms-required-label\">*<\/span><\/label><input type=\"text\" id=\"wpforms-41325-field_8\" class=\"wpforms-field-medium wpforms-field-required\" name=\"wpforms[fields][8]\" required><\/div><div id=\"wpforms-41325-field_9-container\" class=\"wpforms-field wpforms-field-email\" data-field-id=\"9\"><label class=\"wpforms-field-label\" for=\"wpforms-41325-field_9\">E-mail <span class=\"wpforms-required-label\">*<\/span><\/label><input type=\"email\" id=\"wpforms-41325-field_9\" class=\"wpforms-field-medium wpforms-field-required\" name=\"wpforms[fields][9]\" spellcheck=\"false\" required><\/div><div id=\"wpforms-41325-field_18-container\" class=\"wpforms-field wpforms-field-text\" data-field-id=\"18\"><label class=\"wpforms-field-label\" for=\"wpforms-41325-field_18\">Telefon <span class=\"wpforms-required-label\">*<\/span><\/label><input type=\"text\" id=\"wpforms-41325-field_18\" class=\"wpforms-field-medium wpforms-field-required\" name=\"wpforms[fields][18]\" required><\/div><div id=\"wpforms-41325-field_11-container\" class=\"wpforms-field wpforms-field-text\" data-field-id=\"11\"><label class=\"wpforms-field-label\" for=\"wpforms-41325-field_11\">\u010c\u00edslo objedn\u00e1vky <span class=\"wpforms-required-label\">*<\/span><\/label><input type=\"text\" id=\"wpforms-41325-field_11\" class=\"wpforms-field-medium wpforms-field-required\" name=\"wpforms[fields][11]\" required><\/div><div id=\"wpforms-41325-field_12-container\" class=\"wpforms-field wpforms-field-text\" data-field-id=\"12\"><label class=\"wpforms-field-label\" for=\"wpforms-41325-field_12\">Datum objedn\u00e1vky <span class=\"wpforms-required-label\">*<\/span><\/label><input type=\"text\" id=\"wpforms-41325-field_12\" class=\"wpforms-field-medium wpforms-field-required\" name=\"wpforms[fields][12]\" required><\/div><div id=\"wpforms-41325-field_13-container\" class=\"wpforms-field wpforms-field-text\" data-field-id=\"13\"><label class=\"wpforms-field-label\" for=\"wpforms-41325-field_13\">N\u00e1zev zbo\u017e\u00ed <span class=\"wpforms-required-label\">*<\/span><\/label><input type=\"text\" id=\"wpforms-41325-field_13\" class=\"wpforms-field-medium wpforms-field-required\" name=\"wpforms[fields][13]\" required><\/div><div id=\"wpforms-41325-field_25-container\" class=\"wpforms-field wpforms-field-textarea\" data-field-id=\"25\"><label class=\"wpforms-field-label\" for=\"wpforms-41325-field_25\">Podrobn\u00fd popis probl\u00e9mu <span class=\"wpforms-required-label\">*<\/span><\/label><textarea id=\"wpforms-41325-field_25\" class=\"wpforms-field-medium wpforms-field-required\" name=\"wpforms[fields][25]\" required><\/textarea><\/div><div id=\"wpforms-41325-field_19-container\" class=\"wpforms-field wpforms-field-text\" data-field-id=\"19\"><label class=\"wpforms-field-label\" for=\"wpforms-41325-field_19\">Datum, kdy byla vada zji\u0161t\u011bna <span class=\"wpforms-required-label\">*<\/span><\/label><input type=\"text\" id=\"wpforms-41325-field_19\" class=\"wpforms-field-medium wpforms-field-required\" name=\"wpforms[fields][19]\" required><\/div><div id=\"wpforms-41325-field_20-container\" class=\"wpforms-field wpforms-field-file-upload\" data-field-id=\"20\"><label class=\"wpforms-field-label\" for=\"wpforms-41325-field_20\">Fotografie nebo jin\u00e9 d\u016fkazy (velikost max. 2MB) <span class=\"wpforms-required-label\">*<\/span><\/label><input type=\"file\" id=\"wpforms-41325-field_20\" class=\"wpforms-field-required\" data-rule-extension=\"jpg,jpeg,jpe,gif,png,bmp,tiff,tif,webp,avif,ico,heic,heif,heics,heifs,asf,asx,wmv,wmx,wm,avi,divx,mov,qt,mpeg,mpg,mpe,mp4,m4v,ogv,webm,mkv,3gp,3gpp,3g2,3gp2,txt,asc,c,cc,h,srt,csv,tsv,ics,rtx,css,vtt,mp3,m4a,m4b,aac,ra,ram,wav,x-wav,ogg,oga,flac,mid,midi,wma,wax,mka,rtf,pdf,class,tar,zip,gz,gzip,rar,7z,psd,xcf,doc,pot,pps,ppt,wri,xla,xls,xlt,xlw,mpp,docx,docm,dotx,dotm,xlsx,xlsm,xlsb,xltx,xltm,xlam,pptx,pptm,ppsx,ppsm,potx,potm,ppam,sldx,sldm,onetoc,onetoc2,onepkg,oxps,xps,odt,odp,ods,odg,odc,odb,odf,wp,wpd,key,numbers,pages,redux,json\" data-rule-maxsize=\"2097152\" name=\"wpforms_41325_20\" accept=\".jpg,.jpeg,.jpe,.gif,.png,.bmp,.tiff,.tif,.webp,.avif,.ico,.heic,.heif,.heics,.heifs,.asf,.asx,.wmv,.wmx,.wm,.avi,.divx,.mov,.qt,.mpeg,.mpg,.mpe,.mp4,.m4v,.ogv,.webm,.mkv,.3gp,.3gpp,.3g2,.3gp2,.txt,.asc,.c,.cc,.h,.srt,.csv,.tsv,.ics,.rtx,.css,.vtt,.mp3,.m4a,.m4b,.aac,.ra,.ram,.wav,.x-wav,.ogg,.oga,.flac,.mid,.midi,.wma,.wax,.mka,.rtf,.pdf,.class,.tar,.zip,.gz,.gzip,.rar,.7z,.psd,.xcf,.doc,.pot,.pps,.ppt,.wri,.xla,.xls,.xlt,.xlw,.mpp,.docx,.docm,.dotx,.dotm,.xlsx,.xlsm,.xlsb,.xltx,.xltm,.xlam,.pptx,.pptm,.ppsx,.ppsm,.potx,.potm,.ppam,.sldx,.sldm,.onetoc,.onetoc2,.onepkg,.oxps,.xps,.odt,.odp,.ods,.odg,.odc,.odb,.odf,.wp,.wpd,.key,.numbers,.pages,.redux,.json\" required><\/div><div id=\"wpforms-41325-field_21-container\" class=\"wpforms-field wpforms-field-file-upload\" data-field-id=\"21\"><label class=\"wpforms-field-label\" for=\"wpforms-41325-field_21\">Fotografie nebo jin\u00e9 d\u016fkazy (velikost max. 2MB)<\/label><input type=\"file\" id=\"wpforms-41325-field_21\" data-rule-extension=\"jpg,jpeg,jpe,gif,png,bmp,tiff,tif,webp,avif,ico,heic,heif,heics,heifs,asf,asx,wmv,wmx,wm,avi,divx,mov,qt,mpeg,mpg,mpe,mp4,m4v,ogv,webm,mkv,3gp,3gpp,3g2,3gp2,txt,asc,c,cc,h,srt,csv,tsv,ics,rtx,css,vtt,mp3,m4a,m4b,aac,ra,ram,wav,x-wav,ogg,oga,flac,mid,midi,wma,wax,mka,rtf,pdf,class,tar,zip,gz,gzip,rar,7z,psd,xcf,doc,pot,pps,ppt,wri,xla,xls,xlt,xlw,mpp,docx,docm,dotx,dotm,xlsx,xlsm,xlsb,xltx,xltm,xlam,pptx,pptm,ppsx,ppsm,potx,potm,ppam,sldx,sldm,onetoc,onetoc2,onepkg,oxps,xps,odt,odp,ods,odg,odc,odb,odf,wp,wpd,key,numbers,pages,redux,json\" data-rule-maxsize=\"2097152\" name=\"wpforms_41325_21\" accept=\".jpg,.jpeg,.jpe,.gif,.png,.bmp,.tiff,.tif,.webp,.avif,.ico,.heic,.heif,.heics,.heifs,.asf,.asx,.wmv,.wmx,.wm,.avi,.divx,.mov,.qt,.mpeg,.mpg,.mpe,.mp4,.m4v,.ogv,.webm,.mkv,.3gp,.3gpp,.3g2,.3gp2,.txt,.asc,.c,.cc,.h,.srt,.csv,.tsv,.ics,.rtx,.css,.vtt,.mp3,.m4a,.m4b,.aac,.ra,.ram,.wav,.x-wav,.ogg,.oga,.flac,.mid,.midi,.wma,.wax,.mka,.rtf,.pdf,.class,.tar,.zip,.gz,.gzip,.rar,.7z,.psd,.xcf,.doc,.pot,.pps,.ppt,.wri,.xla,.xls,.xlt,.xlw,.mpp,.docx,.docm,.dotx,.dotm,.xlsx,.xlsm,.xlsb,.xltx,.xltm,.xlam,.pptx,.pptm,.ppsx,.ppsm,.potx,.potm,.ppam,.sldx,.sldm,.onetoc,.onetoc2,.onepkg,.oxps,.xps,.odt,.odp,.ods,.odg,.odc,.odb,.odf,.wp,.wpd,.key,.numbers,.pages,.redux,.json\" ><\/div><div id=\"wpforms-41325-field_22-container\" class=\"wpforms-field wpforms-field-file-upload\" data-field-id=\"22\"><label class=\"wpforms-field-label\" for=\"wpforms-41325-field_22\">Fotografie nebo jin\u00e9 d\u016fkazy (velikost max. 2MB)<\/label><input type=\"file\" id=\"wpforms-41325-field_22\" data-rule-extension=\"jpg,jpeg,jpe,gif,png,bmp,tiff,tif,webp,avif,ico,heic,heif,heics,heifs,asf,asx,wmv,wmx,wm,avi,divx,mov,qt,mpeg,mpg,mpe,mp4,m4v,ogv,webm,mkv,3gp,3gpp,3g2,3gp2,txt,asc,c,cc,h,srt,csv,tsv,ics,rtx,css,vtt,mp3,m4a,m4b,aac,ra,ram,wav,x-wav,ogg,oga,flac,mid,midi,wma,wax,mka,rtf,pdf,class,tar,zip,gz,gzip,rar,7z,psd,xcf,doc,pot,pps,ppt,wri,xla,xls,xlt,xlw,mpp,docx,docm,dotx,dotm,xlsx,xlsm,xlsb,xltx,xltm,xlam,pptx,pptm,ppsx,ppsm,potx,potm,ppam,sldx,sldm,onetoc,onetoc2,onepkg,oxps,xps,odt,odp,ods,odg,odc,odb,odf,wp,wpd,key,numbers,pages,redux,json\" data-rule-maxsize=\"2097152\" name=\"wpforms_41325_22\" accept=\".jpg,.jpeg,.jpe,.gif,.png,.bmp,.tiff,.tif,.webp,.avif,.ico,.heic,.heif,.heics,.heifs,.asf,.asx,.wmv,.wmx,.wm,.avi,.divx,.mov,.qt,.mpeg,.mpg,.mpe,.mp4,.m4v,.ogv,.webm,.mkv,.3gp,.3gpp,.3g2,.3gp2,.txt,.asc,.c,.cc,.h,.srt,.csv,.tsv,.ics,.rtx,.css,.vtt,.mp3,.m4a,.m4b,.aac,.ra,.ram,.wav,.x-wav,.ogg,.oga,.flac,.mid,.midi,.wma,.wax,.mka,.rtf,.pdf,.class,.tar,.zip,.gz,.gzip,.rar,.7z,.psd,.xcf,.doc,.pot,.pps,.ppt,.wri,.xla,.xls,.xlt,.xlw,.mpp,.docx,.docm,.dotx,.dotm,.xlsx,.xlsm,.xlsb,.xltx,.xltm,.xlam,.pptx,.pptm,.ppsx,.ppsm,.potx,.potm,.ppam,.sldx,.sldm,.onetoc,.onetoc2,.onepkg,.oxps,.xps,.odt,.odp,.ods,.odg,.odc,.odb,.odf,.wp,.wpd,.key,.numbers,.pages,.redux,.json\" ><\/div><div id=\"wpforms-41325-field_23-container\" class=\"wpforms-field wpforms-field-file-upload\" data-field-id=\"23\"><label class=\"wpforms-field-label\" for=\"wpforms-41325-field_23\">Fotografie nebo jin\u00e9 d\u016fkazy (velikost max. 2MB)<\/label><input type=\"file\" id=\"wpforms-41325-field_23\" data-rule-extension=\"jpg,jpeg,jpe,gif,png,bmp,tiff,tif,webp,avif,ico,heic,heif,heics,heifs,asf,asx,wmv,wmx,wm,avi,divx,mov,qt,mpeg,mpg,mpe,mp4,m4v,ogv,webm,mkv,3gp,3gpp,3g2,3gp2,txt,asc,c,cc,h,srt,csv,tsv,ics,rtx,css,vtt,mp3,m4a,m4b,aac,ra,ram,wav,x-wav,ogg,oga,flac,mid,midi,wma,wax,mka,rtf,pdf,class,tar,zip,gz,gzip,rar,7z,psd,xcf,doc,pot,pps,ppt,wri,xla,xls,xlt,xlw,mpp,docx,docm,dotx,dotm,xlsx,xlsm,xlsb,xltx,xltm,xlam,pptx,pptm,ppsx,ppsm,potx,potm,ppam,sldx,sldm,onetoc,onetoc2,onepkg,oxps,xps,odt,odp,ods,odg,odc,odb,odf,wp,wpd,key,numbers,pages,redux,json\" data-rule-maxsize=\"2097152\" name=\"wpforms_41325_23\" accept=\".jpg,.jpeg,.jpe,.gif,.png,.bmp,.tiff,.tif,.webp,.avif,.ico,.heic,.heif,.heics,.heifs,.asf,.asx,.wmv,.wmx,.wm,.avi,.divx,.mov,.qt,.mpeg,.mpg,.mpe,.mp4,.m4v,.ogv,.webm,.mkv,.3gp,.3gpp,.3g2,.3gp2,.txt,.asc,.c,.cc,.h,.srt,.csv,.tsv,.ics,.rtx,.css,.vtt,.mp3,.m4a,.m4b,.aac,.ra,.ram,.wav,.x-wav,.ogg,.oga,.flac,.mid,.midi,.wma,.wax,.mka,.rtf,.pdf,.class,.tar,.zip,.gz,.gzip,.rar,.7z,.psd,.xcf,.doc,.pot,.pps,.ppt,.wri,.xla,.xls,.xlt,.xlw,.mpp,.docx,.docm,.dotx,.dotm,.xlsx,.xlsm,.xlsb,.xltx,.xltm,.xlam,.pptx,.pptm,.ppsx,.ppsm,.potx,.potm,.ppam,.sldx,.sldm,.onetoc,.onetoc2,.onepkg,.oxps,.xps,.odt,.odp,.ods,.odg,.odc,.odb,.odf,.wp,.wpd,.key,.numbers,.pages,.redux,.json\" ><\/div><div id=\"wpforms-41325-field_24-container\" class=\"wpforms-field wpforms-field-radio\" data-field-id=\"24\"><label class=\"wpforms-field-label\" for=\"wpforms-41325-field_24\">Po\u017eadovan\u00fd zp\u016fsob vy\u0159\u00edzen\u00ed reklamace <span class=\"wpforms-required-label\">*<\/span><\/label><ul id=\"wpforms-41325-field_24\" class=\"wpforms-field-required\"><li class=\"choice-2 depth-1\"><input type=\"radio\" id=\"wpforms-41325-field_24_2\" name=\"wpforms[fields][24]\" value=\"V\u00fdm\u011bna zbo\u017e\u00ed\" required ><label class=\"wpforms-field-label-inline\" for=\"wpforms-41325-field_24_2\">V\u00fdm\u011bna zbo\u017e\u00ed<\/label><\/li><li class=\"choice-3 depth-1\"><input type=\"radio\" id=\"wpforms-41325-field_24_3\" name=\"wpforms[fields][24]\" value=\"Vr\u00e1cen\u00ed pen\u011bz\" required ><label class=\"wpforms-field-label-inline\" for=\"wpforms-41325-field_24_3\">Vr\u00e1cen\u00ed pen\u011bz<\/label><\/li><\/ul><\/div><div id=\"wpforms-41325-field_15-container\" class=\"wpforms-field wpforms-field-text\" data-field-id=\"15\"><label class=\"wpforms-field-label\" for=\"wpforms-41325-field_15\">\u010c\u00edslo \u00fa\u010dtu pro vr\u00e1cen\u00ed platby <span class=\"wpforms-required-label\">*<\/span><\/label><input type=\"text\" id=\"wpforms-41325-field_15\" class=\"wpforms-field-medium wpforms-field-required\" name=\"wpforms[fields][15]\" required><\/div><div id=\"wpforms-41325-field_17-container\" class=\"wpforms-field wpforms-field-html\" data-field-id=\"17\"><div id=\"wpforms-41325-field_17\"><p>Odesl\u00e1n\u00edm tohoto formul\u00e1\u0159e potvrzuji, \u017ee v\u0161echny \u00fadaje jsou pravdiv\u00e9.<\/p>\r\n<p>Po odesl\u00e1n\u00ed obdr\u017e\u00edte potvrzen\u00ed na zadan\u00fd e-mail a&nbsp;instrukce k&nbsp;zasl\u00e1n\u00ed reklamovan\u00e9ho zbo\u017e\u00ed.\r\nV&nbsp;p\u0159\u00edpad\u011b jak\u00fdchkoli dotaz\u016f n\u00e1s nev\u00e1hejte <a href=\"https:\/\/www.motorjournal.cz\/kontakt\/\" target=\"_blank\" rel=\"noopener noreferrer\">kontaktovat<\/a>.<\/p><\/div><\/div><div id=\"wpforms-41325-field_16-container\" class=\"wpforms-field wpforms-field-checkbox\" data-field-id=\"16\"><label class=\"wpforms-field-label wpforms-label-hide\" for=\"wpforms-41325-field_16\">Souhlas se zpracov\u00e1n\u00edm osobn\u00edch \u00fadaj\u016f <span class=\"wpforms-required-label\">*<\/span><\/label><ul id=\"wpforms-41325-field_16\" class=\"wpforms-field-required\"><li class=\"choice-1 depth-1\"><input type=\"checkbox\" id=\"wpforms-41325-field_16_1\" name=\"wpforms[fields][16][]\" value=\"Odesl\u00e1n\u00edm formul\u00e1\u0159e potvrzuji, \u017ee jsem se sezn\u00e1mil(a) s    &lt;a href=&quot;https:\/\/www.motorjournal.cz\/shop\/obchodni-podminky\/&quot; target=&quot;_blank&quot;&gt;obchodn\u00edmi podm\u00ednkami&lt;\/a&gt; prod\u00e1vaj\u00edc\u00edho a souhlas\u00edm se &lt;a target=&quot;_blank&quot; href=&quot;https:\/\/www.motorjournal.cz\/contact-us\/gdpr-zpracovani-osobnich-udaju\/&quot;&gt;zpracov\u00e1n\u00edm osobn\u00edch \u00fadaj\u016f&lt;\/a&gt; pro \u00fa\u010dely vy\u0159\u00edzen\u00ed reklamace.\" required ><label class=\"wpforms-field-label-inline\" for=\"wpforms-41325-field_16_1\">Odesl\u00e1n\u00edm formul\u00e1\u0159e potvrzuji, \u017ee jsem se sezn\u00e1mil(a) s&nbsp;   <a href=\"https:\/\/www.motorjournal.cz\/shop\/obchodni-podminky\/\" target=\"_blank\">obchodn\u00edmi podm\u00ednkami<\/a> prod\u00e1vaj\u00edc\u00edho a&nbsp;souhlas\u00edm se <a target=\"_blank\" href=\"https:\/\/www.motorjournal.cz\/contact-us\/gdpr-zpracovani-osobnich-udaju\/\">zpracov\u00e1n\u00edm osobn\u00edch \u00fadaj\u016f<\/a> pro \u00fa\u010dely vy\u0159\u00edzen\u00ed reklamace.<\/label><\/li><\/ul><\/div><\/div><!-- .wpforms-field-container --><div class=\"wpforms-submit-container\" ><input type=\"hidden\" name=\"wpforms[id]\" value=\"41325\"><input type=\"hidden\" name=\"wpforms[author]\" value=\"6\"><button type=\"submit\" name=\"wpforms[submit]\" id=\"wpforms-submit-41325\" class=\"wpforms-submit\" data-alt-text=\"Odes\u00edl\u00e1ni...\" data-submit-text=\"Odeslat formul\u00e1\u0159\" aria-live=\"assertive\" value=\"wpforms-submit\">Odeslat formul\u00e1\u0159<\/button><img decoding=\"async\" src=\"https:\/\/www.motorjournal.cz\/wp-content\/plugins\/wpforms\/assets\/images\/submit-spin.svg\" class=\"wpforms-submit-spinner\" style=\"display: none;\" width=\"26\" height=\"26\" alt=\"Loading\"><\/div><\/form><\/div>  <!-- .wpforms-container -->\n\n","protected":false},"excerpt":{"rendered":"","protected":false},"author":6,"featured_media":0,"parent":0,"menu_order":0,"comment_status":"closed","ping_status":"closed","template":"","meta":{"kt_blocks_editor_width":"","_kad_blocks_custom_css":"","_kad_blocks_head_custom_js":"","_kad_blocks_body_custom_js":"","_kad_blocks_footer_custom_js":"","footnotes":""},"class_list":["post-41331","page","type-page","status-publish","hentry"],"aioseo_notices":[],"taxonomy_info":[],"featured_image_src_large":false,"author_info":{"display_name":"Kate\u0159ina Kupkov\u00e1","author_link":"https:\/\/www.motorjournal.cz\/en\/author\/katka\/"},"comment_info":0,"_links":{"self":[{"href":"https:\/\/www.motorjournal.cz\/en\/wp-json\/wp\/v2\/pages\/41331","targetHints":{"allow":["GET"]}}],"collection":[{"href":"https:\/\/www.motorjournal.cz\/en\/wp-json\/wp\/v2\/pages"}],"about":[{"href":"https:\/\/www.motorjournal.cz\/en\/wp-json\/wp\/v2\/types\/page"}],"author":[{"embeddable":true,"href":"https:\/\/www.motorjournal.cz\/en\/wp-json\/wp\/v2\/users\/6"}],"replies":[{"embeddable":true,"href":"https:\/\/www.motorjournal.cz\/en\/wp-json\/wp\/v2\/comments?post=41331"}],"version-history":[{"count":0,"href":"https:\/\/www.motorjournal.cz\/en\/wp-json\/wp\/v2\/pages\/41331\/revisions"}],"wp:attachment":[{"href":"https:\/\/www.motorjournal.cz\/en\/wp-json\/wp\/v2\/media?parent=41331"}],"curies":[{"name":"wp","href":"https:\/\/api.w.org\/{rel}","templated":true}]}}