{"id":10560,"date":"2019-06-25T12:38:34","date_gmt":"2019-06-25T11:38:34","guid":{"rendered":"http:\/\/www.motorjournal.cz\/?post_type=product&#038;p=10560"},"modified":"2025-11-04T15:25:37","modified_gmt":"2025-11-04T14:25:37","slug":"vim-leather-packings-for-water-air-and-oil","status":"publish","type":"product","link":"https:\/\/www.motorjournal.cz\/en\/product\/vim-leather-packings-for-water-air-and-oil\/","title":{"rendered":"VIM Leather Packings for Water, Air and Oil"},"content":{"rendered":"<p>A professional brochure on leather seals in hydraulic systems published in 1929 by the renowned American company EF Houghton &amp; Co. It describes the production, use, method of assembly and the individual types offered by the American company, including an analysis of the quality of the leather.<\/p>\n<p>Year of publication: 1929<\/p>\n<p>Publisher: E.F. Houghton &amp; Co.<br \/>\nBinding: paperback<br \/>\nFormat: 150 x 230 mm<br \/>\nNumber of pages: 136<br \/>\nCondition: excellent<\/p>","protected":false},"excerpt":{"rendered":"<p>vz\u00e1cn\u00e1 odborn\u00e1 publikace v&nbsp;angli\u010dtin\u011b<\/p>","protected":false},"featured_media":10561,"template":"","meta":{"kt_blocks_editor_width":"","_kad_blocks_custom_css":"","_kad_blocks_head_custom_js":"","_kad_blocks_body_custom_js":"","_kad_blocks_footer_custom_js":""},"product_brand":[],"product_cat":[317,347],"product_tag":[378],"class_list":{"0":"post-10560","1":"product","2":"type-product","3":"status-publish","4":"has-post-thumbnail","6":"product_cat-antikvariat","7":"product_cat-antikvariat-knihy","8":"product_tag-ucebnice","10":"first","11":"instock","12":"sale","13":"taxable","14":"shipping-taxable","15":"purchasable","16":"product-type-simple"},"supplier_id":null,"supplier_sku":"","barcode":null,"atum_controlled":false,"out_stock_date":null,"out_stock_threshold":null,"inheritable":false,"inbound_stock":0,"stock_on_hold":0,"sold_today":0,"sales_last_days":0,"reserved_stock":0,"customer_returns":0,"warehouse_damage":0,"lost_in_post":0,"other_logs":0,"out_stock_days":0,"lost_sales":0,"has_location":false,"update_date":"2026-04-05T00:06:54","atum_locations":[],"atum_stock_status":"instock","restock_status":false,"low_stock_amount":"","sales_update_date":"2026-04-05T00:06:54","calc_backorders":null,"aioseo_notices":[],"taxonomy_info":{"product_cat":[{"value":317,"label":"Antikvari\u00e1t"},{"value":347,"label":"Antikvari\u00e1t knihy"}],"product_tag":[{"value":378,"label":"u\u010debnice"}]},"featured_image_src_large":["https:\/\/www.motorjournal.cz\/wp-content\/uploads\/2019\/06\/A0240_VIM.jpeg",419,673,false],"author_info":[],"comment_info":"","_links":{"self":[{"href":"https:\/\/www.motorjournal.cz\/en\/wp-json\/wp\/v2\/product\/10560","targetHints":{"allow":["GET"]}}],"collection":[{"href":"https:\/\/www.motorjournal.cz\/en\/wp-json\/wp\/v2\/product"}],"about":[{"href":"https:\/\/www.motorjournal.cz\/en\/wp-json\/wp\/v2\/types\/product"}],"wp:featuredmedia":[{"embeddable":true,"href":"https:\/\/www.motorjournal.cz\/en\/wp-json\/wp\/v2\/media\/10561"}],"wp:attachment":[{"href":"https:\/\/www.motorjournal.cz\/en\/wp-json\/wp\/v2\/media?parent=10560"}],"wp:term":[{"taxonomy":"product_brand","embeddable":true,"href":"https:\/\/www.motorjournal.cz\/en\/wp-json\/wp\/v2\/product_brand?post=10560"},{"taxonomy":"product_cat","embeddable":true,"href":"https:\/\/www.motorjournal.cz\/en\/wp-json\/wp\/v2\/product_cat?post=10560"},{"taxonomy":"product_tag","embeddable":true,"href":"https:\/\/www.motorjournal.cz\/en\/wp-json\/wp\/v2\/product_tag?post=10560"}],"curies":[{"name":"wp","href":"https:\/\/api.w.org\/{rel}","templated":true}]}}