{"id":13820,"date":"2019-10-01T16:45:28","date_gmt":"2019-10-01T15:45:28","guid":{"rendered":"http:\/\/www.motorjournal.cz\/?post_type=product&#038;p=13820"},"modified":"2025-11-04T15:25:36","modified_gmt":"2025-11-04T14:25:36","slug":"robert-bosch-korespondence-dobove-ceniky","status":"publish","type":"product","link":"https:\/\/www.motorjournal.cz\/en\/product\/robert-bosch-korespondence-dobove-ceniky\/","title":{"rendered":"Robert Bosch \u2013 correspondence \u2013 period price lists"},"content":{"rendered":"<p>A set of eight sheets in which the Robert Bosch company, t\u0159\u00edda mar\u0161\u00e1la Foche 8, Prague, announced the prices of its products to its customers<\/p>\n<p>Year of publication: 1926<br \/>\nFormat: A4<br \/>\nNumber of pages: 8<br \/>\nCondition: very good<\/p>","protected":false},"excerpt":{"rendered":"<p>A set of eight sheets in which the Robert Bosch company, t\u0159\u00edda mar\u0161\u00e1la Foche 8, Prague, announced the prices of its products to its customers. Year of publication: 1926 Format: A4 Number of pages: 8 Condition: very good<\/p>","protected":false},"featured_media":13821,"template":"","meta":{"kt_blocks_editor_width":"","_kad_blocks_custom_css":"","_kad_blocks_head_custom_js":"","_kad_blocks_body_custom_js":"","_kad_blocks_footer_custom_js":""},"product_brand":[],"product_cat":[317,365],"product_tag":[352,402,353],"class_list":{"0":"post-13820","1":"product","2":"type-product","3":"status-publish","4":"has-post-thumbnail","6":"product_cat-antikvariat","7":"product_cat-antikvariat-manualy-seznamy-nahradnich-dilu","8":"product_tag-automobily","9":"product_tag-bosch","10":"product_tag-motocykly","12":"first","13":"instock","14":"sale","15":"taxable","16":"shipping-taxable","17":"purchasable","18":"product-type-simple"},"supplier_id":null,"supplier_sku":"","barcode":null,"atum_controlled":false,"out_stock_date":null,"out_stock_threshold":null,"inheritable":false,"inbound_stock":0,"stock_on_hold":0,"sold_today":0,"sales_last_days":0,"reserved_stock":0,"customer_returns":0,"warehouse_damage":0,"lost_in_post":0,"other_logs":0,"out_stock_days":0,"lost_sales":0,"has_location":false,"update_date":"2026-04-04T00:06:35","atum_locations":[],"atum_stock_status":"instock","restock_status":false,"low_stock_amount":"","sales_update_date":"2026-04-04T00:06:35","calc_backorders":null,"aioseo_notices":[],"taxonomy_info":{"product_cat":[{"value":317,"label":"Antikvari\u00e1t"},{"value":365,"label":"Antikvari\u00e1t manu\u00e1ly, seznamy n\u00e1hradn\u00edch d\u00edl\u016f"}],"product_tag":[{"value":352,"label":"Automobily"},{"value":402,"label":"Bosch"},{"value":353,"label":"Motocykly"}]},"featured_image_src_large":["https:\/\/www.motorjournal.cz\/wp-content\/uploads\/2019\/10\/A0274_bosch-korespondence.jpeg",620,864,false],"author_info":[],"comment_info":"","_links":{"self":[{"href":"https:\/\/www.motorjournal.cz\/en\/wp-json\/wp\/v2\/product\/13820","targetHints":{"allow":["GET"]}}],"collection":[{"href":"https:\/\/www.motorjournal.cz\/en\/wp-json\/wp\/v2\/product"}],"about":[{"href":"https:\/\/www.motorjournal.cz\/en\/wp-json\/wp\/v2\/types\/product"}],"wp:featuredmedia":[{"embeddable":true,"href":"https:\/\/www.motorjournal.cz\/en\/wp-json\/wp\/v2\/media\/13821"}],"wp:attachment":[{"href":"https:\/\/www.motorjournal.cz\/en\/wp-json\/wp\/v2\/media?parent=13820"}],"wp:term":[{"taxonomy":"product_brand","embeddable":true,"href":"https:\/\/www.motorjournal.cz\/en\/wp-json\/wp\/v2\/product_brand?post=13820"},{"taxonomy":"product_cat","embeddable":true,"href":"https:\/\/www.motorjournal.cz\/en\/wp-json\/wp\/v2\/product_cat?post=13820"},{"taxonomy":"product_tag","embeddable":true,"href":"https:\/\/www.motorjournal.cz\/en\/wp-json\/wp\/v2\/product_tag?post=13820"}],"curies":[{"name":"wp","href":"https:\/\/api.w.org\/{rel}","templated":true}]}}