{"id":13932,"date":"2019-10-03T10:37:38","date_gmt":"2019-10-03T09:37:38","guid":{"rendered":"http:\/\/www.motorjournal.cz\/?post_type=product&#038;p=13932"},"modified":"2022-11-30T14:58:54","modified_gmt":"2022-11-30T13:58:54","slug":"motor-journal-2019-10","status":"publish","type":"product","link":"https:\/\/www.motorjournal.cz\/en\/product\/motor-journal-2019-10\/","title":{"rendered":"Motor Journal 10\/2019"},"content":{"rendered":"<p><b>Motor Journal No. 10 <\/b>is released on Friday, October 4, 2019. Even though the end of this season is almost in sight, we&#039;re moving on - see the preview on the front page. How, when and where to order archive boxes and subscriptions for 2020 is included on the second page. <b>Editorial<\/b> a&nbsp;<b>Bygone times<\/b> they open a large file <b>A handful of nails from the road<\/b>. Here, older readers will remember and representatives of the younger generations will discover the dates of automobile and motorcycle races, design news, premieres of new types of vehicles, personalities of the &quot;octane&quot; world, culture, politics from home and abroad. The collection ends with several news items. Find the report from this year&#039;s Kol\u0161tejn Circuit under the heading <b>Such<\/b> <b>beautifully rainy races<\/b>. The following are two pages for joy and education \u2013 first a pair of books still fragrant from the printer and four titles with equally interesting content. The colorful life journey of one of the elite German car racers is captured under the heading <b>Bernd Rosemeyer<\/b>. Every dad can do the impossible for the joy of his children \u2013 read <b>Bugatti Type 52 Baby<\/b>. The tradition has a special magic for participants and spectators, read the hot report: <b>Zbraslav\u2013J\u00edlovi\u0161t\u011b after the fifty-second<\/b>. They like to boast of an almost equally long tradition in Kop\u0159ivnice, search under the name <b>50 years of the Veteran Car Club<\/b> <b>Kop\u0159ivnice and Hans Ledwinka<\/b>. The K\u0159\u00ed\u017e family is behind the organization of the &quot;bus joy&quot;, read about the course of this year&#039;s event <b>II. Veteran Bus Cross<\/b>. For tours of collections and museums dominated by bicycles and the discovery of unique structures, look under the heading <b>Cycling expedition 2019 I<\/b>. The result of the collaboration between Japanese engineers and German designers was a timelessly attractive motorcycle, look for a comprehensive monograph <b>Suzuki GSX 1100 Katana<\/b>. What are the impressions of travel when you let yourself be influenced by the gigantism of history and the power of the present \u2013 that is an interesting travelogue <b>Spoiled<\/b> <b>day in Maranello<\/b>. Lovers of one-track will get an interesting tip for visiting \u2013 <b>Simson Museum<\/b>. Readers will learn what was on display at this year&#039;s event held in the meadows around Lord Montagu&#039;s residence under the headline <b>Another year at the Beaulieu Autojumble<\/b>. The largest event in the whole of Great Britain with an exclusive focus on motorcycles opened to the public on the first weekend of September \u2013 every visitor is a potential customer at <b>Motorcycle Exchange in Netley Marsh<\/b>. Find this year&#039;s September offer from Bonhams auction house under the title <b>Bonhams in Beaulieu<\/b>. All that remains is a short calendar of upcoming events and a wide range of advertisements. On the last page of the cover is full-page information about the international exhibition for enthusiasts and collectors \u2013 \u201e<a href=\"https:\/\/autoemotodepoca.com\" target=\"_blank\" rel=\"noopener noreferrer\">Vintage Cars and Motorcycles<\/a>\u201c&quot; in Padua, Italy from October 24th to 27th, 2019.<\/p>","protected":false},"excerpt":{"rendered":"<div>New books<\/div>\n<div>Bernd Rosemeyer<\/div>\n<div>Bugatti Type 52 Baby<\/div>\n<div>LII. Zbraslav\u2013J\u00edlovi\u0161t\u011b<\/div>\n<div>50 years of the Veteran Car Club Kop\u0159ivnice and Hans Ledwinka<\/div>\n<div>II. Veteran Bus Cross in South Moravia<\/div>\n<div>Wheeled expedition 2019 I.<\/div>\n<div>Veteran Salon: Japanese Technology and German Design Suzuki GSX 1100 Katana<\/div>\n<div>A broken dream in Maranello<\/div>\n<div>Simson Museum<\/div>\n<div>Another year at the Beaulieu Autojumble<\/div>\n<div>Netley Marsh Motorcycle Exchange<\/div>\n<div>Bonhams in Beaulieu<br \/>\nEvent calendar<br \/>\nCheap for sale<\/div>","protected":false},"featured_media":13910,"template":"","meta":{"kt_blocks_editor_width":"","_kad_blocks_custom_css":"","_kad_blocks_head_custom_js":"","_kad_blocks_body_custom_js":"","_kad_blocks_footer_custom_js":""},"product_brand":[],"product_cat":[338,162],"product_tag":[],"class_list":{"0":"post-13932","1":"product","2":"type-product","3":"status-publish","4":"has-post-thumbnail","6":"product_cat-338","7":"product_cat-casopisy","9":"first","10":"instock","11":"sale","12":"taxable","13":"shipping-taxable","14":"purchasable","15":"product-type-simple"},"supplier_id":null,"supplier_sku":"","barcode":null,"atum_controlled":false,"out_stock_date":null,"out_stock_threshold":null,"inheritable":false,"inbound_stock":0,"stock_on_hold":0,"sold_today":0,"sales_last_days":0,"reserved_stock":0,"customer_returns":0,"warehouse_damage":0,"lost_in_post":0,"other_logs":0,"out_stock_days":0,"lost_sales":0,"has_location":false,"update_date":"2026-04-05T00:05:39","atum_locations":[],"atum_stock_status":"instock","restock_status":false,"low_stock_amount":"","sales_update_date":"2026-04-05T00:05:39","calc_backorders":null,"aioseo_notices":[],"taxonomy_info":{"product_cat":[{"value":338,"label":"2019"},{"value":162,"label":"\u010casopisy"}]},"featured_image_src_large":["https:\/\/www.motorjournal.cz\/wp-content\/uploads\/2019\/10\/MJ_2019_10-1.jpg",595,841,false],"author_info":[],"comment_info":"","_links":{"self":[{"href":"https:\/\/www.motorjournal.cz\/en\/wp-json\/wp\/v2\/product\/13932","targetHints":{"allow":["GET"]}}],"collection":[{"href":"https:\/\/www.motorjournal.cz\/en\/wp-json\/wp\/v2\/product"}],"about":[{"href":"https:\/\/www.motorjournal.cz\/en\/wp-json\/wp\/v2\/types\/product"}],"wp:featuredmedia":[{"embeddable":true,"href":"https:\/\/www.motorjournal.cz\/en\/wp-json\/wp\/v2\/media\/13910"}],"wp:attachment":[{"href":"https:\/\/www.motorjournal.cz\/en\/wp-json\/wp\/v2\/media?parent=13932"}],"wp:term":[{"taxonomy":"product_brand","embeddable":true,"href":"https:\/\/www.motorjournal.cz\/en\/wp-json\/wp\/v2\/product_brand?post=13932"},{"taxonomy":"product_cat","embeddable":true,"href":"https:\/\/www.motorjournal.cz\/en\/wp-json\/wp\/v2\/product_cat?post=13932"},{"taxonomy":"product_tag","embeddable":true,"href":"https:\/\/www.motorjournal.cz\/en\/wp-json\/wp\/v2\/product_tag?post=13932"}],"curies":[{"name":"wp","href":"https:\/\/api.w.org\/{rel}","templated":true}]}}