{"id":13941,"date":"2019-10-03T16:23:17","date_gmt":"2019-10-03T15:23:17","guid":{"rendered":"http:\/\/www.motorjournal.cz\/?post_type=product&#038;p=13941"},"modified":"2026-03-18T13:13:48","modified_gmt":"2026-03-18T12:13:48","slug":"cezeta-a-skutry-j-f-kocha","status":"publish","type":"product","link":"https:\/\/www.motorjournal.cz\/en\/product\/cezeta-a-skutry-j-f-kocha\/","title":{"rendered":"\u010cezeta and scooters JF Kocha, Martin Kus\u00fd"},"content":{"rendered":"<p>Published as the III. publication in the \u010cZ Motorcycle Catalog series. A separate, comprehensive work that brings together all related aspects of scooters from Strakonice. The author has compiled the history into eight separate chapters: Koch Scooters, Development of \u010cezeta Scooters, Production, Athlete and World Traveler, Promotion, In Film, Technical Description, Jaroslav Franti\u0161ek Koch, Photographs, and the last, voluminous part is entitled Appendices. Many a long-time scooter owner and reader will find themselves in self-reflection and memories on the pages of the publication. A representative publication can be a joy in the form of a dominant under the Christmas tree.<\/p>","protected":false},"excerpt":{"rendered":"<p>Published by Fiala &amp; \u0160ebek<br \/>\nHardcover, format 22 \u00d7 31 cm, 276 pages<\/p>\n<p>Published as the III. publication in the \u010cZ Motorcycle Catalog series. A separate, comprehensive work that brings together all related aspects of scooters from Strakonice. The author has compiled the history into eight separate chapters: Koch Scooters, Development of \u010cezeta Scooters, Production, Athlete and World Traveler, Promotion, In Film, Technical Description, Jaroslav Franti\u0161ek Koch, Photographs, and the last, voluminous part is entitled Appendices. Many a long-time scooter owner and reader will find themselves in self-reflection and memories on the pages of the publication. A representative publication can be a joy in the form of a dominant under the Christmas tree.<\/p>","protected":false},"featured_media":13942,"template":"","meta":{"kt_blocks_editor_width":"","_kad_blocks_custom_css":"","_kad_blocks_head_custom_js":"","_kad_blocks_body_custom_js":"","_kad_blocks_footer_custom_js":""},"product_brand":[],"product_cat":[161,176,178],"product_tag":[],"class_list":{"0":"post-13941","1":"product","2":"type-product","3":"status-publish","4":"has-post-thumbnail","6":"product_cat-knihy","7":"product_cat-moto","8":"product_cat-osobnosti","10":"first","11":"instock","12":"sale","13":"taxable","14":"shipping-taxable","15":"purchasable","16":"product-type-simple"},"supplier_id":null,"supplier_sku":"","barcode":null,"atum_controlled":true,"out_stock_date":null,"out_stock_threshold":null,"inheritable":false,"inbound_stock":0,"stock_on_hold":0,"sold_today":0,"sales_last_days":0,"reserved_stock":0,"customer_returns":0,"warehouse_damage":0,"lost_in_post":0,"other_logs":0,"out_stock_days":0,"lost_sales":0,"has_location":false,"update_date":"2026-04-06T00:08:35","atum_locations":[],"atum_stock_status":"instock","restock_status":false,"low_stock_amount":"","sales_update_date":"2026-04-06T00:08:35","calc_backorders":null,"aioseo_notices":[],"taxonomy_info":{"product_cat":[{"value":161,"label":"Knihy"},{"value":176,"label":"Moto"},{"value":178,"label":"Osobnosti"}]},"featured_image_src_large":["https:\/\/www.motorjournal.cz\/wp-content\/uploads\/2019\/10\/Cezeta-a-skutry-Kusy-001-711x1024.jpg",711,1024,true],"author_info":[],"comment_info":"","_links":{"self":[{"href":"https:\/\/www.motorjournal.cz\/en\/wp-json\/wp\/v2\/product\/13941","targetHints":{"allow":["GET"]}}],"collection":[{"href":"https:\/\/www.motorjournal.cz\/en\/wp-json\/wp\/v2\/product"}],"about":[{"href":"https:\/\/www.motorjournal.cz\/en\/wp-json\/wp\/v2\/types\/product"}],"wp:featuredmedia":[{"embeddable":true,"href":"https:\/\/www.motorjournal.cz\/en\/wp-json\/wp\/v2\/media\/13942"}],"wp:attachment":[{"href":"https:\/\/www.motorjournal.cz\/en\/wp-json\/wp\/v2\/media?parent=13941"}],"wp:term":[{"taxonomy":"product_brand","embeddable":true,"href":"https:\/\/www.motorjournal.cz\/en\/wp-json\/wp\/v2\/product_brand?post=13941"},{"taxonomy":"product_cat","embeddable":true,"href":"https:\/\/www.motorjournal.cz\/en\/wp-json\/wp\/v2\/product_cat?post=13941"},{"taxonomy":"product_tag","embeddable":true,"href":"https:\/\/www.motorjournal.cz\/en\/wp-json\/wp\/v2\/product_tag?post=13941"}],"curies":[{"name":"wp","href":"https:\/\/api.w.org\/{rel}","templated":true}]}}