{"id":14729,"date":"2019-10-23T14:06:25","date_gmt":"2019-10-23T13:06:25","guid":{"rendered":"http:\/\/www.motorjournal.cz\/?post_type=product&#038;p=14729"},"modified":"2025-11-04T15:25:35","modified_gmt":"2025-11-04T14:25:35","slug":"motoristicka-musea-v-nemecku","status":"publish","type":"product","link":"https:\/\/www.motorjournal.cz\/en\/product\/motoristicka-musea-v-nemecku\/","title":{"rendered":"Motoring museums in Germany"},"content":{"rendered":"<p>Collection of catalogues and promotional materials of 23 German motoring museums, mainly from the first half of the 1980s<br \/>\n(Eine Sammlung von Katalogen und promotion-Materialien 23. Deutschen Fahrzeug Museen, die \u00fcbersicht aus der ersten H\u00e4lfte der 80. Jahre) :<br \/>\n1 Automobil-Veteranen-Salon J\u00fcrgen Viktor Mayr Gundelfingen\/Donau, 1982<br \/>\n2 Auto museum Bad Rothenfelde, 1983<br \/>\n3 Automuseum Schloss Langenburg, 1984<br \/>\n4 Auto Museum St\u00f6ry Bockenem<br \/>\n5 AutoMuseum Wolfsburg, 1985<br \/>\n6 Auto-Sammlung Heinz Vogel Aachen<br \/>\n7 Auto-Sammlung \u00d6hringen, 1985<br \/>\n8 Auto+Technik Museum Sinsheim, 1985<br \/>\n9 Daimler-Benz Museum<br \/>\n10 Deutsches Kleinwagenmuseum Guttenberg, 1986<br \/>\n11 Deutches Zweirad-Museum, NSU-Museum Neckarsulm,<br \/>\n12 Fahrzeug Museum Marxzell-Albtal<br \/>\n13 Fahrzeugmuseum Schloss Kremsegg, 1984<br \/>\n14 Kl\u00f6ckner-Humboldt-Deutz Motoren Museum K\u00f6ln<br \/>\n15 Motorrad Museum Ibbenb\u00fcren,<br \/>\n16 Motorr\u00e4der im Schloss Augustusburg, 1984<br \/>\n17 Motorsport Museum Hockenheimring, 1988<br \/>\n18 Museum f\u00fcr Verkehr und Technik Berlin, 1982<br \/>\n19 Norddeutches Auto Motorrad Technik Museum Bad Oeynhausen, 1983<br \/>\n20 Porsche Museum, 1997<br \/>\n21 Scuderia JSA Museum Adlkofen \u00fcber Landshut,<br \/>\n22 Siemens-Museum Munich, 1981<br \/>\n23 Dresden Traffic Museum, 1979<\/p>\n<p>Condition: very good<\/p>","protected":false},"excerpt":{"rendered":"<p>A collection of catalogues and promotional materials from the 23rd German motor museums, mainly from the first half of the 1980s: 1 Automobil-Veteranen-Salon J\u00fcrgen Viktor Mayr Gundelfingen\/Donau, 1982 2 Auto \u2026 <a class=\"kt-excerpt-readmore\" href=\"https:\/\/www.motorjournal.cz\/en\/product\/motoristicka-musea-v-nemecku\/\" aria-label=\"Motoring museums in Germany\">Full text<\/a><\/p>","protected":false},"featured_media":14730,"template":"","meta":{"kt_blocks_editor_width":"","_kad_blocks_custom_css":"","_kad_blocks_head_custom_js":"","_kad_blocks_body_custom_js":"","_kad_blocks_footer_custom_js":""},"product_brand":[],"product_cat":[317,349],"product_tag":[352,354,374,238,342,353,420,356,357,371],"class_list":{"0":"post-14729","1":"product","2":"type-product","3":"status-publish","4":"has-post-thumbnail","6":"product_cat-antikvariat","7":"product_cat-antikvariat-prospekty","8":"product_tag-automobily","9":"product_tag-citroen","10":"product_tag-daimler","11":"product_tag-fiat","12":"product_tag-mercedes-benz","13":"product_tag-motocykly","14":"product_tag-nsu","15":"product_tag-opel","16":"product_tag-renault","17":"product_tag-volkswagen","19":"first","20":"instock","21":"sale","22":"taxable","23":"shipping-taxable","24":"purchasable","25":"product-type-simple"},"supplier_id":null,"supplier_sku":"","barcode":null,"atum_controlled":false,"out_stock_date":null,"out_stock_threshold":null,"inheritable":false,"inbound_stock":0,"stock_on_hold":0,"sold_today":0,"sales_last_days":0,"reserved_stock":0,"customer_returns":0,"warehouse_damage":0,"lost_in_post":0,"other_logs":0,"out_stock_days":0,"lost_sales":0,"has_location":false,"update_date":"2026-04-05T00:06:52","atum_locations":[],"atum_stock_status":"instock","restock_status":false,"low_stock_amount":"","sales_update_date":"2026-04-05T00:06:52","calc_backorders":null,"aioseo_notices":[],"taxonomy_info":{"product_cat":[{"value":317,"label":"Antikvari\u00e1t"},{"value":349,"label":"Antikvari\u00e1t prospekty"}],"product_tag":[{"value":352,"label":"Automobily"},{"value":354,"label":"Citro\u00ebn"},{"value":374,"label":"Daimler"},{"value":238,"label":"Fiat"},{"value":342,"label":"Mercedes-Benz"},{"value":353,"label":"Motocykly"},{"value":420,"label":"NSU"},{"value":356,"label":"Opel"},{"value":357,"label":"Renault"},{"value":371,"label":"Volkswagen"}]},"featured_image_src_large":["https:\/\/www.motorjournal.cz\/wp-content\/uploads\/2019\/10\/A0298_museadeutch.jpeg",627,870,false],"author_info":[],"comment_info":"","_links":{"self":[{"href":"https:\/\/www.motorjournal.cz\/en\/wp-json\/wp\/v2\/product\/14729","targetHints":{"allow":["GET"]}}],"collection":[{"href":"https:\/\/www.motorjournal.cz\/en\/wp-json\/wp\/v2\/product"}],"about":[{"href":"https:\/\/www.motorjournal.cz\/en\/wp-json\/wp\/v2\/types\/product"}],"wp:featuredmedia":[{"embeddable":true,"href":"https:\/\/www.motorjournal.cz\/en\/wp-json\/wp\/v2\/media\/14730"}],"wp:attachment":[{"href":"https:\/\/www.motorjournal.cz\/en\/wp-json\/wp\/v2\/media?parent=14729"}],"wp:term":[{"taxonomy":"product_brand","embeddable":true,"href":"https:\/\/www.motorjournal.cz\/en\/wp-json\/wp\/v2\/product_brand?post=14729"},{"taxonomy":"product_cat","embeddable":true,"href":"https:\/\/www.motorjournal.cz\/en\/wp-json\/wp\/v2\/product_cat?post=14729"},{"taxonomy":"product_tag","embeddable":true,"href":"https:\/\/www.motorjournal.cz\/en\/wp-json\/wp\/v2\/product_tag?post=14729"}],"curies":[{"name":"wp","href":"https:\/\/api.w.org\/{rel}","templated":true}]}}