{"id":14957,"date":"2019-10-28T19:41:33","date_gmt":"2019-10-28T18:41:33","guid":{"rendered":"http:\/\/www.motorjournal.cz\/?post_type=product&#038;p=14957"},"modified":"2022-11-30T14:58:46","modified_gmt":"2022-11-30T13:58:46","slug":"motor-journal-2019-11","status":"publish","type":"product","link":"https:\/\/www.motorjournal.cz\/en\/product\/motor-journal-2019-11\/","title":{"rendered":"Motor Journal 11\/2019"},"content":{"rendered":"<p class=\"p1\"><b>Motor Journal 11<\/b> \u2013 the November issue is published on Friday, November 1, 2019. The cover page commemorates the Strakonice anniversary and invites you to read more interesting articles. The second page of the cover, next to the subscription for 2020, reminds you that we already have in stock the requested archive boxes that will enrich private archives. We follow the tried and tested patterns: an editorial with a photo of Bygone Times, followed by <b>Handful<\/b> <b>nails from the road<\/b> \u2013 this time, the key points from the autumn months of years ending in nines. After the unsuccessful aviation day, the birth dates of important personalities follow, design innovations, some of which have disappeared, races and long-distance car rides that we would exhibit as icons today, but also political events that influenced production, financial services and armaments throughout the world. The next few pages will remind you of the sporting and social events of the past month. You can find out how to drive a 1-mile hill regularly under the heading <b>Looking back at the 12th year of the Prague Festival<\/b> <b>Nobles<\/b>. How it went <b>Bugatti Festival 2012 at the &quot;Good Market&quot; in Bratislava<\/b>, is another report from the event. The following are book news \u2013 these are suitable tips for choosing a Christmas gift. <b>100 years of Czech<\/b> <b>weapons factory in Strakonice<\/b> is a personal confession from an expert whose entire productive life was taken up by motorcycles. Read the anniversary of the founding of the police force under the title <b>100 years<\/b> <b>traffic police in the Czech Republic<\/b>. You can read about the idea that Roger and Marta Emma Courteville implemented in 1926 in the article <b>The completely forgotten first crossing of South America by car<\/b>. A look into production and find out the news that has everyone in stitches \u2013 that&#039;s the content of the report <b>On<\/b> <b>visiting a specialist<\/b>, but be careful! The report ends with an advertisement We are looking for body builders!! An invitation to the National Agricultural Museum in Prague at Kosteln\u00ed invites you to the exposition for a thematic exhibition <b>Tractors in Prague<\/b>. And the author chose the same theme of tractors for the next part of the series. <b>Those who play don&#039;t get angry.<\/b> <b>IX.<\/b> A page with the title causes controversy among readers <b>The Last Hound<\/b>?<b> <\/b>Veteran Salon offers readers a typical monograph of the formula <b>Astra 2 Junior<\/b>, a special that appeared on the race track as early as 1957. Everything that was on display in the collections visited in Holland is captured under the title <b>Cycling expedition 2019 II<\/b>. His technique was excellent, always perfectly prepared, otherwise the list of his achievements would hardly be so extensive \u2013 it was <b>Ivan Mauger<\/b>. Porcelain dinner service with the Ferrari logo was also on offer alongside the beautiful cars.&nbsp;<b>RM Auctions at the Hershey Exchange<\/b>. Find out what interested parties chose from at the auction in Knokke Heist, Belgium, under the title <b>Bonhams in Belgium<\/b>. The calendar has modest content, advertisements, promotional offers of cars in higher price categories and an invitation to <a href=\"https:\/\/classicexpo.cz\/\" target=\"_blank\" rel=\"noopener noreferrer\">Glasurit Classic Expo in Prague<\/a> \u2013 that&#039;s the last page of the cover.<\/p>","protected":false},"excerpt":{"rendered":"<p>Vojtech M\u011b\u0161\u0165an 1942\u20132019<br \/>\nSuccessful XI. year of the Hol\u00ed\u010d Castle circuit<br \/>\nHarvest Festival in Skaln\u00e1 2019<br \/>\nLooking back at the 12th year of the Prague Noblesa<br \/>\nBugatti Festival 2019 at the &quot;Good Market&quot; in Bratislava<br \/>\nBook offer for motorists<br \/>\n100 years of \u010cesk\u00e1 zbrojovka in Strakonice<br \/>\n100 years of traffic police in Bohemia<br \/>\nRoger Courteville \u2013 the completely forgotten first crossing of South America by car<br \/>\nJim Stokes \u2013 visiting a specialist<br \/>\nTractors in Prague \u2013 National Agricultural Museum<br \/>\nHe who plays, does not get angry IX \u2013 Zetor 25<br \/>\nThe last Hound?<br \/>\nVeteransalon \u2013 Astra 2 Junior (1962) Formula 3<br \/>\nWheel reconnaissance expedition 2019 II.<br \/>\nIvan Mauger<br \/>\nRM Auctions at the Hershey Exchange<br \/>\nBonhams auction in Belgium<br \/>\nEvent calendar<br \/>\nCheap for sale<\/p>","protected":false},"featured_media":14935,"template":"","meta":{"kt_blocks_editor_width":"","_kad_blocks_custom_css":"","_kad_blocks_head_custom_js":"","_kad_blocks_body_custom_js":"","_kad_blocks_footer_custom_js":""},"product_brand":[],"product_cat":[338,162],"product_tag":[],"class_list":{"0":"post-14957","1":"product","2":"type-product","3":"status-publish","4":"has-post-thumbnail","6":"product_cat-338","7":"product_cat-casopisy","9":"first","10":"instock","11":"sale","12":"taxable","13":"shipping-taxable","14":"purchasable","15":"product-type-simple"},"supplier_id":null,"supplier_sku":"","barcode":null,"atum_controlled":true,"out_stock_date":null,"out_stock_threshold":null,"inheritable":false,"inbound_stock":0,"stock_on_hold":0,"sold_today":0,"sales_last_days":0,"reserved_stock":0,"customer_returns":0,"warehouse_damage":0,"lost_in_post":0,"other_logs":0,"out_stock_days":0,"lost_sales":0,"has_location":false,"update_date":"2026-04-05T00:06:47","atum_locations":[],"atum_stock_status":"instock","restock_status":false,"low_stock_amount":"","sales_update_date":"2026-04-05T00:06:47","calc_backorders":null,"aioseo_notices":[],"taxonomy_info":{"product_cat":[{"value":338,"label":"2019"},{"value":162,"label":"\u010casopisy"}]},"featured_image_src_large":["https:\/\/www.motorjournal.cz\/wp-content\/uploads\/2019\/10\/MJ_2019_11-1.jpg",595,841,false],"author_info":[],"comment_info":"","_links":{"self":[{"href":"https:\/\/www.motorjournal.cz\/en\/wp-json\/wp\/v2\/product\/14957","targetHints":{"allow":["GET"]}}],"collection":[{"href":"https:\/\/www.motorjournal.cz\/en\/wp-json\/wp\/v2\/product"}],"about":[{"href":"https:\/\/www.motorjournal.cz\/en\/wp-json\/wp\/v2\/types\/product"}],"wp:featuredmedia":[{"embeddable":true,"href":"https:\/\/www.motorjournal.cz\/en\/wp-json\/wp\/v2\/media\/14935"}],"wp:attachment":[{"href":"https:\/\/www.motorjournal.cz\/en\/wp-json\/wp\/v2\/media?parent=14957"}],"wp:term":[{"taxonomy":"product_brand","embeddable":true,"href":"https:\/\/www.motorjournal.cz\/en\/wp-json\/wp\/v2\/product_brand?post=14957"},{"taxonomy":"product_cat","embeddable":true,"href":"https:\/\/www.motorjournal.cz\/en\/wp-json\/wp\/v2\/product_cat?post=14957"},{"taxonomy":"product_tag","embeddable":true,"href":"https:\/\/www.motorjournal.cz\/en\/wp-json\/wp\/v2\/product_tag?post=14957"}],"curies":[{"name":"wp","href":"https:\/\/api.w.org\/{rel}","templated":true}]}}