{"id":17751,"date":"2019-12-21T19:37:33","date_gmt":"2019-12-21T18:37:33","guid":{"rendered":"http:\/\/www.motorjournal.cz\/?post_type=product&#038;p=17751"},"modified":"2025-09-11T10:40:32","modified_gmt":"2025-09-11T09:40:32","slug":"legendarni-skoda-100-110-a-jeji-sourozenci","status":"publish","type":"product","link":"https:\/\/www.motorjournal.cz\/en\/product\/legendarni-skoda-100-110-a-jeji-sourozenci\/","title":{"rendered":"The legendary \u0160koda 100\/110 and its siblings"},"content":{"rendered":"<p>Before Christmas, Grada Publishing published the book &quot;The Legendary \u0160koda 100\/110 and Its Siblings&quot;, authored by Jan Tu\u010dek, a regular collaborator of Motor Journal.<br \/>\nThis publication is primarily dedicated to the \u0160koda 100\/110 cars, of which more than a million were produced in Mlad\u00e1 Boleslav between 1969 and 1977.<br \/>\nIt also reminds us of their siblings: the popular &quot;bathtub&quot; \u0160koda 110 R from the Kvasiny plant, the unique sports car \u00daVMV 1100 GT from the Prague Institute for Motor Vehicle Research and the development study \u0160koda Super Sport subsequently rebuilt into a horror film star named Ferat. It also does not forget the buggies with components from the \u0160 100\/110 series built in Metalex and the parent car company, but also in Belgium and Italy.<br \/>\nOne of the chapters also maps the development and start-up of production of the \u0160koda 105\/120 cars, the last \u0160koda cars with a rear engine. There is also a colour gallery of period brochures.<br \/>\nThe book contains a total of 320 illustrations (photographs, drawings, X-ray drawings), of which 154 are in color.<\/p>","protected":false},"excerpt":{"rendered":"<p>GRADA Publishing<br \/>\nHardcover, format 21 \u00d7 25 cm, 152 pages<\/p>\n<p><span class=\"sx-text-light\">ISBN: <\/span><span id=\"isbn_mk\">978-80-247-3721-8<\/span><\/p>","protected":false},"featured_media":17752,"template":"","meta":{"kt_blocks_editor_width":"","_kad_blocks_custom_css":"","_kad_blocks_head_custom_js":"","_kad_blocks_body_custom_js":"","_kad_blocks_footer_custom_js":""},"product_brand":[],"product_cat":[175,161],"product_tag":[224,456],"class_list":{"0":"post-17751","1":"product","2":"type-product","3":"status-publish","4":"has-post-thumbnail","6":"product_cat-auto","7":"product_cat-knihy","8":"product_tag-skoda","9":"product_tag-skoda-100-110","11":"first","12":"instock","13":"sale","14":"taxable","15":"shipping-taxable","16":"purchasable","17":"product-type-simple"},"supplier_id":null,"supplier_sku":"","barcode":null,"atum_controlled":true,"out_stock_date":null,"out_stock_threshold":null,"inheritable":false,"inbound_stock":0,"stock_on_hold":0,"sold_today":0,"sales_last_days":0,"reserved_stock":0,"customer_returns":0,"warehouse_damage":0,"lost_in_post":0,"other_logs":0,"out_stock_days":0,"lost_sales":0,"has_location":false,"update_date":"2026-04-04T00:06:12","atum_locations":[],"atum_stock_status":"instock","restock_status":false,"low_stock_amount":"","sales_update_date":"2026-04-04T00:06:12","calc_backorders":null,"aioseo_notices":[],"taxonomy_info":{"product_cat":[{"value":175,"label":"Auto"},{"value":161,"label":"Knihy"}],"product_tag":[{"value":224,"label":"\u0160koda"},{"value":456,"label":"\u0160koda 100\/110"}]},"featured_image_src_large":["https:\/\/www.motorjournal.cz\/wp-content\/uploads\/2019\/12\/Skoda100110_obalka_JPG-850x1024.jpg",850,1024,true],"author_info":[],"comment_info":"","_links":{"self":[{"href":"https:\/\/www.motorjournal.cz\/en\/wp-json\/wp\/v2\/product\/17751","targetHints":{"allow":["GET"]}}],"collection":[{"href":"https:\/\/www.motorjournal.cz\/en\/wp-json\/wp\/v2\/product"}],"about":[{"href":"https:\/\/www.motorjournal.cz\/en\/wp-json\/wp\/v2\/types\/product"}],"wp:featuredmedia":[{"embeddable":true,"href":"https:\/\/www.motorjournal.cz\/en\/wp-json\/wp\/v2\/media\/17752"}],"wp:attachment":[{"href":"https:\/\/www.motorjournal.cz\/en\/wp-json\/wp\/v2\/media?parent=17751"}],"wp:term":[{"taxonomy":"product_brand","embeddable":true,"href":"https:\/\/www.motorjournal.cz\/en\/wp-json\/wp\/v2\/product_brand?post=17751"},{"taxonomy":"product_cat","embeddable":true,"href":"https:\/\/www.motorjournal.cz\/en\/wp-json\/wp\/v2\/product_cat?post=17751"},{"taxonomy":"product_tag","embeddable":true,"href":"https:\/\/www.motorjournal.cz\/en\/wp-json\/wp\/v2\/product_tag?post=17751"}],"curies":[{"name":"wp","href":"https:\/\/api.w.org\/{rel}","templated":true}]}}