{"id":1789,"date":"2017-02-14T11:44:01","date_gmt":"2017-02-14T10:44:01","guid":{"rendered":"http:\/\/www2.motorjournal.cz\/?post_type=product&#038;p=1789"},"modified":"2026-01-15T17:12:50","modified_gmt":"2026-01-15T16:12:50","slug":"kucharka-elisky-junkove","status":"publish","type":"product","link":"https:\/\/www.motorjournal.cz\/en\/product\/kucharka-elisky-junkove\/","title":{"rendered":"Cookbook by Eli\u0161ka Junkov\u00e1, Kl\u00e1ra Cincibuchov\u00e1 and Jaroslava Adamov\u00e1"},"content":{"rendered":"<p>Eli\u0161ka Junkov\u00e1 as we don&#039;t know her! Taste buds are properly activated by the content divided into four separate sections: appetizers, soups, main courses and desserts. Between each course there is always a double page of copies taken from the original photographs from Mrs. Eli\u0161ka&#039;s family album. Color photographs of the finished dish are supplemented on each page with brief, concise instructions on how to gradually process the ingredients. A motorist doesn&#039;t just live on gasoline - and what&#039;s more, Mrs. Eli\u0161ka moved among men and knew what makes a success on a plate. Thank your partner for their year-round care with a nice book under the Christmas tree.<\/p>\n<p>Self-published by Petr Cincibuch, hardcover, format 17 x 23.5 cm, 110 pages.<\/p>\n<p><span style=\"color: #000000;\">ISBN 978-80-905315-0-5.<\/span><\/p>","protected":false},"excerpt":{"rendered":"<p>Eli\u0161ka Junkov\u00e1 as we don&#039;t know her! Taste buds are properly activated by the content divided into four separate sections: appetizers, soups, main courses and desserts. Between each course there is always a double page of copies taken from the original photographs from Mrs. Eli\u0161ka&#039;s family album. Color photographs of the finished dish are supplemented on each page with brief, concise instructions on how to gradually process the ingredients. A motorist doesn&#039;t just live on gasoline - and what&#039;s more, Mrs. Eli\u0161ka moved among men and knew what makes a success on a plate. Thank your partner for their year-round care with a nice book under the Christmas tree.<\/p>","protected":false},"featured_media":1814,"template":"","meta":{"kt_blocks_editor_width":"","_kad_blocks_custom_css":"","_kad_blocks_head_custom_js":"","_kad_blocks_body_custom_js":"","_kad_blocks_footer_custom_js":""},"product_brand":[],"product_cat":[161,178,171],"product_tag":[172,173,174,252],"class_list":{"0":"post-1789","1":"product","2":"type-product","3":"status-publish","4":"has-post-thumbnail","6":"product_cat-knihy","7":"product_cat-osobnosti","8":"product_cat-ostatni","9":"product_tag-eliska-junkova","10":"product_tag-kucharka","11":"product_tag-recepty","12":"product_tag-zeny","14":"first","15":"instock","16":"sale","17":"taxable","18":"shipping-taxable","19":"purchasable","20":"product-type-simple"},"supplier_id":null,"supplier_sku":"","barcode":null,"atum_controlled":true,"out_stock_date":null,"out_stock_threshold":null,"inheritable":false,"inbound_stock":0,"stock_on_hold":0,"sold_today":0,"sales_last_days":0,"reserved_stock":0,"customer_returns":0,"warehouse_damage":0,"lost_in_post":0,"other_logs":0,"out_stock_days":0,"lost_sales":0,"has_location":false,"update_date":"2026-04-04T00:06:45","atum_locations":[],"atum_stock_status":"instock","restock_status":false,"low_stock_amount":0,"sales_update_date":"2026-04-04T00:06:45","calc_backorders":null,"aioseo_notices":[],"taxonomy_info":{"product_cat":[{"value":161,"label":"Knihy"},{"value":178,"label":"Osobnosti"},{"value":171,"label":"Ostatn\u00ed"}],"product_tag":[{"value":172,"label":"Eli\u0161ka Junkov\u00e1"},{"value":173,"label":"Kucha\u0159ka"},{"value":174,"label":"recepty"},{"value":252,"label":"\u017deny"}]},"featured_image_src_large":["https:\/\/www.motorjournal.cz\/wp-content\/uploads\/2017\/02\/Kucharka-Elisky-Junkove-eshop.jpg",591,815,false],"author_info":[],"comment_info":"","_links":{"self":[{"href":"https:\/\/www.motorjournal.cz\/en\/wp-json\/wp\/v2\/product\/1789","targetHints":{"allow":["GET"]}}],"collection":[{"href":"https:\/\/www.motorjournal.cz\/en\/wp-json\/wp\/v2\/product"}],"about":[{"href":"https:\/\/www.motorjournal.cz\/en\/wp-json\/wp\/v2\/types\/product"}],"wp:featuredmedia":[{"embeddable":true,"href":"https:\/\/www.motorjournal.cz\/en\/wp-json\/wp\/v2\/media\/1814"}],"wp:attachment":[{"href":"https:\/\/www.motorjournal.cz\/en\/wp-json\/wp\/v2\/media?parent=1789"}],"wp:term":[{"taxonomy":"product_brand","embeddable":true,"href":"https:\/\/www.motorjournal.cz\/en\/wp-json\/wp\/v2\/product_brand?post=1789"},{"taxonomy":"product_cat","embeddable":true,"href":"https:\/\/www.motorjournal.cz\/en\/wp-json\/wp\/v2\/product_cat?post=1789"},{"taxonomy":"product_tag","embeddable":true,"href":"https:\/\/www.motorjournal.cz\/en\/wp-json\/wp\/v2\/product_tag?post=1789"}],"curies":[{"name":"wp","href":"https:\/\/api.w.org\/{rel}","templated":true}]}}