{"id":18124,"date":"2020-01-01T10:21:40","date_gmt":"2020-01-01T09:21:40","guid":{"rendered":"http:\/\/www.motorjournal.cz\/?post_type=product&#038;p=18124"},"modified":"2022-11-30T14:57:09","modified_gmt":"2022-11-30T13:57:09","slug":"motor-journal-2020-01","status":"publish","type":"product","link":"https:\/\/www.motorjournal.cz\/en\/product\/motor-journal-2020-01\/","title":{"rendered":"Motor Journal 1\/2020"},"content":{"rendered":"<p class=\"p1\">January <b>Motor Journal<\/b>, the first of 2020, volume XX, the 213th issue, is published on Friday, January 3, 2020. The cover page with the Z4 convertible, combined with an original period photograph of another car from Brno&#039;s Zbrojovka, the Tatra T 138\/500 HB bus, Miroslav Kudrn\u00e1\u010d at full speed, as well as a glimpse into the exhibition of the Technical Museum in Prague are only the suggested topics tempting readers. After&nbsp;<b>Editorial<\/b> and period photographs from <b>Of bygone times<\/b> the well-known mosaic follows <b>A handful of nails from the road<\/b> with dates of events that need to be remembered. And because it is necessary to inform the veteran public, the news is under the heading <b>The end of the veteran movement in the Czech Republic?<\/b>. In the section <b>You have the floor.<\/b> is a greeting from friends from Michalovce, a small personal memory of Kamil Lhot\u00e1k and a copy from the period press about Eli\u0161ka Junkov\u00e1&#039;s visit to Brno. The offer of new books will remind you of unfulfilled Christmas wishes. A well-founded author in the category of commercial vehicles and buses has prepared an article <b>Tatra T 138\/500 HB<\/b>. On Kosteln\u00ed Street in Prague, the footsteps of fans will lead to the exhibition of the Technical Museum <b>Two unique exhibitions at NTM Prague<\/b>. An active cyclist-witness, under the careful guidance of the author of the Bicycle Science Expeditions, together prepared a technical masterpiece \u2013 <b>Racing behind motor drivers, or Tatra 111 on a cycle track<\/b>. The next five pages will reveal who she was. <b>Violette Cordery.<\/b> For a report from the traditional parade of merchants and clubs, complete with an auction, please see the heading <b>Classic Expo Salzburg in pictures<\/b>. <b>V<\/b> <b>Ho\u0159ice has been continuously racing for 60 years<\/b> \u2013 is a reminder of a rich tradition. Like a fulfilled wish from my boyhood, the tuneful confession from a visit to Italy \u2013 <b>Monza historical<\/b>. <b>Veteran salon<\/b> with the name <b>Zbrojovka Z4 &quot;Dostal&quot; convertible by Nina Burianov\u00e1<\/b> will present some body variations and introduce the addition to the exhibition at the Olomouc Veteran Arena. The range of cars on offer was wide.&nbsp;<b>auction<\/b> <b>Brightwells<\/b>. For almost sixty years, a curve in Ho\u0159ice has been named after the jubilee \u2013 read <b>Miroslav Kudrna\u010d \u2013 90 years old<\/b>. What has been the history of road racing in the town of Nepomuk so far? Look under the heading <b>Nepomuk Triangle<\/b>. A full-page invitation to the JAWA Phenomenon exhibition at NTM Prague precedes the advertisement, a complete list of offered literature, and an invitation to Brno Revival in June 2020.<\/p>","protected":false},"excerpt":{"rendered":"<p>The end of the veteran movement in the Czech Republic?<br \/>\nLeaf plant<br \/>\nBook offer for motorists<br \/>\nTatra T 138\/500 HB<br \/>\nTwo unique exhibitions at NTM Prague \u2013 The Jawa Phenomenon and V\u00e1clav Kas\u00edk<br \/>\nRacing behind motor drivers or Tatra 111 on a cycle track<br \/>\nViolette Cordery<br \/>\nClassic Expo Salzburg in pictures<br \/>\nRacing has been taking place continuously in Ho\u0159ice for 60 years!<br \/>\nMonza historical<br \/>\nVeteran Salon \u2013 Zbrojovka Z4 \u201eDost\u00e1l\u201c \u2013 Nina Burianov\u00e1\u2019s convertible<br \/>\nBrightwells Auctions<br \/>\nMiroslav Kudrna\u010d \u2013 90 years old<br \/>\nNepomuk Triangle<br \/>\nEvent calendar<br \/>\nCheap for sale<\/p>","protected":false},"featured_media":18106,"template":"","meta":{"kt_blocks_editor_width":"","_kad_blocks_custom_css":"","_kad_blocks_head_custom_js":"","_kad_blocks_body_custom_js":"","_kad_blocks_footer_custom_js":""},"product_brand":[],"product_cat":[457,162],"product_tag":[],"class_list":{"0":"post-18124","1":"product","2":"type-product","3":"status-publish","4":"has-post-thumbnail","6":"product_cat-457","7":"product_cat-casopisy","9":"first","10":"instock","11":"sale","12":"taxable","13":"shipping-taxable","14":"purchasable","15":"product-type-simple"},"supplier_id":null,"supplier_sku":"","barcode":null,"atum_controlled":true,"out_stock_date":null,"out_stock_threshold":null,"inheritable":false,"inbound_stock":0,"stock_on_hold":0,"sold_today":0,"sales_last_days":0,"reserved_stock":0,"customer_returns":0,"warehouse_damage":0,"lost_in_post":0,"other_logs":0,"out_stock_days":0,"lost_sales":0,"has_location":false,"update_date":"2026-04-04T00:06:20","atum_locations":[],"atum_stock_status":"instock","restock_status":false,"low_stock_amount":"","sales_update_date":"2026-04-04T00:06:20","calc_backorders":null,"aioseo_notices":[],"taxonomy_info":{"product_cat":[{"value":457,"label":"2020"},{"value":162,"label":"\u010casopisy"}]},"featured_image_src_large":["https:\/\/www.motorjournal.cz\/wp-content\/uploads\/2020\/01\/MJ_2020_01-1.jpg",595,841,false],"author_info":[],"comment_info":"","_links":{"self":[{"href":"https:\/\/www.motorjournal.cz\/en\/wp-json\/wp\/v2\/product\/18124","targetHints":{"allow":["GET"]}}],"collection":[{"href":"https:\/\/www.motorjournal.cz\/en\/wp-json\/wp\/v2\/product"}],"about":[{"href":"https:\/\/www.motorjournal.cz\/en\/wp-json\/wp\/v2\/types\/product"}],"wp:featuredmedia":[{"embeddable":true,"href":"https:\/\/www.motorjournal.cz\/en\/wp-json\/wp\/v2\/media\/18106"}],"wp:attachment":[{"href":"https:\/\/www.motorjournal.cz\/en\/wp-json\/wp\/v2\/media?parent=18124"}],"wp:term":[{"taxonomy":"product_brand","embeddable":true,"href":"https:\/\/www.motorjournal.cz\/en\/wp-json\/wp\/v2\/product_brand?post=18124"},{"taxonomy":"product_cat","embeddable":true,"href":"https:\/\/www.motorjournal.cz\/en\/wp-json\/wp\/v2\/product_cat?post=18124"},{"taxonomy":"product_tag","embeddable":true,"href":"https:\/\/www.motorjournal.cz\/en\/wp-json\/wp\/v2\/product_tag?post=18124"}],"curies":[{"name":"wp","href":"https:\/\/api.w.org\/{rel}","templated":true}]}}