{"id":2116,"date":"2017-03-15T14:54:27","date_gmt":"2017-03-15T13:54:27","guid":{"rendered":"http:\/\/www2.motorjournal.cz\/?post_type=product&#038;p=2116"},"modified":"2025-09-10T14:53:08","modified_gmt":"2025-09-10T13:53:08","slug":"auta-vychodniho-bloku","status":"publish","type":"product","link":"https:\/\/www.motorjournal.cz\/en\/product\/auta-vychodniho-bloku\/","title":{"rendered":"Cars of the Eastern Bloc, Jan Tu\u010dek"},"content":{"rendered":"<p>\u0160koda, Tatra, Trabant, Wartburg, Polski Fiat, Dacia, Oltcit, Moskvich, Lada, Volga and other brands were an integral part of the pre-November era. Sometimes we turned our noses up at them and longed for something better. However, most of us had no choice. Today we can laugh about it, but we should not forget. Not only about that time, but also about the cars we drove back then.<\/p>\n<p><span class=\"Apple-style-span\">Nakladatelstv\u00ed Grada, pevn\u00e1 vazba, rozm\u011bry 21 x 25\u00a0cm, 292 stran.<\/span><\/p>\n<p>ISBN\u00a0978-80-247-2585-7.<\/p>","protected":false},"excerpt":{"rendered":"<p>\u0160koda, Tatra, Trabant, Wartburg, Polski Fiat, Dacia, Oltcit, Moskvich, Lada, Volga and other brands were an integral part of the pre-November era. Sometimes we turned our noses up at them and longed for something better. However, most of us had no choice. Today we can laugh about it, but we should not forget. Not only about that time, but also about the cars we drove back then.<\/p>","protected":false},"featured_media":2117,"template":"","meta":{"kt_blocks_editor_width":"","_kad_blocks_custom_css":"","_kad_blocks_head_custom_js":"","_kad_blocks_body_custom_js":"","_kad_blocks_footer_custom_js":""},"product_brand":[],"product_cat":[175,161],"product_tag":[250,224,219,249,251],"class_list":{"0":"post-2116","1":"product","2":"type-product","3":"status-publish","4":"has-post-thumbnail","6":"product_cat-auto","7":"product_cat-knihy","8":"product_tag-lada","9":"product_tag-skoda","10":"product_tag-tatra","11":"product_tag-trabant","12":"product_tag-volga","14":"first","15":"instock","16":"sale","17":"taxable","18":"shipping-taxable","19":"purchasable","20":"product-type-simple"},"supplier_id":null,"supplier_sku":"","barcode":null,"atum_controlled":true,"out_stock_date":null,"out_stock_threshold":null,"inheritable":false,"inbound_stock":0,"stock_on_hold":0,"sold_today":0,"sales_last_days":0,"reserved_stock":0,"customer_returns":0,"warehouse_damage":0,"lost_in_post":0,"other_logs":0,"out_stock_days":0,"lost_sales":0,"has_location":false,"update_date":"2026-04-04T00:06:31","atum_locations":[],"atum_stock_status":"instock","restock_status":false,"low_stock_amount":0,"sales_update_date":"2026-04-04T00:06:31","calc_backorders":null,"aioseo_notices":[],"taxonomy_info":{"product_cat":[{"value":175,"label":"Auto"},{"value":161,"label":"Knihy"}],"product_tag":[{"value":250,"label":"Lada"},{"value":224,"label":"\u0160koda"},{"value":219,"label":"Tatra"},{"value":249,"label":"Trabant"},{"value":251,"label":"Volga"}]},"featured_image_src_large":["https:\/\/www.motorjournal.cz\/wp-content\/uploads\/2017\/03\/10-auta-soc-statu-857x1024.jpg",857,1024,true],"author_info":[],"comment_info":"","_links":{"self":[{"href":"https:\/\/www.motorjournal.cz\/en\/wp-json\/wp\/v2\/product\/2116","targetHints":{"allow":["GET"]}}],"collection":[{"href":"https:\/\/www.motorjournal.cz\/en\/wp-json\/wp\/v2\/product"}],"about":[{"href":"https:\/\/www.motorjournal.cz\/en\/wp-json\/wp\/v2\/types\/product"}],"wp:featuredmedia":[{"embeddable":true,"href":"https:\/\/www.motorjournal.cz\/en\/wp-json\/wp\/v2\/media\/2117"}],"wp:attachment":[{"href":"https:\/\/www.motorjournal.cz\/en\/wp-json\/wp\/v2\/media?parent=2116"}],"wp:term":[{"taxonomy":"product_brand","embeddable":true,"href":"https:\/\/www.motorjournal.cz\/en\/wp-json\/wp\/v2\/product_brand?post=2116"},{"taxonomy":"product_cat","embeddable":true,"href":"https:\/\/www.motorjournal.cz\/en\/wp-json\/wp\/v2\/product_cat?post=2116"},{"taxonomy":"product_tag","embeddable":true,"href":"https:\/\/www.motorjournal.cz\/en\/wp-json\/wp\/v2\/product_tag?post=2116"}],"curies":[{"name":"wp","href":"https:\/\/api.w.org\/{rel}","templated":true}]}}