{"id":2144,"date":"2017-03-15T16:29:04","date_gmt":"2017-03-15T15:29:04","guid":{"rendered":"http:\/\/www2.motorjournal.cz\/?post_type=product&#038;p=2144"},"modified":"2025-09-10T14:58:55","modified_gmt":"2025-09-10T13:58:55","slug":"tatra-805","status":"publish","type":"product","link":"https:\/\/www.motorjournal.cz\/en\/product\/tatra-805\/","title":{"rendered":"Tatra 805: history, tactical-technical data, modifications, Ji\u0159\u00ed Fr\u00fdba"},"content":{"rendered":"<p>The Tatra 805 light truck was developed in the early 1950s \u2013 at a time when the whole of Europe was slowly recovering from the consequences of World War II. The first pages will acquaint readers with the then level of motorization of our army, which primarily initiated the need for a mobile 1.5-ton vehicle. In addition to the basic versions of the flatbed and box, other single-purpose superstructures were built on the existing chassis to perform specific army tasks. The comprehensive text will explain to readers what individual designations such as \u0160\u00e1rka, Jarmila, Ezop, Mozek, T\u0159inec and Ned\u011ble meant. The difficult-to-understand delimitations and transfers of the final assemblies of the T 805 between production plants are still evidence of \u201eplanned\u201c mistakes. Previously unpublished photographs, clearly arranged technical tables and drawings will remind witnesses of the \u201eeight hundred and five\u201c from common army and civilian versions to unknown prototypes. The publication will help readers of younger generations understand technical possibilities in the context of the time.<\/p>\n<p>Grada Publishing House, hardcover, format 22 x 17 cm, 192 pages.<\/p>\n<p>ISBN 978-80-247-5201-3.<\/p>","protected":false},"excerpt":{"rendered":"<p>The Tatra 805 light truck was developed in the early 1950s \u2013 at a time when the whole of Europe was slowly recovering from the consequences of World War II. The first pages will acquaint readers with the then level of motorization of our army, which primarily initiated the need for a mobile 1.5-ton vehicle. In addition to the basic versions of the flatbed and box, other single-purpose superstructures were built on the existing chassis to perform specific army tasks. The comprehensive text will explain to readers what individual designations such as \u0160\u00e1rka, Jarmila, Ezop, Mozek, T\u0159inec and Ned\u011ble meant. The difficult-to-understand delimitations and transfers of the final assemblies of the T 805 between production plants are still evidence of \u201eplanned\u201c mistakes. Previously unpublished photographs, clearly arranged technical tables and drawings will remind witnesses of the \u201eeight hundred and five\u201c from common army and civilian versions to unknown prototypes. The publication will help readers of younger generations understand technical possibilities in the context of the time.<\/p>","protected":false},"featured_media":2145,"template":"","meta":{"kt_blocks_editor_width":"","_kad_blocks_custom_css":"","_kad_blocks_head_custom_js":"","_kad_blocks_body_custom_js":"","_kad_blocks_footer_custom_js":""},"product_brand":[],"product_cat":[175,161],"product_tag":[219],"class_list":{"0":"post-2144","1":"product","2":"type-product","3":"status-publish","4":"has-post-thumbnail","6":"product_cat-auto","7":"product_cat-knihy","8":"product_tag-tatra","10":"first","11":"instock","12":"sale","13":"taxable","14":"shipping-taxable","15":"purchasable","16":"product-type-simple"},"supplier_id":null,"supplier_sku":"","barcode":null,"atum_controlled":true,"out_stock_date":"2024-10-15 15:17:27","out_stock_threshold":null,"inheritable":false,"inbound_stock":0,"stock_on_hold":0,"sold_today":0,"sales_last_days":0,"reserved_stock":0,"customer_returns":0,"warehouse_damage":0,"lost_in_post":0,"other_logs":0,"out_stock_days":536,"lost_sales":30552,"has_location":false,"update_date":"2026-04-05T00:06:36","atum_locations":[],"atum_stock_status":"instock","restock_status":false,"low_stock_amount":0,"sales_update_date":"2026-04-05T00:06:36","calc_backorders":null,"aioseo_notices":[],"taxonomy_info":{"product_cat":[{"value":175,"label":"Auto"},{"value":161,"label":"Knihy"}],"product_tag":[{"value":219,"label":"Tatra"}]},"featured_image_src_large":["https:\/\/www.motorjournal.cz\/wp-content\/uploads\/2017\/03\/Tatra-805-Grada-tisk-1024x765.jpg",1024,765,true],"author_info":[],"comment_info":"","_links":{"self":[{"href":"https:\/\/www.motorjournal.cz\/en\/wp-json\/wp\/v2\/product\/2144","targetHints":{"allow":["GET"]}}],"collection":[{"href":"https:\/\/www.motorjournal.cz\/en\/wp-json\/wp\/v2\/product"}],"about":[{"href":"https:\/\/www.motorjournal.cz\/en\/wp-json\/wp\/v2\/types\/product"}],"wp:featuredmedia":[{"embeddable":true,"href":"https:\/\/www.motorjournal.cz\/en\/wp-json\/wp\/v2\/media\/2145"}],"wp:attachment":[{"href":"https:\/\/www.motorjournal.cz\/en\/wp-json\/wp\/v2\/media?parent=2144"}],"wp:term":[{"taxonomy":"product_brand","embeddable":true,"href":"https:\/\/www.motorjournal.cz\/en\/wp-json\/wp\/v2\/product_brand?post=2144"},{"taxonomy":"product_cat","embeddable":true,"href":"https:\/\/www.motorjournal.cz\/en\/wp-json\/wp\/v2\/product_cat?post=2144"},{"taxonomy":"product_tag","embeddable":true,"href":"https:\/\/www.motorjournal.cz\/en\/wp-json\/wp\/v2\/product_tag?post=2144"}],"curies":[{"name":"wp","href":"https:\/\/api.w.org\/{rel}","templated":true}]}}