{"id":21576,"date":"2020-07-06T20:06:34","date_gmt":"2020-07-06T19:06:34","guid":{"rendered":"https:\/\/www.motorjournal.cz\/?post_type=product&#038;p=21576"},"modified":"2022-11-30T14:56:13","modified_gmt":"2022-11-30T13:56:13","slug":"motor-journal-2020-07","status":"publish","type":"product","link":"https:\/\/www.motorjournal.cz\/en\/product\/motor-journal-2020-07\/","title":{"rendered":"Motor Journal 7\/2020"},"content":{"rendered":"<p><b>Motor Journal<\/b> Issue 7\/2020 is published on Friday, July 10. The cover page will recall the wonderful atmosphere at this year&#039;s one-day Revival. Historically interesting articles are modestly commemorated with concise photographs of minimal dimensions. After the editorial and a photo from the collection <b>Faded<\/b> <b>times<\/b> the period almanac begins <b>A handful of nails from the road<\/b>. This time it is a selection of events that took place in our country and abroad in the month of July starting in 1910. <b>You have the floor.<\/b> \u2013 is a regular readers&#039; column. This time, a long-time reader reflects on inappropriate outerwear worn by &quot;period&quot; owners and escorts of historic vehicles at events. <b>Trolleybuses in the Czech and Slovak Republics<\/b> <b>in the republic and in the world<\/b> is a presentation of a new book from the GRADA publishing house. The offer of books for motorists is preceded by a significant event, which was <b>World Exhibition in Paris<\/b>. For the upcoming holiday and vacation season, a proven author has prepared <b>Postcard with gasoline<\/b> <b>soaked XXIII<\/b>. An exhibition opened at the Museum of Racing Motorcycles in Ho\u0159ice with the new season. <b>The immortal two-stroke on race tracks<\/b>. Read the article to find out what has been added to the former starting pits on the original Brno Grand Prix track. <b>The old depot has a new look<\/b>. Find the current report from the one-day event at the Brno Exhibition Center under the heading<b> Brno Revival 2020<\/b>. An editorial colleague observed and recorded how it was going <b>Professional fender production<\/b>. You can find out about the history of the production of the DuPont product range on the pages under the heading <b>Colors and firepower<\/b> <b>dust<\/b>. An interesting history of the development and production of the legendary car was prepared by a senior expert, read<b> Willys Jeep \u2013 the most famous army vehicle<\/b>.<b> <\/b>We bring you an extensive text with period photographs about another structurally interesting motorcycle from the Jawa brand - <b>Jawa &quot;Mizam&quot;\u201e<\/b>. Veter\u00e1nsalon brings technical information about the new two-wheeled vehicle from the 1936 Prague Motor Show \u2013<b> <\/b>get to know:<b> Engine<\/b> <b>Hartmann X system<\/b>. How successful was this year&#039;s meeting of &quot;half-liter&quot; owners? Read under the heading <b>I retract what I retracted!<\/b> An expert in motorcycle disciplines prepared a memoir about a motocross personality, or <b>Vlastimil Valek<\/b>. Customers spent incredible amounts at RM Sotheby&#039;s first online auction \u2013 find out what vehicles were in demand in the article <b>The most expensive was a new Porsche in<\/b> <b>limited edition<\/b>. The ride of world competitors through our republic with a stage near T\u0159eb\u00ed\u010d \u2013 these are beautiful memories under the title <b>London\u2013Sydney Marathon 2000<\/b>. Years spent on road lines<b> <\/b>motorcycle races prepared by the &quot;walking archive&quot; from Ostrava under the title<b> Jaroslav Marek,<\/b> <b>President and retired railway worker<\/b>. Advertisements, purchases, sales, service offers, a full-page selection of books, a large selection of historic vehicles precedes the full-page information on this year&#039;s 1000 Czechoslovak Miles.<\/p>","protected":false},"excerpt":{"rendered":"<p>Leaf plant<br \/>\nNew books: Trolleybuses in the Czech and Slovak Republics and around the world<br \/>\nBook offer for motorists<br \/>\nWorld Exhibition in Paris 1900<br \/>\nPostcard soaked in gasoline XXIII.<br \/>\nImmortal two-stroke on race tracks \u2013 Czech Road Racing Museum Ho\u0159ice<br \/>\nThe old depot has a new look \u2013 Motor Journal was there<br \/>\nBrno Revival 2020<br \/>\nProfessional fender production \u2013 MotoReno<br \/>\nPaints and gunpowder<br \/>\nWillys Jeep, the most famous army vehicle<br \/>\nJawa &quot;Mizam&quot;\u201e<br \/>\nVeteransalon \u2013 Engine X system Hartmann<br \/>\nI retract what I retracted! XI. Jawa 500 OHC meeting<br \/>\nVlastimil Valek<br \/>\nRM Sotheby&#039;s Auction - The most expensive was a new limited edition Porsche<br \/>\nLondon\u2013Sydney Marathon 2000<br \/>\nJaroslav Marek, president and retired railway worker<br \/>\nCheap for sale<\/p>","protected":false},"featured_media":21555,"template":"","meta":{"kt_blocks_editor_width":"","_kad_blocks_custom_css":"","_kad_blocks_head_custom_js":"","_kad_blocks_body_custom_js":"","_kad_blocks_footer_custom_js":""},"product_brand":[],"product_cat":[457,162],"product_tag":[],"class_list":{"0":"post-21576","1":"product","2":"type-product","3":"status-publish","4":"has-post-thumbnail","6":"product_cat-457","7":"product_cat-casopisy","9":"first","10":"instock","11":"sale","12":"taxable","13":"shipping-taxable","14":"purchasable","15":"product-type-simple"},"supplier_id":null,"supplier_sku":"","barcode":null,"atum_controlled":true,"out_stock_date":null,"out_stock_threshold":null,"inheritable":false,"inbound_stock":0,"stock_on_hold":0,"sold_today":0,"sales_last_days":0,"reserved_stock":0,"customer_returns":0,"warehouse_damage":0,"lost_in_post":0,"other_logs":0,"out_stock_days":0,"lost_sales":0,"has_location":false,"update_date":"2026-04-04T00:05:21","atum_locations":[],"atum_stock_status":"instock","restock_status":false,"low_stock_amount":"","sales_update_date":"2026-04-04T00:05:20","calc_backorders":null,"aioseo_notices":[],"taxonomy_info":{"product_cat":[{"value":457,"label":"2020"},{"value":162,"label":"\u010casopisy"}]},"featured_image_src_large":["https:\/\/www.motorjournal.cz\/wp-content\/uploads\/2020\/07\/MJ_2020_07-1.jpg",595,841,false],"author_info":[],"comment_info":"","_links":{"self":[{"href":"https:\/\/www.motorjournal.cz\/en\/wp-json\/wp\/v2\/product\/21576","targetHints":{"allow":["GET"]}}],"collection":[{"href":"https:\/\/www.motorjournal.cz\/en\/wp-json\/wp\/v2\/product"}],"about":[{"href":"https:\/\/www.motorjournal.cz\/en\/wp-json\/wp\/v2\/types\/product"}],"wp:featuredmedia":[{"embeddable":true,"href":"https:\/\/www.motorjournal.cz\/en\/wp-json\/wp\/v2\/media\/21555"}],"wp:attachment":[{"href":"https:\/\/www.motorjournal.cz\/en\/wp-json\/wp\/v2\/media?parent=21576"}],"wp:term":[{"taxonomy":"product_brand","embeddable":true,"href":"https:\/\/www.motorjournal.cz\/en\/wp-json\/wp\/v2\/product_brand?post=21576"},{"taxonomy":"product_cat","embeddable":true,"href":"https:\/\/www.motorjournal.cz\/en\/wp-json\/wp\/v2\/product_cat?post=21576"},{"taxonomy":"product_tag","embeddable":true,"href":"https:\/\/www.motorjournal.cz\/en\/wp-json\/wp\/v2\/product_tag?post=21576"}],"curies":[{"name":"wp","href":"https:\/\/api.w.org\/{rel}","templated":true}]}}