{"id":2162,"date":"2017-03-20T15:07:42","date_gmt":"2017-03-20T14:07:42","guid":{"rendered":"http:\/\/www2.motorjournal.cz\/?post_type=product&#038;p=2162"},"modified":"2025-09-11T10:39:28","modified_gmt":"2025-09-11T09:39:28","slug":"jawa-californian","status":"publish","type":"product","link":"https:\/\/www.motorjournal.cz\/en\/product\/jawa-californian\/","title":{"rendered":"Jawa Californian \u2013 history, development, technology, renovation \u2013 2nd expanded edition, Ji\u0159\u00ed Bartu\u0161"},"content":{"rendered":"<p>The publication deals with a short period of Jawa motorcycle production, in which it achieved success on world markets with its Californian model. The fact that the motorcycles were, with some exceptions, intended only for sale to foreign customers, primarily from the USA, has cast the Jawa Californian motorcycles under a certain veil of mystery. Those interested in the history of Czechoslovak motorcycle production, owners and fans of the Jawa brand will find in it a detailed mapping of the technology of these motorcycles, including detailed descriptions of all produced versions.<br \/>\nThe second edition of the successful publication is expanded with three chapters, namely on police motorcycle conversions, which are increasingly appearing among veterans, on changes in production, relocation and technological capabilities of the factory and especially an overview of renovation experiences. The book also significantly changes the photographic documentation and brings many interesting details and news that the author managed to obtain.<\/p>\n<p>Grada Publishing House, hardcover, format 22 x 17 cm, 240 pages.<\/p>\n<p>ISBN 978-80-247-5454-3.<\/p>","protected":false},"excerpt":{"rendered":"<p>Jawa Californian \u2013 motocykly, kter\u00e9 byly a\u017e na v\u00fdjimky ur\u010deny pouze zahrani\u010dn\u00edm z\u00e1kazn\u00edk\u016fm, nenech\u00e1vaj\u00ed chladn\u00fdm snad \u017e\u00e1dn\u00e9ho z&nbsp;p\u0159\u00edznivc\u016f jedn\u00e9 stopy. Druh\u00e9 vyd\u00e1n\u00ed \u00fasp\u011b\u0161n\u00e9 publikace odkryje co p\u0159edch\u00e1zelo jejich vzniku, jak prob\u00edhal jejich v\u00fdvoj a&nbsp;\u010d\u00edm byl ovliv\u0148ov\u00e1n prodej motocykl\u016f \u010deskoslovensk\u00fdch v\u00fdrobc\u016f na severoamerick\u00fd kontinent od roku 1945.<\/p>","protected":false},"featured_media":2163,"template":"","meta":{"kt_blocks_editor_width":"","_kad_blocks_custom_css":"","_kad_blocks_head_custom_js":"","_kad_blocks_body_custom_js":"","_kad_blocks_footer_custom_js":""},"product_brand":[],"product_cat":[161,176],"product_tag":[227],"class_list":{"0":"post-2162","1":"product","2":"type-product","3":"status-publish","4":"has-post-thumbnail","6":"product_cat-knihy","7":"product_cat-moto","8":"product_tag-jawa","10":"first","11":"instock","12":"sale","13":"taxable","14":"shipping-taxable","15":"purchasable","16":"product-type-simple"},"supplier_id":null,"supplier_sku":"","barcode":null,"atum_controlled":true,"out_stock_date":null,"out_stock_threshold":null,"inheritable":false,"inbound_stock":0,"stock_on_hold":0,"sold_today":0,"sales_last_days":0,"reserved_stock":0,"customer_returns":0,"warehouse_damage":0,"lost_in_post":0,"other_logs":0,"out_stock_days":0,"lost_sales":0,"has_location":false,"update_date":"2026-04-05T00:06:34","atum_locations":[],"atum_stock_status":"instock","restock_status":false,"low_stock_amount":"","sales_update_date":"2026-04-05T00:06:34","calc_backorders":null,"aioseo_notices":[],"taxonomy_info":{"product_cat":[{"value":161,"label":"Knihy"},{"value":176,"label":"Moto"}],"product_tag":[{"value":227,"label":"Jawa"}]},"featured_image_src_large":["https:\/\/www.motorjournal.cz\/wp-content\/uploads\/2017\/03\/225-Jawa-Californ-2vyd-tisk-1024x782.jpg",1024,782,true],"author_info":[],"comment_info":"","_links":{"self":[{"href":"https:\/\/www.motorjournal.cz\/en\/wp-json\/wp\/v2\/product\/2162","targetHints":{"allow":["GET"]}}],"collection":[{"href":"https:\/\/www.motorjournal.cz\/en\/wp-json\/wp\/v2\/product"}],"about":[{"href":"https:\/\/www.motorjournal.cz\/en\/wp-json\/wp\/v2\/types\/product"}],"wp:featuredmedia":[{"embeddable":true,"href":"https:\/\/www.motorjournal.cz\/en\/wp-json\/wp\/v2\/media\/2163"}],"wp:attachment":[{"href":"https:\/\/www.motorjournal.cz\/en\/wp-json\/wp\/v2\/media?parent=2162"}],"wp:term":[{"taxonomy":"product_brand","embeddable":true,"href":"https:\/\/www.motorjournal.cz\/en\/wp-json\/wp\/v2\/product_brand?post=2162"},{"taxonomy":"product_cat","embeddable":true,"href":"https:\/\/www.motorjournal.cz\/en\/wp-json\/wp\/v2\/product_cat?post=2162"},{"taxonomy":"product_tag","embeddable":true,"href":"https:\/\/www.motorjournal.cz\/en\/wp-json\/wp\/v2\/product_tag?post=2162"}],"curies":[{"name":"wp","href":"https:\/\/api.w.org\/{rel}","templated":true}]}}