{"id":2164,"date":"2017-03-20T15:19:22","date_gmt":"2017-03-20T14:19:22","guid":{"rendered":"http:\/\/www2.motorjournal.cz\/?post_type=product&#038;p=2164"},"modified":"2026-01-02T16:31:13","modified_gmt":"2026-01-02T15:31:13","slug":"jawa-50-pionyr","status":"publish","type":"product","link":"https:\/\/www.motorjournal.cz\/en\/product\/jawa-50-pionyr\/","title":{"rendered":"Jawa 50 Pioneer \u2013 history, development, technology, sport \u2013 2nd, expanded edition, Ji\u0159\u00ed Wohlmuth"},"content":{"rendered":"<p>The sought-after title Jawa 50 Pion\u00fdr is intended for all recollections, fans and collectors or simply those who still ride the smallest motorcycle of the JAWA 50 brand. The second edition loosely follows the original text. The reader will learn about the development of the most popular type 550, nicknamed the &quot;stump&quot;, with its design solution, which far surpassed the competition in its category, with the overall history, which is very rich - since 1954, approximately 100,000 units have been sold. This edition also includes sales of other types that were built on the basis of the Jawa 50 type 550 - type 555, 05, 20, 21 and 23 Mustang, whose production was discontinued in 1982. The new chapter will introduce a new product launched this year - the Pion\u00fdr with a two-cylinder engine. The chapter on the sports use of the fifties recalls the history of the very latest machines in the world championship and adds information on current activities on the racing field. The chapter on the Pioneer&#039;s travels is expanded with an interesting story from the trip through Moldova, Ukraine and Georgia to the shores of the Aral Sea. This year&#039;s holiday trip of two Czechs from \u010cesk\u00fd T\u011b\u0161\u00edn through Poland, Germany, the Benelux countries, the Alps and Austria back is not forgotten either. Information on the electrical diagrams of motorcycles and other technical information is expanded.<\/p>\n<p>Grada Publishing House, hardcover, format 22 x 17 cm, 168 pages.<\/p>\n<p>ISBN 978-80-247-5493-2.<\/p>","protected":false},"excerpt":{"rendered":"<p>Druh\u00e9 vyd\u00e1n\u00ed ojedin\u011bl\u00e9 publikace, dopl\u0148uje a&nbsp;up\u0159es\u0148uje n\u011bkter\u00e1 d\u0159\u00edve publikovan\u00e1 fakta o&nbsp;historii a&nbsp;technick\u00fdch parametrech tohoto malolitr\u00e1\u017en\u00edho motocyklu. Nov\u011b je p\u0159ipomenuta historie t\u011bch v\u016fbec nejnov\u011bj\u0161\u00edch stroj\u016f z&nbsp;mistrovstv\u00ed sv\u011bta a&nbsp;dopln\u011bny jsou \u00fadaje o&nbsp;sou\u010dasn\u00fdch aktivit\u00e1ch na z\u00e1vodn\u00edm poli. Toto vyd\u00e1n\u00ed obsahuje v\u00edce ne\u017e polovinu nov\u00fdch, dosud nepublikovan\u00fdch fotografi\u00ed.<\/p>","protected":false},"featured_media":2165,"template":"","meta":{"kt_blocks_editor_width":"","_kad_blocks_custom_css":"","_kad_blocks_head_custom_js":"","_kad_blocks_body_custom_js":"","_kad_blocks_footer_custom_js":""},"product_brand":[],"product_cat":[161,176],"product_tag":[227],"class_list":{"0":"post-2164","1":"product","2":"type-product","3":"status-publish","4":"has-post-thumbnail","6":"product_cat-knihy","7":"product_cat-moto","8":"product_tag-jawa","10":"first","11":"instock","12":"sale","13":"taxable","14":"shipping-taxable","15":"purchasable","16":"product-type-simple"},"supplier_id":null,"supplier_sku":"","barcode":null,"atum_controlled":true,"out_stock_date":null,"out_stock_threshold":null,"inheritable":false,"inbound_stock":0,"stock_on_hold":0,"sold_today":0,"sales_last_days":0,"reserved_stock":0,"customer_returns":0,"warehouse_damage":0,"lost_in_post":0,"other_logs":0,"out_stock_days":0,"lost_sales":0,"has_location":false,"update_date":"2026-04-05T00:07:07","atum_locations":[],"atum_stock_status":"instock","restock_status":false,"low_stock_amount":0,"sales_update_date":"2026-04-05T00:07:07","calc_backorders":null,"aioseo_notices":[],"taxonomy_info":{"product_cat":[{"value":161,"label":"Knihy"},{"value":176,"label":"Moto"}],"product_tag":[{"value":227,"label":"Jawa"}]},"featured_image_src_large":["https:\/\/www.motorjournal.cz\/wp-content\/uploads\/2017\/03\/226-Pionyr-Wohl-2vyd-tisk-1024x782.jpg",1024,782,true],"author_info":[],"comment_info":"","_links":{"self":[{"href":"https:\/\/www.motorjournal.cz\/en\/wp-json\/wp\/v2\/product\/2164","targetHints":{"allow":["GET"]}}],"collection":[{"href":"https:\/\/www.motorjournal.cz\/en\/wp-json\/wp\/v2\/product"}],"about":[{"href":"https:\/\/www.motorjournal.cz\/en\/wp-json\/wp\/v2\/types\/product"}],"wp:featuredmedia":[{"embeddable":true,"href":"https:\/\/www.motorjournal.cz\/en\/wp-json\/wp\/v2\/media\/2165"}],"wp:attachment":[{"href":"https:\/\/www.motorjournal.cz\/en\/wp-json\/wp\/v2\/media?parent=2164"}],"wp:term":[{"taxonomy":"product_brand","embeddable":true,"href":"https:\/\/www.motorjournal.cz\/en\/wp-json\/wp\/v2\/product_brand?post=2164"},{"taxonomy":"product_cat","embeddable":true,"href":"https:\/\/www.motorjournal.cz\/en\/wp-json\/wp\/v2\/product_cat?post=2164"},{"taxonomy":"product_tag","embeddable":true,"href":"https:\/\/www.motorjournal.cz\/en\/wp-json\/wp\/v2\/product_tag?post=2164"}],"curies":[{"name":"wp","href":"https:\/\/api.w.org\/{rel}","templated":true}]}}