{"id":21668,"date":"2020-07-17T17:01:38","date_gmt":"2020-07-17T16:01:38","guid":{"rendered":"https:\/\/www.motorjournal.cz\/?post_type=product&#038;p=21668"},"modified":"2022-04-29T11:19:08","modified_gmt":"2022-04-29T10:19:08","slug":"knihovnicka-sunbeam","status":"publish","type":"product","link":"https:\/\/www.motorjournal.cz\/en\/product\/knihovnicka-sunbeam\/","title":{"rendered":"Sunbeam Bookcase \u2013 Motorcycles for True Gentlemen"},"content":{"rendered":"<p>For a long time, we in the editorial office have been saying that it would be worth publishing Motor Journal supplements as monothematic issues dedicated to either one brand or even exceptional vehicles. There are ideas to share, but even more work, so we kept postponing it, postponing it, and postponing it... until circumstances pushed us up against the wall. After all, you have to start somewhere.<br \/>\nIn recent years, the editorial staff of Motor Journal has been preparing thematic exhibitions at the traditional Motortechna Brno. We have already presented Rudge, Ariel motorcycles, racing machines, and celebrated the anniversary of the production of Molsheim cars with an engine from Bugatti 13. For the spring of 2009, we prepared an exhibition of Sunbeam machines together with Ji\u0159\u00ed Ho\u0159ic, chairman of the organizing club, expert and collector of Sunbeam machines. On that occasion, we got excited, put everything aside and started working on the first issue of the new edition of the Motor Journal Library. The first issue of our magazine was published in September 2000 and in it we also focused on Sunbeam, especially the 90 TT model. Today, we are returning to the Sunbeam after many years. We hope that it will warm you up at the beginning of the upcoming season and that it will heat up your machines. Then, may our computers not cool down while we prepare the next issues of the new edition.<br \/>\nThunder on the Road, Karel Kupka<br \/>\nIn Brno on April 3, 2009<\/p>\n<p>A4 format, 44 pages<\/p>","protected":false},"excerpt":{"rendered":"<p>Sunbeam and Motor Journal<br \/>\nSunbeam<br \/>\nSunbeam bicycles<br \/>\nSunbeam cars<br \/>\nRecord-breaking rays<br \/>\nSunbeam in Czech plants<br \/>\nSunbeams in Moravia and Brno<br \/>\nAdvertising, the basis of success<br \/>\nSunbeam 4 hp<br \/>\nSunbeam model 90<br \/>\nSunbeam Solo Sport<br \/>\nSunbeam S8<br \/>\nOverview of car production<br \/>\nMotorcycle production overview<br \/>\nSunbeam by Otakar \u0160vec<\/p>","protected":false},"featured_media":21669,"template":"","meta":{"kt_blocks_editor_width":"","_kad_blocks_custom_css":"","_kad_blocks_head_custom_js":"","_kad_blocks_body_custom_js":"","_kad_blocks_footer_custom_js":""},"product_brand":[],"product_cat":[464],"product_tag":[],"class_list":{"0":"post-21668","1":"product","2":"type-product","3":"status-publish","4":"has-post-thumbnail","6":"product_cat-knihovnicka-motor-journal","8":"first","9":"instock","10":"sale","11":"taxable","12":"shipping-taxable","13":"purchasable","14":"product-type-simple"},"supplier_id":null,"supplier_sku":"","barcode":null,"atum_controlled":true,"out_stock_date":null,"out_stock_threshold":null,"inheritable":false,"inbound_stock":0,"stock_on_hold":0,"sold_today":0,"sales_last_days":0,"reserved_stock":0,"customer_returns":0,"warehouse_damage":0,"lost_in_post":0,"other_logs":0,"out_stock_days":0,"lost_sales":0,"has_location":false,"update_date":"2026-04-04T00:06:30","atum_locations":[],"atum_stock_status":"instock","restock_status":false,"low_stock_amount":"","sales_update_date":"2026-04-04T00:06:30","calc_backorders":null,"aioseo_notices":[],"taxonomy_info":{"product_cat":[{"value":464,"label":"Knihovni\u010dka Motor Journal"}]},"featured_image_src_large":["https:\/\/www.motorjournal.cz\/wp-content\/uploads\/2020\/07\/MJ-knihovnicka-sunbeam-1.jpg",595,841,false],"author_info":[],"comment_info":"","_links":{"self":[{"href":"https:\/\/www.motorjournal.cz\/en\/wp-json\/wp\/v2\/product\/21668","targetHints":{"allow":["GET"]}}],"collection":[{"href":"https:\/\/www.motorjournal.cz\/en\/wp-json\/wp\/v2\/product"}],"about":[{"href":"https:\/\/www.motorjournal.cz\/en\/wp-json\/wp\/v2\/types\/product"}],"wp:featuredmedia":[{"embeddable":true,"href":"https:\/\/www.motorjournal.cz\/en\/wp-json\/wp\/v2\/media\/21669"}],"wp:attachment":[{"href":"https:\/\/www.motorjournal.cz\/en\/wp-json\/wp\/v2\/media?parent=21668"}],"wp:term":[{"taxonomy":"product_brand","embeddable":true,"href":"https:\/\/www.motorjournal.cz\/en\/wp-json\/wp\/v2\/product_brand?post=21668"},{"taxonomy":"product_cat","embeddable":true,"href":"https:\/\/www.motorjournal.cz\/en\/wp-json\/wp\/v2\/product_cat?post=21668"},{"taxonomy":"product_tag","embeddable":true,"href":"https:\/\/www.motorjournal.cz\/en\/wp-json\/wp\/v2\/product_tag?post=21668"}],"curies":[{"name":"wp","href":"https:\/\/api.w.org\/{rel}","templated":true}]}}