{"id":2235,"date":"2017-03-24T14:14:12","date_gmt":"2017-03-24T13:14:12","guid":{"rendered":"http:\/\/www2.motorjournal.cz\/?post_type=product&#038;p=2235"},"modified":"2025-01-01T00:00:11","modified_gmt":"2024-12-31T23:00:11","slug":"softshallova-bunda","status":"publish","type":"product","link":"https:\/\/www.motorjournal.cz\/en\/product\/softshallova-bunda\/","title":{"rendered":"Softshell jacket"},"content":{"rendered":"<p>Full-length softshell jacket with a rider&#039;s cap at the neck. Three zipped pockets. Adjustable sleeve width. Drawstring hem. Fitted cut, raglan sleeves. Wind and water-resistant material. Front printed with the Motor Journal logo, back printed with the inscription.<\/p>\n<p><span style=\"color: #000000;\">Material: <\/span><span style=\"color: #000000;\">300 <\/span>g\/m\u00b2<span style=\"color: #000000;\">, two-layer softshell, (outer side: 92%polyester, 8% elastane, inner side: 100% polyester micropolar fleece).<\/span><\/p>","protected":false},"excerpt":{"rendered":"<p>Full-length softshell jacket with a rider&#039;s cap at the neck. Three zipped pockets. Adjustable sleeve width. Drawstring hem. Fitted cut, raglan sleeves. Wind and water-resistant material. Front printed with the Motor Journal logo, back printed with the inscription.<\/p>\n<p>&nbsp;<\/p>","protected":false},"featured_media":2240,"template":"","meta":{"kt_blocks_editor_width":"","_kad_blocks_custom_css":"","_kad_blocks_head_custom_js":"","_kad_blocks_body_custom_js":"","_kad_blocks_footer_custom_js":""},"product_brand":[],"product_cat":[163,170],"product_tag":[],"class_list":{"0":"post-2235","1":"product","2":"type-product","3":"status-publish","4":"has-post-thumbnail","6":"product_cat-obleceni","7":"product_cat-obleceni-damske","9":"first","10":"instock","11":"taxable","12":"shipping-taxable","13":"purchasable","14":"product-type-variable"},"supplier_id":null,"supplier_sku":"","barcode":null,"atum_controlled":true,"out_stock_date":null,"out_stock_threshold":null,"inheritable":true,"inbound_stock":0,"stock_on_hold":0,"sold_today":0,"sales_last_days":0,"reserved_stock":0,"customer_returns":0,"warehouse_damage":0,"lost_in_post":0,"other_logs":0,"out_stock_days":0,"lost_sales":0,"has_location":false,"update_date":"2026-04-05T00:05:31","atum_locations":[],"atum_stock_status":"instock","restock_status":false,"low_stock_amount":"","sales_update_date":"2026-04-05T00:05:31","calc_backorders":null,"aioseo_notices":[],"taxonomy_info":{"product_cat":[{"value":163,"label":"Oble\u010den\u00ed"},{"value":170,"label":"Oble\u010den\u00ed d\u00e1msk\u00e9"}]},"featured_image_src_large":["https:\/\/www.motorjournal.cz\/wp-content\/uploads\/2017\/03\/RSR_4802-683x1024.jpg",683,1024,true],"author_info":[],"comment_info":"","_links":{"self":[{"href":"https:\/\/www.motorjournal.cz\/en\/wp-json\/wp\/v2\/product\/2235","targetHints":{"allow":["GET"]}}],"collection":[{"href":"https:\/\/www.motorjournal.cz\/en\/wp-json\/wp\/v2\/product"}],"about":[{"href":"https:\/\/www.motorjournal.cz\/en\/wp-json\/wp\/v2\/types\/product"}],"wp:featuredmedia":[{"embeddable":true,"href":"https:\/\/www.motorjournal.cz\/en\/wp-json\/wp\/v2\/media\/2240"}],"wp:attachment":[{"href":"https:\/\/www.motorjournal.cz\/en\/wp-json\/wp\/v2\/media?parent=2235"}],"wp:term":[{"taxonomy":"product_brand","embeddable":true,"href":"https:\/\/www.motorjournal.cz\/en\/wp-json\/wp\/v2\/product_brand?post=2235"},{"taxonomy":"product_cat","embeddable":true,"href":"https:\/\/www.motorjournal.cz\/en\/wp-json\/wp\/v2\/product_cat?post=2235"},{"taxonomy":"product_tag","embeddable":true,"href":"https:\/\/www.motorjournal.cz\/en\/wp-json\/wp\/v2\/product_tag?post=2235"}],"curies":[{"name":"wp","href":"https:\/\/api.w.org\/{rel}","templated":true}]}}