{"id":2285,"date":"2017-03-24T15:51:20","date_gmt":"2017-03-24T14:51:20","guid":{"rendered":"http:\/\/www2.motorjournal.cz\/?post_type=product&#038;p=2285"},"modified":"2025-01-01T00:00:11","modified_gmt":"2024-12-31T23:00:11","slug":"cepice","status":"publish","type":"product","link":"https:\/\/www.motorjournal.cz\/en\/product\/cepice\/","title":{"rendered":"Cap"},"content":{"rendered":"<p>Warm winter knitted hat not only for racers. The inside is lined with fleece.<\/p>\n<p><span style=\"color: #232323;\"><span style=\"color: #000000;\">Material: 100% polyester.<\/span><\/span><\/p>\n<p>Universal size.<\/p>","protected":false},"excerpt":{"rendered":"<p>Warm winter knitted hat not only for racers. The inside is lined with fleece.<\/p>","protected":false},"featured_media":2286,"template":"","meta":{"kt_blocks_editor_width":"","_kad_blocks_custom_css":"","_kad_blocks_head_custom_js":"","_kad_blocks_body_custom_js":"","_kad_blocks_footer_custom_js":""},"product_brand":[],"product_cat":[163,170,158],"product_tag":[],"class_list":{"0":"post-2285","1":"product","2":"type-product","3":"status-publish","4":"has-post-thumbnail","6":"product_cat-obleceni","7":"product_cat-obleceni-damske","8":"product_cat-obleceni-panske","10":"first","11":"instock","12":"sale","13":"taxable","14":"shipping-taxable","15":"purchasable","16":"product-type-simple"},"supplier_id":null,"supplier_sku":"","barcode":null,"atum_controlled":true,"out_stock_date":null,"out_stock_threshold":null,"inheritable":false,"inbound_stock":0,"stock_on_hold":0,"sold_today":0,"sales_last_days":0,"reserved_stock":0,"customer_returns":0,"warehouse_damage":0,"lost_in_post":0,"other_logs":0,"out_stock_days":0,"lost_sales":0,"has_location":false,"update_date":"2026-04-04T00:06:25","atum_locations":[],"atum_stock_status":"instock","restock_status":false,"low_stock_amount":"","sales_update_date":"2026-04-04T00:06:25","calc_backorders":null,"aioseo_notices":[],"taxonomy_info":{"product_cat":[{"value":163,"label":"Oble\u010den\u00ed"},{"value":170,"label":"Oble\u010den\u00ed d\u00e1msk\u00e9"},{"value":158,"label":"Oble\u010den\u00ed p\u00e1nsk\u00e9"}]},"featured_image_src_large":["https:\/\/www.motorjournal.cz\/wp-content\/uploads\/2017\/03\/RSR_4807-1024x683.jpg",1024,683,true],"author_info":[],"comment_info":"","_links":{"self":[{"href":"https:\/\/www.motorjournal.cz\/en\/wp-json\/wp\/v2\/product\/2285","targetHints":{"allow":["GET"]}}],"collection":[{"href":"https:\/\/www.motorjournal.cz\/en\/wp-json\/wp\/v2\/product"}],"about":[{"href":"https:\/\/www.motorjournal.cz\/en\/wp-json\/wp\/v2\/types\/product"}],"wp:featuredmedia":[{"embeddable":true,"href":"https:\/\/www.motorjournal.cz\/en\/wp-json\/wp\/v2\/media\/2286"}],"wp:attachment":[{"href":"https:\/\/www.motorjournal.cz\/en\/wp-json\/wp\/v2\/media?parent=2285"}],"wp:term":[{"taxonomy":"product_brand","embeddable":true,"href":"https:\/\/www.motorjournal.cz\/en\/wp-json\/wp\/v2\/product_brand?post=2285"},{"taxonomy":"product_cat","embeddable":true,"href":"https:\/\/www.motorjournal.cz\/en\/wp-json\/wp\/v2\/product_cat?post=2285"},{"taxonomy":"product_tag","embeddable":true,"href":"https:\/\/www.motorjournal.cz\/en\/wp-json\/wp\/v2\/product_tag?post=2285"}],"curies":[{"name":"wp","href":"https:\/\/api.w.org\/{rel}","templated":true}]}}