{"id":25019,"date":"2020-11-13T11:06:42","date_gmt":"2020-11-13T10:06:42","guid":{"rendered":"https:\/\/www.motorjournal.cz\/?post_type=product&#038;p=25019"},"modified":"2025-11-04T15:25:32","modified_gmt":"2025-11-04T14:25:32","slug":"ovrhaul","status":"publish","type":"product","link":"https:\/\/www.motorjournal.cz\/en\/product\/ovrhaul\/","title":{"rendered":"Overhaul"},"content":{"rendered":"<p>Advertising flyer for a popular gasoline additive.<\/p>\n<p>Format: A4<br \/>\nNumber of pages: 2<br \/>\nCondition: good<\/p>","protected":false},"excerpt":{"rendered":"<p>Advertising flyer for a popular gasoline additive. Format: A4 Number of pages: 2 Condition: good<\/p>","protected":false},"featured_media":25020,"template":"","meta":{"kt_blocks_editor_width":"","_kad_blocks_custom_css":"","_kad_blocks_head_custom_js":"","_kad_blocks_body_custom_js":"","_kad_blocks_footer_custom_js":""},"product_brand":[],"product_cat":[317,349],"product_tag":[352,422],"class_list":{"0":"post-25019","1":"product","2":"type-product","3":"status-publish","4":"has-post-thumbnail","6":"product_cat-antikvariat","7":"product_cat-antikvariat-prospekty","8":"product_tag-automobily","9":"product_tag-prislusenstvi","11":"first","12":"instock","13":"sale","14":"taxable","15":"shipping-taxable","16":"purchasable","17":"product-type-simple"},"supplier_id":null,"supplier_sku":"","barcode":null,"atum_controlled":false,"out_stock_date":null,"out_stock_threshold":null,"inheritable":false,"inbound_stock":0,"stock_on_hold":0,"sold_today":0,"sales_last_days":0,"reserved_stock":0,"customer_returns":0,"warehouse_damage":0,"lost_in_post":0,"other_logs":0,"out_stock_days":0,"lost_sales":0,"has_location":false,"update_date":"2026-04-04T00:06:32","atum_locations":[],"atum_stock_status":"instock","restock_status":false,"low_stock_amount":"","sales_update_date":"2026-04-04T00:06:32","calc_backorders":null,"aioseo_notices":[],"taxonomy_info":{"product_cat":[{"value":317,"label":"Antikvari\u00e1t"},{"value":349,"label":"Antikvari\u00e1t prospekty"}],"product_tag":[{"value":352,"label":"Automobily"},{"value":422,"label":"p\u0159\u00edslu\u0161enstv\u00ed"}]},"featured_image_src_large":["https:\/\/www.motorjournal.cz\/wp-content\/uploads\/2020\/11\/A0470_Overhaul01-727x1024.jpg",727,1024,true],"author_info":[],"comment_info":"","_links":{"self":[{"href":"https:\/\/www.motorjournal.cz\/en\/wp-json\/wp\/v2\/product\/25019","targetHints":{"allow":["GET"]}}],"collection":[{"href":"https:\/\/www.motorjournal.cz\/en\/wp-json\/wp\/v2\/product"}],"about":[{"href":"https:\/\/www.motorjournal.cz\/en\/wp-json\/wp\/v2\/types\/product"}],"wp:featuredmedia":[{"embeddable":true,"href":"https:\/\/www.motorjournal.cz\/en\/wp-json\/wp\/v2\/media\/25020"}],"wp:attachment":[{"href":"https:\/\/www.motorjournal.cz\/en\/wp-json\/wp\/v2\/media?parent=25019"}],"wp:term":[{"taxonomy":"product_brand","embeddable":true,"href":"https:\/\/www.motorjournal.cz\/en\/wp-json\/wp\/v2\/product_brand?post=25019"},{"taxonomy":"product_cat","embeddable":true,"href":"https:\/\/www.motorjournal.cz\/en\/wp-json\/wp\/v2\/product_cat?post=25019"},{"taxonomy":"product_tag","embeddable":true,"href":"https:\/\/www.motorjournal.cz\/en\/wp-json\/wp\/v2\/product_tag?post=25019"}],"curies":[{"name":"wp","href":"https:\/\/api.w.org\/{rel}","templated":true}]}}