{"id":25958,"date":"2020-12-17T18:48:23","date_gmt":"2020-12-17T17:48:23","guid":{"rendered":"https:\/\/www.motorjournal.cz\/?post_type=product&#038;p=25958"},"modified":"2025-11-04T15:25:32","modified_gmt":"2025-11-04T14:25:32","slug":"rocenka-technickeho-magazinu-1","status":"publish","type":"product","link":"https:\/\/www.motorjournal.cz\/en\/product\/rocenka-technickeho-magazinu-1\/","title":{"rendered":"Technical Magazine Yearbook 1"},"content":{"rendered":"<p>Special chapter: A Century of the Czech Automobile. Drawings by Jir\u00e1nek, Ren\u010d\u00edn, Bart\u00e1k, Hol\u00fd.<\/p>\n<p>Year of publication: 1987<br \/>\nPublisher: SNTL<br \/>\nBinding: glued<br \/>\nFormat: 160 x 230 mm<br \/>\nNumber of pages: 192<br \/>\nCondition: good<\/p>","protected":false},"excerpt":{"rendered":"<p>Special chapter: A Century of the Czech Automobile. Drawings by Jir\u00e1nek, Ren\u010d\u00edn, Bart\u00e1k, Hol\u00fd. Year of publication: 1987 Publisher: SNTL Binding: glued Format: 160 x 230 mm Number of pages: 192 Condition: good<\/p>","protected":false},"featured_media":25959,"template":"","meta":{"kt_blocks_editor_width":"","_kad_blocks_custom_css":"","_kad_blocks_head_custom_js":"","_kad_blocks_body_custom_js":"","_kad_blocks_footer_custom_js":""},"product_brand":[],"product_cat":[317,347],"product_tag":[230,222,221,352,228,361,223,224,219,346,232],"class_list":{"0":"post-25958","1":"product","2":"type-product","3":"status-publish","4":"has-post-thumbnail","6":"product_cat-antikvariat","7":"product_cat-antikvariat-knihy","8":"product_tag-z","9":"product_tag-aero","10":"product_tag-autobusy","11":"product_tag-automobily","12":"product_tag-lk","13":"product_tag-nakladni-automobily","14":"product_tag-praga","15":"product_tag-skoda","16":"product_tag-tatra","17":"product_tag-vojenske-automobily","18":"product_tag-walter","20":"first","21":"instock","22":"sale","23":"taxable","24":"shipping-taxable","25":"purchasable","26":"product-type-simple"},"supplier_id":null,"supplier_sku":"","barcode":null,"atum_controlled":false,"out_stock_date":null,"out_stock_threshold":null,"inheritable":false,"inbound_stock":0,"stock_on_hold":0,"sold_today":0,"sales_last_days":0,"reserved_stock":0,"customer_returns":0,"warehouse_damage":0,"lost_in_post":0,"other_logs":0,"out_stock_days":0,"lost_sales":0,"has_location":false,"update_date":"2026-04-05T00:07:04","atum_locations":[],"atum_stock_status":"instock","restock_status":false,"low_stock_amount":0,"sales_update_date":"2026-04-05T00:07:04","calc_backorders":null,"aioseo_notices":[],"taxonomy_info":{"product_cat":[{"value":317,"label":"Antikvari\u00e1t"},{"value":347,"label":"Antikvari\u00e1t knihy"}],"product_tag":[{"value":230,"label":"\"Z\""},{"value":222,"label":"Aero"},{"value":221,"label":"Autobusy"},{"value":352,"label":"Automobily"},{"value":228,"label":"L&amp;K"},{"value":361,"label":"N\u00e1kladn\u00ed automobily"},{"value":223,"label":"Praga"},{"value":224,"label":"\u0160koda"},{"value":219,"label":"Tatra"},{"value":346,"label":"vojensk\u00e9 automobily"},{"value":232,"label":"Walter"}]},"featured_image_src_large":["https:\/\/www.motorjournal.cz\/wp-content\/uploads\/2020\/12\/A0486_rocenkatm-1-726x1024.jpg",726,1024,true],"author_info":[],"comment_info":"","_links":{"self":[{"href":"https:\/\/www.motorjournal.cz\/en\/wp-json\/wp\/v2\/product\/25958","targetHints":{"allow":["GET"]}}],"collection":[{"href":"https:\/\/www.motorjournal.cz\/en\/wp-json\/wp\/v2\/product"}],"about":[{"href":"https:\/\/www.motorjournal.cz\/en\/wp-json\/wp\/v2\/types\/product"}],"wp:featuredmedia":[{"embeddable":true,"href":"https:\/\/www.motorjournal.cz\/en\/wp-json\/wp\/v2\/media\/25959"}],"wp:attachment":[{"href":"https:\/\/www.motorjournal.cz\/en\/wp-json\/wp\/v2\/media?parent=25958"}],"wp:term":[{"taxonomy":"product_brand","embeddable":true,"href":"https:\/\/www.motorjournal.cz\/en\/wp-json\/wp\/v2\/product_brand?post=25958"},{"taxonomy":"product_cat","embeddable":true,"href":"https:\/\/www.motorjournal.cz\/en\/wp-json\/wp\/v2\/product_cat?post=25958"},{"taxonomy":"product_tag","embeddable":true,"href":"https:\/\/www.motorjournal.cz\/en\/wp-json\/wp\/v2\/product_tag?post=25958"}],"curies":[{"name":"wp","href":"https:\/\/api.w.org\/{rel}","templated":true}]}}