{"id":27887,"date":"2021-03-07T19:13:03","date_gmt":"2021-03-07T18:13:03","guid":{"rendered":"https:\/\/www.motorjournal.cz\/?post_type=product&#038;p=27887"},"modified":"2022-11-30T14:53:04","modified_gmt":"2022-11-30T13:53:04","slug":"motor-journal-03-2021","status":"publish","type":"product","link":"https:\/\/www.motorjournal.cz\/en\/product\/motor-journal-03-2021\/","title":{"rendered":"Motor Journal 03\/2021"},"content":{"rendered":"<p>March <b>Motor Journal<\/b> Issue 3, XXI. volume, the 227th in the series, is published on Friday, March 5, 2021. The tempting photos on the cover indicate some of the interesting topics covered in the spring issue. The offer of archival boxes for a well-organized library and a selection of missing copies are on the other side of the cover. <b>Editorial<\/b> and period photography <b>Bygone times<\/b> predate traditional history \u2013 <b>Handful<\/b> <b>nails from the road<\/b>. The first data concern women \u2013 in March 1901, Antonie \u0160tainicov\u00e1 was born, who was later convicted with Milada Hor\u00e1kov\u00e1. In March 1911, the first woman in trousers appeared on the streets of Prague and caused amazement and surprise among passers-by. Personalities, hillclimbs, distance races of cars and motorcycles, design innovations implemented and long forgotten, political somersaults of the great powers, road regulations and laws \u2013 here the highest activity in the interwar years is evident. The first post-war models of passenger cars follow, the activities of our industry, through the premiere of the commercial Robura LO 2500 and the Hungarian Ikarus 303 bus at the Leipzig Fair in March 1961. After \u201eyesterday\u201c events, such as the premiere of the FIAT 127 car, the premiere of the five-hour digital car exhibition from February of this year is presented. The sad present is concluded with two deaths. <b>Buy a gas pump<\/b>, the following page encourages. A double page of new book titles, from which everyone can choose \u2013 this is a suitable program for a stay in quarantine. Who is Tom Havl\u00e1sek, you can find out under the heading <b>I&#039;m still at the beginning.<\/b>. A new quarterly magazine has been added to the print media. <b>Rare &amp; Unique Vehicles<\/b>. Memoirs are a leisurely read \u2013 <b>Jaroslav<\/b> <b>Sitta \u2013 an eighty-year-old karting legend<\/b>. The history of the Austrian car company LAW is interesting \u2013 read <b>Voituretta LAW in \u010cesk\u00e9 Bud\u011bjovice<\/b>. What he accomplished behind the scenes <b>Goffredo Zehender<\/b> \u2013 that is the engaging reading on the following pages. The author of the article drew from Helmut Krackowizer&#039;s memoirs <b>The best racer is\u2026<\/b> <b>Veteran salon<\/b> in the March issue occupied <b>Racing special<\/b> <b>Wilfrid Caune of the Manx Grand Prix Norton International 30M MS<\/b>. What is happening in one of the British auction houses, read under the heading <b>The Coys impostors \u2013 or a truly new beginning?<\/b> The Retromobile exhibition could not take place on its regular February date this year, but the Artcurial auction house organized a sale of vehicles and collectibles on its traditional date - details here: <b>Artcurial Parisienne 201<\/b>. The museum&#039;s website has the motto in the introduction: &quot;The largest oldtimer museum in Europe&quot; - read <b>Horsepower granary<\/b>. <b>Who plays, doesn&#039;t get angry XI <\/b>\u2013 the fortieth anniversary of the rescue service and the thirtieth anniversary of the establishment of the air rescue service in Hradec Kr\u00e1lov\u00e9 were the motives for the exhibition Rescue Around the World. Evidence of automobile aerodynamics is captured in the models: <b>Czechoslovak aerodynamic cars in miniature<\/b>. The end of the March issue presents readers with an advertising section called Buy, Sell and a few uncertain event dates before two pages with commercial offers.<\/p>","protected":false},"excerpt":{"rendered":"<p>Leaf plant<br \/>\nNew books<br \/>\nBook offer for motorists<br \/>\nTom Havl\u00e1sek: I&#039;m still at the beginning<br \/>\nNew motoring magazine Rare &amp; Unique Vehicles launches<br \/>\nJaroslav Sitta \u2013 an eighty-year-old karting legend<br \/>\nVoituretta LAW in \u010cesk\u00e9 Bud\u011bjovice in 1900<br \/>\nGoffredo Zehender<br \/>\nThe best racer is\u2026<br \/>\nWilfrid Caunce&#039;s racing special from the Manx Grand Prix Norton International 30M MS<br \/>\nThe Coys impostors \u2013 or a truly new beginning?<br \/>\nArtcurial Parisienne 2021<br \/>\nHorsepower Granary \u2013 PS Speicher Museum in Einbeck<br \/>\nWho plays not evil XI. \u2013 Rescue around the world<br \/>\nCzechoslovak aerodynamic cars in miniature<br \/>\nCheap for sale<\/p>","protected":false},"featured_media":27864,"template":"","meta":{"kt_blocks_editor_width":"","_kad_blocks_custom_css":"","_kad_blocks_head_custom_js":"","_kad_blocks_body_custom_js":"","_kad_blocks_footer_custom_js":""},"product_brand":[],"product_cat":[467,162],"product_tag":[],"class_list":{"0":"post-27887","1":"product","2":"type-product","3":"status-publish","4":"has-post-thumbnail","6":"product_cat-467","7":"product_cat-casopisy","9":"first","10":"instock","11":"sale","12":"taxable","13":"shipping-taxable","14":"purchasable","15":"product-type-simple"},"supplier_id":null,"supplier_sku":"","barcode":null,"atum_controlled":true,"out_stock_date":null,"out_stock_threshold":null,"inheritable":false,"inbound_stock":0,"stock_on_hold":0,"sold_today":0,"sales_last_days":0,"reserved_stock":0,"customer_returns":0,"warehouse_damage":0,"lost_in_post":0,"other_logs":0,"out_stock_days":0,"lost_sales":0,"has_location":false,"update_date":"2026-04-05T00:06:50","atum_locations":[],"atum_stock_status":"instock","restock_status":false,"low_stock_amount":"","sales_update_date":"2026-04-05T00:06:50","calc_backorders":null,"aioseo_notices":[],"taxonomy_info":{"product_cat":[{"value":467,"label":"2021"},{"value":162,"label":"\u010casopisy"}]},"featured_image_src_large":["https:\/\/www.motorjournal.cz\/wp-content\/uploads\/2021\/03\/MJ_2021_03-1.jpg",595,841,false],"author_info":[],"comment_info":"","_links":{"self":[{"href":"https:\/\/www.motorjournal.cz\/en\/wp-json\/wp\/v2\/product\/27887","targetHints":{"allow":["GET"]}}],"collection":[{"href":"https:\/\/www.motorjournal.cz\/en\/wp-json\/wp\/v2\/product"}],"about":[{"href":"https:\/\/www.motorjournal.cz\/en\/wp-json\/wp\/v2\/types\/product"}],"wp:featuredmedia":[{"embeddable":true,"href":"https:\/\/www.motorjournal.cz\/en\/wp-json\/wp\/v2\/media\/27864"}],"wp:attachment":[{"href":"https:\/\/www.motorjournal.cz\/en\/wp-json\/wp\/v2\/media?parent=27887"}],"wp:term":[{"taxonomy":"product_brand","embeddable":true,"href":"https:\/\/www.motorjournal.cz\/en\/wp-json\/wp\/v2\/product_brand?post=27887"},{"taxonomy":"product_cat","embeddable":true,"href":"https:\/\/www.motorjournal.cz\/en\/wp-json\/wp\/v2\/product_cat?post=27887"},{"taxonomy":"product_tag","embeddable":true,"href":"https:\/\/www.motorjournal.cz\/en\/wp-json\/wp\/v2\/product_tag?post=27887"}],"curies":[{"name":"wp","href":"https:\/\/api.w.org\/{rel}","templated":true}]}}