{"id":28173,"date":"2021-03-25T14:58:09","date_gmt":"2021-03-25T13:58:09","guid":{"rendered":"https:\/\/www.motorjournal.cz\/?post_type=product&#038;p=28173"},"modified":"2025-11-04T15:25:29","modified_gmt":"2025-11-04T14:25:29","slug":"motor-revue","status":"publish","type":"product","link":"https:\/\/www.motorjournal.cz\/en\/product\/motor-revue\/","title":{"rendered":"Engine Revue"},"content":{"rendered":"<p>Issue 402 published on January 20, 1941, main article dedicated to compressors and racing engines up to 1.5 liters, advertisement for \u010cZ bicycles, Hetz anti-skid chains.<\/p>\n<p>Format: A4<br \/>\nNumber of pages: 20<br \/>\nCondition: good<\/p>","protected":false},"excerpt":{"rendered":"<p>Issue 402 published on January 20, 1941, main article dedicated to compressors and racing engines up to 1.5 liters, advertisement for \u010cZ bicycles, Hetz anti-skid chains. Format: A4 Number of pages: 20 Condition: good<\/p>","protected":false},"featured_media":28174,"template":"","meta":{"kt_blocks_editor_width":"","_kad_blocks_custom_css":"","_kad_blocks_head_custom_js":"","_kad_blocks_body_custom_js":"","_kad_blocks_footer_custom_js":""},"product_brand":[],"product_cat":[317,348],"product_tag":[415,225,227,481],"class_list":{"0":"post-28173","1":"product","2":"type-product","3":"status-publish","4":"has-post-thumbnail","6":"product_cat-antikvariat","7":"product_cat-antikvariat-casopisy","8":"product_tag-bugatti","9":"product_tag-cz","10":"product_tag-jawa","11":"product_tag-maserati","13":"first","14":"instock","15":"sale","16":"taxable","17":"shipping-taxable","18":"purchasable","19":"product-type-simple"},"supplier_id":null,"supplier_sku":"","barcode":null,"atum_controlled":false,"out_stock_date":null,"out_stock_threshold":null,"inheritable":false,"inbound_stock":0,"stock_on_hold":0,"sold_today":0,"sales_last_days":0,"reserved_stock":0,"customer_returns":0,"warehouse_damage":0,"lost_in_post":0,"other_logs":0,"out_stock_days":0,"lost_sales":0,"has_location":false,"update_date":"2026-04-05T00:06:50","atum_locations":[],"atum_stock_status":"instock","restock_status":false,"low_stock_amount":"","sales_update_date":"2026-04-05T00:06:50","calc_backorders":null,"aioseo_notices":[],"taxonomy_info":{"product_cat":[{"value":317,"label":"Antikvari\u00e1t"},{"value":348,"label":"Antikvari\u00e1t \u010dasopisy"}],"product_tag":[{"value":415,"label":"Bugatti"},{"value":225,"label":"\u010cZ"},{"value":227,"label":"Jawa"},{"value":481,"label":"Maserati"}]},"featured_image_src_large":["https:\/\/www.motorjournal.cz\/wp-content\/uploads\/2021\/03\/A0631_motorrevue402-1.jpeg",614,852,false],"author_info":[],"comment_info":"","_links":{"self":[{"href":"https:\/\/www.motorjournal.cz\/en\/wp-json\/wp\/v2\/product\/28173","targetHints":{"allow":["GET"]}}],"collection":[{"href":"https:\/\/www.motorjournal.cz\/en\/wp-json\/wp\/v2\/product"}],"about":[{"href":"https:\/\/www.motorjournal.cz\/en\/wp-json\/wp\/v2\/types\/product"}],"wp:featuredmedia":[{"embeddable":true,"href":"https:\/\/www.motorjournal.cz\/en\/wp-json\/wp\/v2\/media\/28174"}],"wp:attachment":[{"href":"https:\/\/www.motorjournal.cz\/en\/wp-json\/wp\/v2\/media?parent=28173"}],"wp:term":[{"taxonomy":"product_brand","embeddable":true,"href":"https:\/\/www.motorjournal.cz\/en\/wp-json\/wp\/v2\/product_brand?post=28173"},{"taxonomy":"product_cat","embeddable":true,"href":"https:\/\/www.motorjournal.cz\/en\/wp-json\/wp\/v2\/product_cat?post=28173"},{"taxonomy":"product_tag","embeddable":true,"href":"https:\/\/www.motorjournal.cz\/en\/wp-json\/wp\/v2\/product_tag?post=28173"}],"curies":[{"name":"wp","href":"https:\/\/api.w.org\/{rel}","templated":true}]}}