{"id":28190,"date":"2021-03-25T15:56:29","date_gmt":"2021-03-25T14:56:29","guid":{"rendered":"https:\/\/www.motorjournal.cz\/?post_type=product&#038;p=28190"},"modified":"2025-11-04T15:25:29","modified_gmt":"2025-11-04T14:25:29","slug":"motor-revue-4","status":"publish","type":"product","link":"https:\/\/www.motorjournal.cz\/en\/product\/motor-revue-4\/","title":{"rendered":"Engine Revue"},"content":{"rendered":"<p>Issue 411 published on June 5, 1941. Contains articles Motorists&#039; Cycling Competition, Slide Motors and profiles of prominent motoring figures.<\/p>\n<p>Format: A4<br \/>\nNumber of pages: 20<br \/>\nCondition: very good<\/p>","protected":false},"excerpt":{"rendered":"<p>Issue 411 published on June 5, 1941. Contains articles Motorists&#039; Cycling Competition, Slide Motors and profiles of important motoring figures. Format: A4 Number of pages: 20 Condition: very good<\/p>","protected":false},"featured_media":28191,"template":"","meta":{"kt_blocks_editor_width":"","_kad_blocks_custom_css":"","_kad_blocks_head_custom_js":"","_kad_blocks_body_custom_js":"","_kad_blocks_footer_custom_js":""},"product_brand":[],"product_cat":[317,348],"product_tag":[227,356,223],"class_list":{"0":"post-28190","1":"product","2":"type-product","3":"status-publish","4":"has-post-thumbnail","6":"product_cat-antikvariat","7":"product_cat-antikvariat-casopisy","8":"product_tag-jawa","9":"product_tag-opel","10":"product_tag-praga","12":"first","13":"instock","14":"sale","15":"taxable","16":"shipping-taxable","17":"purchasable","18":"product-type-simple"},"supplier_id":null,"supplier_sku":"","barcode":null,"atum_controlled":false,"out_stock_date":null,"out_stock_threshold":null,"inheritable":false,"inbound_stock":0,"stock_on_hold":0,"sold_today":0,"sales_last_days":0,"reserved_stock":0,"customer_returns":0,"warehouse_damage":0,"lost_in_post":0,"other_logs":0,"out_stock_days":0,"lost_sales":0,"has_location":false,"update_date":"2026-04-05T00:06:51","atum_locations":[],"atum_stock_status":"instock","restock_status":false,"low_stock_amount":"","sales_update_date":"2026-04-05T00:06:51","calc_backorders":null,"aioseo_notices":[],"taxonomy_info":{"product_cat":[{"value":317,"label":"Antikvari\u00e1t"},{"value":348,"label":"Antikvari\u00e1t \u010dasopisy"}],"product_tag":[{"value":227,"label":"Jawa"},{"value":356,"label":"Opel"},{"value":223,"label":"Praga"}]},"featured_image_src_large":["https:\/\/www.motorjournal.cz\/wp-content\/uploads\/2021\/03\/A0634_motorrevue411-1.jpeg",614,851,false],"author_info":[],"comment_info":"","_links":{"self":[{"href":"https:\/\/www.motorjournal.cz\/en\/wp-json\/wp\/v2\/product\/28190","targetHints":{"allow":["GET"]}}],"collection":[{"href":"https:\/\/www.motorjournal.cz\/en\/wp-json\/wp\/v2\/product"}],"about":[{"href":"https:\/\/www.motorjournal.cz\/en\/wp-json\/wp\/v2\/types\/product"}],"wp:featuredmedia":[{"embeddable":true,"href":"https:\/\/www.motorjournal.cz\/en\/wp-json\/wp\/v2\/media\/28191"}],"wp:attachment":[{"href":"https:\/\/www.motorjournal.cz\/en\/wp-json\/wp\/v2\/media?parent=28190"}],"wp:term":[{"taxonomy":"product_brand","embeddable":true,"href":"https:\/\/www.motorjournal.cz\/en\/wp-json\/wp\/v2\/product_brand?post=28190"},{"taxonomy":"product_cat","embeddable":true,"href":"https:\/\/www.motorjournal.cz\/en\/wp-json\/wp\/v2\/product_cat?post=28190"},{"taxonomy":"product_tag","embeddable":true,"href":"https:\/\/www.motorjournal.cz\/en\/wp-json\/wp\/v2\/product_tag?post=28190"}],"curies":[{"name":"wp","href":"https:\/\/api.w.org\/{rel}","templated":true}]}}