{"id":29721,"date":"2021-07-01T12:07:39","date_gmt":"2021-07-01T11:07:39","guid":{"rendered":"https:\/\/www.motorjournal.cz\/?post_type=product&#038;p=29721"},"modified":"2025-11-04T15:24:55","modified_gmt":"2025-11-04T14:24:55","slug":"linja-autoliikenteen-alkuvaiheet-kangasalla-ja-lahiymparistossa","status":"publish","type":"product","link":"https:\/\/www.motorjournal.cz\/en\/product\/linja-autoliikenteen-alkuvaiheet-kangasalla-ja-lahiymparistossa\/","title":{"rendered":"Linja-autoliekmenen alkuvaiheet Kangasalla ja l\u00e4h\u00e4v\u00e4\u00e4\u00e4\u00e4\u00e4"},"content":{"rendered":"<p>A historical overview of the beginnings of bus transport in southern Finland around the city of Kangasalla.<\/p>\n<p>Year of publication: 1985<br \/>\nPublisher: Vehoniemen Automuseo Kangasalla<br \/>\nBinding: V2<br \/>\nFormat: 175 x 250 mm<br \/>\nNumber of pages: 60<br \/>\nCondition: very good<\/p>\n<p>&nbsp;<\/p>\n<p>&nbsp;<\/p>","protected":false},"excerpt":{"rendered":"<p>author: Ossi S\u00e4pysk\u00e4<\/p>","protected":false},"featured_media":29723,"template":"","meta":{"kt_blocks_editor_width":"","_kad_blocks_custom_css":"","_kad_blocks_head_custom_js":"","_kad_blocks_body_custom_js":"","_kad_blocks_footer_custom_js":""},"product_brand":[],"product_cat":[317,347],"product_tag":[221,569,534,390,475,552,360],"class_list":{"0":"post-29721","1":"product","2":"type-product","3":"status-publish","4":"has-post-thumbnail","6":"product_cat-antikvariat","7":"product_cat-antikvariat-knihy","8":"product_tag-autobusy","9":"product_tag-berliet","10":"product_tag-chevrolet","11":"product_tag-ford","12":"product_tag-scania","13":"product_tag-studebaker","14":"product_tag-volvo","16":"first","17":"instock","18":"sale","19":"taxable","20":"shipping-taxable","21":"purchasable","22":"product-type-simple"},"supplier_id":null,"supplier_sku":"","barcode":null,"atum_controlled":false,"out_stock_date":null,"out_stock_threshold":null,"inheritable":false,"inbound_stock":null,"stock_on_hold":0,"sold_today":0,"sales_last_days":0,"reserved_stock":null,"customer_returns":null,"warehouse_damage":null,"lost_in_post":null,"other_logs":null,"out_stock_days":0,"lost_sales":0,"has_location":false,"update_date":"2026-04-06T00:08:22","atum_locations":[],"atum_stock_status":"instock","restock_status":false,"low_stock_amount":"","sales_update_date":"2026-04-06T00:08:22","calc_backorders":null,"aioseo_notices":[],"taxonomy_info":{"product_cat":[{"value":317,"label":"Antikvari\u00e1t"},{"value":347,"label":"Antikvari\u00e1t knihy"}],"product_tag":[{"value":221,"label":"Autobusy"},{"value":569,"label":"Berliet"},{"value":534,"label":"Chevrolet"},{"value":390,"label":"Ford"},{"value":475,"label":"Scania"},{"value":552,"label":"Studebaker"},{"value":360,"label":"Volvo"}]},"featured_image_src_large":["https:\/\/www.motorjournal.cz\/wp-content\/uploads\/2021\/07\/A0769_Linja-1-709x1024.jpg",709,1024,true],"author_info":[],"comment_info":"","_links":{"self":[{"href":"https:\/\/www.motorjournal.cz\/en\/wp-json\/wp\/v2\/product\/29721","targetHints":{"allow":["GET"]}}],"collection":[{"href":"https:\/\/www.motorjournal.cz\/en\/wp-json\/wp\/v2\/product"}],"about":[{"href":"https:\/\/www.motorjournal.cz\/en\/wp-json\/wp\/v2\/types\/product"}],"wp:featuredmedia":[{"embeddable":true,"href":"https:\/\/www.motorjournal.cz\/en\/wp-json\/wp\/v2\/media\/29723"}],"wp:attachment":[{"href":"https:\/\/www.motorjournal.cz\/en\/wp-json\/wp\/v2\/media?parent=29721"}],"wp:term":[{"taxonomy":"product_brand","embeddable":true,"href":"https:\/\/www.motorjournal.cz\/en\/wp-json\/wp\/v2\/product_brand?post=29721"},{"taxonomy":"product_cat","embeddable":true,"href":"https:\/\/www.motorjournal.cz\/en\/wp-json\/wp\/v2\/product_cat?post=29721"},{"taxonomy":"product_tag","embeddable":true,"href":"https:\/\/www.motorjournal.cz\/en\/wp-json\/wp\/v2\/product_tag?post=29721"}],"curies":[{"name":"wp","href":"https:\/\/api.w.org\/{rel}","templated":true}]}}