{"id":29931,"date":"2021-07-20T10:52:09","date_gmt":"2021-07-20T09:52:09","guid":{"rendered":"https:\/\/www.motorjournal.cz\/?post_type=product&#038;p=29931"},"modified":"2024-01-04T13:12:31","modified_gmt":"2024-01-04T12:12:31","slug":"lk-skoda-part-i-upward-path-1895-1945","status":"publish","type":"product","link":"https:\/\/www.motorjournal.cz\/en\/product\/lk-skoda-part-i-upward-path-1895-1945\/","title":{"rendered":"L&amp;K \u2013 \u0160KODA, Part I \u2013 Upward Path 1895-1945"},"content":{"rendered":"<p>The history of the Laurin &amp; Klement and \u0160koda car manufacturers, supplemented with clear tables and technical parameters of all the cars produced. Few car manufacturers in the world can present themselves with such a detailed history.<\/p>\n<p>Year of release: 2004<br \/>\nPublisher: Moto Public<br \/>\nBinding: hardcover with dust jacket<br \/>\nFormat: 215 x 305 mm<br \/>\nNumber of pages: 423<\/p>","protected":false},"excerpt":{"rendered":"<p>autor: Jan Kr\u00e1l\u00edk a&nbsp;Petr Ko\u017e\u00ed\u0161ek<\/p>\n<p>Nejlep\u0161\u00ed kniha o&nbsp;vozech L&amp;K&nbsp;a&nbsp;\u0160koda (ANGLICKY)<\/p>\n<p>&nbsp;<\/p>","protected":false},"featured_media":29932,"template":"","meta":{"kt_blocks_editor_width":"","_kad_blocks_custom_css":"","_kad_blocks_head_custom_js":"","_kad_blocks_body_custom_js":"","_kad_blocks_footer_custom_js":""},"product_brand":[],"product_cat":[175,161],"product_tag":[352,235,228,351,224,371],"class_list":{"0":"post-29931","1":"product","2":"type-product","3":"status-publish","4":"has-post-thumbnail","6":"product_cat-auto","7":"product_cat-knihy","8":"product_tag-automobily","9":"product_tag-karoserie","10":"product_tag-lk","11":"product_tag-osobnosti","12":"product_tag-skoda","13":"product_tag-volkswagen","15":"first","16":"instock","17":"sale","18":"taxable","19":"shipping-taxable","20":"purchasable","21":"product-type-simple"},"supplier_id":null,"supplier_sku":"","barcode":null,"atum_controlled":true,"out_stock_date":null,"out_stock_threshold":null,"inheritable":false,"inbound_stock":0,"stock_on_hold":0,"sold_today":0,"sales_last_days":0,"reserved_stock":0,"customer_returns":0,"warehouse_damage":0,"lost_in_post":0,"other_logs":0,"out_stock_days":0,"lost_sales":0,"has_location":false,"update_date":"2026-04-08T00:13:06","atum_locations":[],"atum_stock_status":"instock","restock_status":false,"low_stock_amount":"","sales_update_date":"2026-04-08T00:13:06","calc_backorders":null,"aioseo_notices":[],"taxonomy_info":{"product_cat":[{"value":175,"label":"Auto"},{"value":161,"label":"Knihy"}],"product_tag":[{"value":352,"label":"Automobily"},{"value":235,"label":"karoserie"},{"value":228,"label":"L&amp;K"},{"value":351,"label":"Osobnosti"},{"value":224,"label":"\u0160koda"},{"value":371,"label":"Volkswagen"}]},"featured_image_src_large":["https:\/\/www.motorjournal.cz\/wp-content\/uploads\/2021\/07\/LaK-Skoda-dil-I-anglicky-20200103_14151224_01-682x1024.jpg",682,1024,true],"author_info":[],"comment_info":"","_links":{"self":[{"href":"https:\/\/www.motorjournal.cz\/en\/wp-json\/wp\/v2\/product\/29931","targetHints":{"allow":["GET"]}}],"collection":[{"href":"https:\/\/www.motorjournal.cz\/en\/wp-json\/wp\/v2\/product"}],"about":[{"href":"https:\/\/www.motorjournal.cz\/en\/wp-json\/wp\/v2\/types\/product"}],"wp:featuredmedia":[{"embeddable":true,"href":"https:\/\/www.motorjournal.cz\/en\/wp-json\/wp\/v2\/media\/29932"}],"wp:attachment":[{"href":"https:\/\/www.motorjournal.cz\/en\/wp-json\/wp\/v2\/media?parent=29931"}],"wp:term":[{"taxonomy":"product_brand","embeddable":true,"href":"https:\/\/www.motorjournal.cz\/en\/wp-json\/wp\/v2\/product_brand?post=29931"},{"taxonomy":"product_cat","embeddable":true,"href":"https:\/\/www.motorjournal.cz\/en\/wp-json\/wp\/v2\/product_cat?post=29931"},{"taxonomy":"product_tag","embeddable":true,"href":"https:\/\/www.motorjournal.cz\/en\/wp-json\/wp\/v2\/product_tag?post=29931"}],"curies":[{"name":"wp","href":"https:\/\/api.w.org\/{rel}","templated":true}]}}