{"id":30569,"date":"2021-10-04T16:11:45","date_gmt":"2021-10-04T15:11:45","guid":{"rendered":"https:\/\/www.motorjournal.cz\/?post_type=product&#038;p=30569"},"modified":"2026-01-08T13:58:07","modified_gmt":"2026-01-08T12:58:07","slug":"karosarna-sodomka-ostatni-vyroba-viii-dil","status":"publish","type":"product","link":"https:\/\/www.motorjournal.cz\/en\/product\/karosarna-sodomka-ostatni-vyroba-viii-dil\/","title":{"rendered":"Sodomka Body Shop \u2013 other production Part VIII, Martin \u0160t\u011bp\u00e1n"},"content":{"rendered":"<p>As part of the systematic processing of sources on the famous Vysok\u00e9 M\u00fdto body shop of Josef Sodomka, another, already VIII. volume of the history of production in Vysok\u00e9 M\u00fdto is coming to the book market. The monograph describes the production of carriages, sleighs, children&#039;s carts, a highway, a scooter and especially many types of towing vehicles, including residential ones. More than 400 period photographs, part of the custom book, copies of design drawings, technical documentation and other period documents form the essential content of the publication, which should be added to the previous works.<\/p>\n<p>Published by the Regional Museum in Vysok\u00e9 M\u00fdto, hardcover, format 21.5 x 30.5 cm, 224 pages.<\/p>\n<p>ISBN 978-80-904401-66.<\/p>","protected":false},"excerpt":{"rendered":"<p>As part of the systematic processing of sources on the famous Vysok\u00e9 M\u00fdto body shop of Josef Sodomka, another, already VIII. volume of the history of production in Vysok\u00e9 M\u00fdto is coming to the book market. The monograph describes the production of carriages, sleighs, children&#039;s carts, a highway, a scooter and especially many types of towing vehicles, including residential ones. More than 400 period photographs, part of the custom book, copies of design drawings, technical documentation and other period documents form the essential content of the publication, which should be added to the previous works.<\/p>","protected":false},"featured_media":30570,"template":"","meta":{"kt_blocks_editor_width":"","_kad_blocks_custom_css":"","_kad_blocks_head_custom_js":"","_kad_blocks_body_custom_js":"","_kad_blocks_footer_custom_js":""},"product_brand":[],"product_cat":[175,161,176,171],"product_tag":[218],"class_list":{"0":"post-30569","1":"product","2":"type-product","3":"status-publish","4":"has-post-thumbnail","6":"product_cat-auto","7":"product_cat-knihy","8":"product_cat-moto","9":"product_cat-ostatni","10":"product_tag-sodomka","12":"first","13":"instock","14":"sale","15":"taxable","16":"shipping-taxable","17":"purchasable","18":"product-type-simple"},"supplier_id":null,"supplier_sku":"","barcode":null,"atum_controlled":true,"out_stock_date":null,"out_stock_threshold":null,"inheritable":false,"inbound_stock":0,"stock_on_hold":0,"sold_today":0,"sales_last_days":0,"reserved_stock":0,"customer_returns":0,"warehouse_damage":0,"lost_in_post":0,"other_logs":0,"out_stock_days":0,"lost_sales":0,"has_location":false,"update_date":"2026-04-05T00:07:08","atum_locations":[],"atum_stock_status":"instock","restock_status":false,"low_stock_amount":"","sales_update_date":"2026-04-05T00:07:08","calc_backorders":null,"aioseo_notices":[],"taxonomy_info":{"product_cat":[{"value":175,"label":"Auto"},{"value":161,"label":"Knihy"},{"value":176,"label":"Moto"},{"value":171,"label":"Ostatn\u00ed"}],"product_tag":[{"value":218,"label":"Sodomka"}]},"featured_image_src_large":["https:\/\/www.motorjournal.cz\/wp-content\/uploads\/2021\/10\/Sodomka-VIII-001-723x1024.jpg",723,1024,true],"author_info":[],"comment_info":"","_links":{"self":[{"href":"https:\/\/www.motorjournal.cz\/en\/wp-json\/wp\/v2\/product\/30569","targetHints":{"allow":["GET"]}}],"collection":[{"href":"https:\/\/www.motorjournal.cz\/en\/wp-json\/wp\/v2\/product"}],"about":[{"href":"https:\/\/www.motorjournal.cz\/en\/wp-json\/wp\/v2\/types\/product"}],"wp:featuredmedia":[{"embeddable":true,"href":"https:\/\/www.motorjournal.cz\/en\/wp-json\/wp\/v2\/media\/30570"}],"wp:attachment":[{"href":"https:\/\/www.motorjournal.cz\/en\/wp-json\/wp\/v2\/media?parent=30569"}],"wp:term":[{"taxonomy":"product_brand","embeddable":true,"href":"https:\/\/www.motorjournal.cz\/en\/wp-json\/wp\/v2\/product_brand?post=30569"},{"taxonomy":"product_cat","embeddable":true,"href":"https:\/\/www.motorjournal.cz\/en\/wp-json\/wp\/v2\/product_cat?post=30569"},{"taxonomy":"product_tag","embeddable":true,"href":"https:\/\/www.motorjournal.cz\/en\/wp-json\/wp\/v2\/product_tag?post=30569"}],"curies":[{"name":"wp","href":"https:\/\/api.w.org\/{rel}","templated":true}]}}