{"id":30733,"date":"2021-10-24T16:01:31","date_gmt":"2021-10-24T15:01:31","guid":{"rendered":"https:\/\/www.motorjournal.cz\/?post_type=product&#038;p=30733"},"modified":"2025-12-19T13:11:05","modified_gmt":"2025-12-19T12:11:05","slug":"zapadoceske-zavody-a-okruhy-stoleti-zapadoceskeho-silnicniho-zavodeni","status":"publish","type":"product","link":"https:\/\/www.motorjournal.cz\/en\/product\/zapadoceske-zavody-a-okruhy-stoleti-zapadoceskeho-silnicniho-zavodeni\/","title":{"rendered":"West Bohemian Races and Circuits. A Century of West Bohemian Road Racing, Ji\u0159\u00ed Wohlmuth"},"content":{"rendered":"<p>West Bohemian Races and Circuits is a continuation of memories of motor racing on city circuits and hillclimbs. It loosely follows on from the editions from Central and Northern Bohemia, Moravia and Silesia. Road races in West Bohemia began in the mid-1920s. They were considerably more modest than those in other parts of the country, but for example the famous races in Pilsen Lochot\u00edn were very significant and famous racers regularly started in them.<br \/>\nThe first pre-war part deals not only with racing in Pilsen and the surrounding area, but also in the spa town of Karlovy Vary. The second part chronologically deals with post-war racing in a number of places, Cheb, Kdy\u0148, Klatovy and Nepomuk. In the third separate part, you will get to know several excellent racers, designers and mechanics, whose names were famous throughout Europe in their time - Otto Krattner, Josef Luk\u0161\u00edk, Alb\u00edn Patlejch, V\u00e1clav Pauer, Josef Sloup, Franti\u0161ek Sutnar, Miloslav Vali\u0161. The book is complemented by circuit maps, period, previously unpublished photographs and, as is traditional, results reports.<\/p>\n<p>Grada Publishing House, hardcover, format 16.5 x 24 cm, 136 pages.<\/p>\n<p>ISBN 978-80-271-3147-1.<\/p>","protected":false},"excerpt":{"rendered":"<p>West Bohemian Races and Circuits is a continuation of memories of motor racing on city circuits and hillclimbs. It loosely follows on from the editions from Central and Northern Bohemia, Moravia and Silesia. Road races in West Bohemia began in the mid-1920s. They were considerably more modest than those in other parts of the country, but for example the famous races in Pilsen Lochot\u00edn were very significant and famous racers regularly started in them.<br \/>\nThe first pre-war part deals not only with racing in Pilsen and the surrounding area, but also in the spa town of Karlovy Vary. The second part chronologically deals with post-war racing in a number of places, Cheb, Kdy\u0148, Klatovy and Nepomuk. In the third separate part, you will get to know several excellent racers, designers and mechanics, whose names were famous throughout Europe in their time - Otto Krattner, Josef Luk\u0161\u00edk, Alb\u00edn Patlejch, V\u00e1clav Pauer, Josef Sloup, Franti\u0161ek Sutnar, Miloslav Vali\u0161. The book is complemented by circuit maps, period, previously unpublished photographs and, as is traditional, results reports.<\/p>","protected":false},"featured_media":30734,"template":"","meta":{"kt_blocks_editor_width":"","_kad_blocks_custom_css":"","_kad_blocks_head_custom_js":"","_kad_blocks_body_custom_js":"","_kad_blocks_footer_custom_js":""},"product_brand":[],"product_cat":[161,177],"product_tag":[282,229],"class_list":{"0":"post-30733","1":"product","2":"type-product","3":"status-publish","4":"has-post-thumbnail","6":"product_cat-knihy","7":"product_cat-motoristicky-sport","8":"product_tag-okruhy","9":"product_tag-zavody","11":"first","12":"instock","13":"sale","14":"taxable","15":"shipping-taxable","16":"purchasable","17":"product-type-simple"},"supplier_id":null,"supplier_sku":"","barcode":null,"atum_controlled":true,"out_stock_date":null,"out_stock_threshold":null,"inheritable":false,"inbound_stock":0,"stock_on_hold":0,"sold_today":0,"sales_last_days":0,"reserved_stock":0,"customer_returns":0,"warehouse_damage":0,"lost_in_post":0,"other_logs":0,"out_stock_days":0,"lost_sales":0,"has_location":false,"update_date":"2026-04-04T00:06:44","atum_locations":[],"atum_stock_status":"instock","restock_status":false,"low_stock_amount":0,"sales_update_date":"2026-04-04T00:06:44","calc_backorders":null,"aioseo_notices":[],"taxonomy_info":{"product_cat":[{"value":161,"label":"Knihy"},{"value":177,"label":"Motoristick\u00fd sport"}],"product_tag":[{"value":282,"label":"okruhy"},{"value":229,"label":"z\u00e1vody"}]},"featured_image_src_large":["https:\/\/www.motorjournal.cz\/wp-content\/uploads\/2021\/10\/Zapadoceske-okruhy-Wohl-001-698x1024.jpg",698,1024,true],"author_info":[],"comment_info":"","_links":{"self":[{"href":"https:\/\/www.motorjournal.cz\/en\/wp-json\/wp\/v2\/product\/30733","targetHints":{"allow":["GET"]}}],"collection":[{"href":"https:\/\/www.motorjournal.cz\/en\/wp-json\/wp\/v2\/product"}],"about":[{"href":"https:\/\/www.motorjournal.cz\/en\/wp-json\/wp\/v2\/types\/product"}],"wp:featuredmedia":[{"embeddable":true,"href":"https:\/\/www.motorjournal.cz\/en\/wp-json\/wp\/v2\/media\/30734"}],"wp:attachment":[{"href":"https:\/\/www.motorjournal.cz\/en\/wp-json\/wp\/v2\/media?parent=30733"}],"wp:term":[{"taxonomy":"product_brand","embeddable":true,"href":"https:\/\/www.motorjournal.cz\/en\/wp-json\/wp\/v2\/product_brand?post=30733"},{"taxonomy":"product_cat","embeddable":true,"href":"https:\/\/www.motorjournal.cz\/en\/wp-json\/wp\/v2\/product_cat?post=30733"},{"taxonomy":"product_tag","embeddable":true,"href":"https:\/\/www.motorjournal.cz\/en\/wp-json\/wp\/v2\/product_tag?post=30733"}],"curies":[{"name":"wp","href":"https:\/\/api.w.org\/{rel}","templated":true}]}}