{"id":30996,"date":"2021-11-07T20:09:45","date_gmt":"2021-11-07T19:09:45","guid":{"rendered":"https:\/\/www.motorjournal.cz\/?post_type=product&#038;p=30996"},"modified":"2025-11-04T15:24:51","modified_gmt":"2025-11-04T14:24:51","slug":"technika-a-vojenstvi-vcera-dnes-a-zitra","status":"publish","type":"product","link":"https:\/\/www.motorjournal.cz\/en\/product\/technika-a-vojenstvi-vcera-dnes-a-zitra\/","title":{"rendered":"Technology and military yesterday, today and tomorrow"},"content":{"rendered":"<p>Description of military technology from flints to rockets and an outline of space technology.<\/p>\n<p>Year of publication: 1989<br \/>\nPublisher: Our Army<br \/>\nBinding: sewn in hardcover<br \/>\nFormat: 170 x 245 mm<br \/>\nNumber of pages: 364<br \/>\nCondition: good<\/p>\n<p>&nbsp;<\/p>\n<p>&nbsp;<\/p>","protected":false},"excerpt":{"rendered":"<p>author: Jind\u0159ich Kl\u016fna, Vojt\u011bch Hrub\u00fd<\/p>","protected":false},"featured_media":30998,"template":"","meta":{"kt_blocks_editor_width":"","_kad_blocks_custom_css":"","_kad_blocks_head_custom_js":"","_kad_blocks_body_custom_js":"","_kad_blocks_footer_custom_js":""},"product_brand":[],"product_cat":[317,347],"product_tag":[351,346],"class_list":{"0":"post-30996","1":"product","2":"type-product","3":"status-publish","4":"has-post-thumbnail","6":"product_cat-antikvariat","7":"product_cat-antikvariat-knihy","8":"product_tag-osobnosti","9":"product_tag-vojenske-automobily","11":"first","12":"instock","13":"sale","14":"taxable","15":"shipping-taxable","16":"purchasable","17":"product-type-simple"},"supplier_id":null,"supplier_sku":"","barcode":null,"atum_controlled":false,"out_stock_date":null,"out_stock_threshold":null,"inheritable":false,"inbound_stock":null,"stock_on_hold":0,"sold_today":0,"sales_last_days":0,"reserved_stock":null,"customer_returns":null,"warehouse_damage":null,"lost_in_post":null,"other_logs":null,"out_stock_days":0,"lost_sales":0,"has_location":false,"update_date":"2026-04-04T00:06:31","atum_locations":[],"atum_stock_status":"instock","restock_status":false,"low_stock_amount":"","sales_update_date":"2026-04-04T00:06:31","calc_backorders":null,"aioseo_notices":[],"taxonomy_info":{"product_cat":[{"value":317,"label":"Antikvari\u00e1t"},{"value":347,"label":"Antikvari\u00e1t knihy"}],"product_tag":[{"value":351,"label":"Osobnosti"},{"value":346,"label":"vojensk\u00e9 automobily"}]},"featured_image_src_large":["https:\/\/www.motorjournal.cz\/wp-content\/uploads\/2021\/11\/A0829_tech-vojen-1.jpeg",510,732,false],"author_info":[],"comment_info":"","_links":{"self":[{"href":"https:\/\/www.motorjournal.cz\/en\/wp-json\/wp\/v2\/product\/30996","targetHints":{"allow":["GET"]}}],"collection":[{"href":"https:\/\/www.motorjournal.cz\/en\/wp-json\/wp\/v2\/product"}],"about":[{"href":"https:\/\/www.motorjournal.cz\/en\/wp-json\/wp\/v2\/types\/product"}],"wp:featuredmedia":[{"embeddable":true,"href":"https:\/\/www.motorjournal.cz\/en\/wp-json\/wp\/v2\/media\/30998"}],"wp:attachment":[{"href":"https:\/\/www.motorjournal.cz\/en\/wp-json\/wp\/v2\/media?parent=30996"}],"wp:term":[{"taxonomy":"product_brand","embeddable":true,"href":"https:\/\/www.motorjournal.cz\/en\/wp-json\/wp\/v2\/product_brand?post=30996"},{"taxonomy":"product_cat","embeddable":true,"href":"https:\/\/www.motorjournal.cz\/en\/wp-json\/wp\/v2\/product_cat?post=30996"},{"taxonomy":"product_tag","embeddable":true,"href":"https:\/\/www.motorjournal.cz\/en\/wp-json\/wp\/v2\/product_tag?post=30996"}],"curies":[{"name":"wp","href":"https:\/\/api.w.org\/{rel}","templated":true}]}}