{"id":31030,"date":"2021-11-08T14:39:04","date_gmt":"2021-11-08T13:39:04","guid":{"rendered":"https:\/\/www.motorjournal.cz\/?post_type=product&#038;p=31030"},"modified":"2025-11-04T15:24:51","modified_gmt":"2025-11-04T14:24:51","slug":"detali-gruzovych-avtomobilej-zil-130","status":"publish","type":"product","link":"https:\/\/www.motorjournal.cz\/en\/product\/detali-gruzovych-avtomobilej-zil-130\/","title":{"rendered":"Details of ZIL-130 Georgian cars"},"content":{"rendered":"<p>List of spare parts for the ZIL-130 for Soviet car repair shops. In the Russian original!<\/p>\n<p>Year of publication: 1968<br \/>\nPublisher: Mechanical Engineering<br \/>\nBinding: sewn in hardcover<br \/>\nFormat: 210 x 270 mm<br \/>\nNumber of pages: 366<br \/>\nCondition: good, except for worn boards<\/p>\n<p>&nbsp;<\/p>\n<p>&nbsp;<\/p>","protected":false},"excerpt":{"rendered":"<p>List of spare parts for the ZIL-130 for Soviet car repair shops. In the Russian original! Year of publication: 1968 Publisher: Ma\u0161inostroenie Binding: sewn in hard covers Format: 210 x 270 mm Number of pages: 366 Condition: good, except for worn covers &nbsp; &nbsp;<\/p>","protected":false},"featured_media":31031,"template":"","meta":{"kt_blocks_editor_width":"","_kad_blocks_custom_css":"","_kad_blocks_head_custom_js":"","_kad_blocks_body_custom_js":"","_kad_blocks_footer_custom_js":""},"product_brand":[],"product_cat":[317,365],"product_tag":[361,346,588],"class_list":{"0":"post-31030","1":"product","2":"type-product","3":"status-publish","4":"has-post-thumbnail","6":"product_cat-antikvariat","7":"product_cat-antikvariat-manualy-seznamy-nahradnich-dilu","8":"product_tag-nakladni-automobily","9":"product_tag-vojenske-automobily","10":"product_tag-zil","12":"first","13":"instock","14":"sale","15":"taxable","16":"shipping-taxable","17":"purchasable","18":"product-type-simple"},"supplier_id":null,"supplier_sku":"","barcode":null,"atum_controlled":false,"out_stock_date":null,"out_stock_threshold":null,"inheritable":false,"inbound_stock":null,"stock_on_hold":0,"sold_today":0,"sales_last_days":0,"reserved_stock":null,"customer_returns":null,"warehouse_damage":null,"lost_in_post":null,"other_logs":null,"out_stock_days":0,"lost_sales":0,"has_location":false,"update_date":"2026-04-05T00:06:48","atum_locations":[],"atum_stock_status":"instock","restock_status":false,"low_stock_amount":"","sales_update_date":"2026-04-05T00:06:48","calc_backorders":null,"aioseo_notices":[],"taxonomy_info":{"product_cat":[{"value":317,"label":"Antikvari\u00e1t"},{"value":365,"label":"Antikvari\u00e1t manu\u00e1ly, seznamy n\u00e1hradn\u00edch d\u00edl\u016f"}],"product_tag":[{"value":361,"label":"N\u00e1kladn\u00ed automobily"},{"value":346,"label":"vojensk\u00e9 automobily"},{"value":588,"label":"ZIL"}]},"featured_image_src_large":["https:\/\/www.motorjournal.cz\/wp-content\/uploads\/2021\/11\/A0832_detaligruzov-zil-1-e1636379273388.jpeg",618,785,false],"author_info":[],"comment_info":"","_links":{"self":[{"href":"https:\/\/www.motorjournal.cz\/en\/wp-json\/wp\/v2\/product\/31030","targetHints":{"allow":["GET"]}}],"collection":[{"href":"https:\/\/www.motorjournal.cz\/en\/wp-json\/wp\/v2\/product"}],"about":[{"href":"https:\/\/www.motorjournal.cz\/en\/wp-json\/wp\/v2\/types\/product"}],"wp:featuredmedia":[{"embeddable":true,"href":"https:\/\/www.motorjournal.cz\/en\/wp-json\/wp\/v2\/media\/31031"}],"wp:attachment":[{"href":"https:\/\/www.motorjournal.cz\/en\/wp-json\/wp\/v2\/media?parent=31030"}],"wp:term":[{"taxonomy":"product_brand","embeddable":true,"href":"https:\/\/www.motorjournal.cz\/en\/wp-json\/wp\/v2\/product_brand?post=31030"},{"taxonomy":"product_cat","embeddable":true,"href":"https:\/\/www.motorjournal.cz\/en\/wp-json\/wp\/v2\/product_cat?post=31030"},{"taxonomy":"product_tag","embeddable":true,"href":"https:\/\/www.motorjournal.cz\/en\/wp-json\/wp\/v2\/product_tag?post=31030"}],"curies":[{"name":"wp","href":"https:\/\/api.w.org\/{rel}","templated":true}]}}