{"id":31035,"date":"2021-11-08T14:50:03","date_gmt":"2021-11-08T13:50:03","guid":{"rendered":"https:\/\/www.motorjournal.cz\/?post_type=product&#038;p=31035"},"modified":"2025-11-04T15:24:51","modified_gmt":"2025-11-04T14:24:51","slug":"gruzovye-avtomobili-zil","status":"publish","type":"product","link":"https:\/\/www.motorjournal.cz\/en\/product\/gruzovye-avtomobili-zil\/","title":{"rendered":"ZIL cargo cars, Part 1"},"content":{"rendered":"<p>Operation and maintenance manual for ZIL-130, ZIL-131 and ZIL-157K trucks. In the original Russian!<\/p>\n<p>Year of publication: 1972<br \/>\nPublisher: Avtoexport<br \/>\nBinding: sewn in hardcover<br \/>\nFormat: 225 x 300 mm<br \/>\nNumber of pages: 356<br \/>\nCondition: excellent<\/p>\n<p>&nbsp;<\/p>\n<p>&nbsp;<\/p>","protected":false},"excerpt":{"rendered":"<p>Operation and maintenance manual for ZIL-130, ZIL-131 and ZIL-157K trucks. In the Russian original! Year of publication: 1972 Publisher: Avtoexport Binding: sewn in hardcover Format: 225 x 300 mm Number of pages: 356 Condition: excellent &nbsp; &nbsp;<\/p>","protected":false},"featured_media":31040,"template":"","meta":{"kt_blocks_editor_width":"","_kad_blocks_custom_css":"","_kad_blocks_head_custom_js":"","_kad_blocks_body_custom_js":"","_kad_blocks_footer_custom_js":""},"product_brand":[],"product_cat":[317,365],"product_tag":[361,346,588],"class_list":{"0":"post-31035","1":"product","2":"type-product","3":"status-publish","4":"has-post-thumbnail","6":"product_cat-antikvariat","7":"product_cat-antikvariat-manualy-seznamy-nahradnich-dilu","8":"product_tag-nakladni-automobily","9":"product_tag-vojenske-automobily","10":"product_tag-zil","12":"first","13":"instock","14":"sale","15":"taxable","16":"shipping-taxable","17":"purchasable","18":"product-type-simple"},"supplier_id":null,"supplier_sku":"","barcode":null,"atum_controlled":false,"out_stock_date":null,"out_stock_threshold":null,"inheritable":false,"inbound_stock":null,"stock_on_hold":0,"sold_today":0,"sales_last_days":0,"reserved_stock":null,"customer_returns":null,"warehouse_damage":null,"lost_in_post":null,"other_logs":null,"out_stock_days":0,"lost_sales":0,"has_location":false,"update_date":"2026-04-05T00:06:46","atum_locations":[],"atum_stock_status":"instock","restock_status":false,"low_stock_amount":"","sales_update_date":"2026-04-05T00:06:46","calc_backorders":null,"aioseo_notices":[],"taxonomy_info":{"product_cat":[{"value":317,"label":"Antikvari\u00e1t"},{"value":365,"label":"Antikvari\u00e1t manu\u00e1ly, seznamy n\u00e1hradn\u00edch d\u00edl\u016f"}],"product_tag":[{"value":361,"label":"N\u00e1kladn\u00ed automobily"},{"value":346,"label":"vojensk\u00e9 automobily"},{"value":588,"label":"ZIL"}]},"featured_image_src_large":["https:\/\/www.motorjournal.cz\/wp-content\/uploads\/2021\/11\/A0833_gruzovye-zil-1.jpeg",624,846,false],"author_info":[],"comment_info":"","_links":{"self":[{"href":"https:\/\/www.motorjournal.cz\/en\/wp-json\/wp\/v2\/product\/31035","targetHints":{"allow":["GET"]}}],"collection":[{"href":"https:\/\/www.motorjournal.cz\/en\/wp-json\/wp\/v2\/product"}],"about":[{"href":"https:\/\/www.motorjournal.cz\/en\/wp-json\/wp\/v2\/types\/product"}],"wp:featuredmedia":[{"embeddable":true,"href":"https:\/\/www.motorjournal.cz\/en\/wp-json\/wp\/v2\/media\/31040"}],"wp:attachment":[{"href":"https:\/\/www.motorjournal.cz\/en\/wp-json\/wp\/v2\/media?parent=31035"}],"wp:term":[{"taxonomy":"product_brand","embeddable":true,"href":"https:\/\/www.motorjournal.cz\/en\/wp-json\/wp\/v2\/product_brand?post=31035"},{"taxonomy":"product_cat","embeddable":true,"href":"https:\/\/www.motorjournal.cz\/en\/wp-json\/wp\/v2\/product_cat?post=31035"},{"taxonomy":"product_tag","embeddable":true,"href":"https:\/\/www.motorjournal.cz\/en\/wp-json\/wp\/v2\/product_tag?post=31035"}],"curies":[{"name":"wp","href":"https:\/\/api.w.org\/{rel}","templated":true}]}}