{"id":3162,"date":"2017-09-15T13:26:11","date_gmt":"2017-09-15T12:26:11","guid":{"rendered":"http:\/\/www.motorjournal.cz\/?post_type=product&#038;p=3162"},"modified":"2025-01-29T09:25:16","modified_gmt":"2025-01-29T08:25:16","slug":"auta-prvni-republiky-1918-1938","status":"publish","type":"product","link":"https:\/\/www.motorjournal.cz\/en\/product\/auta-prvni-republiky-1918-1938\/","title":{"rendered":"Cars of the First Republic 1918 \u2013 1938, Jan Tu\u010dek"},"content":{"rendered":"<p>&nbsp;<\/p>\n<p style=\"font-size: 16px;\">A representative publication with perfectly crafted graphics prepared by a renowned author. The content consists of descriptions of passenger cars manufactured in Czechoslovakia between 1918 and 1938, their basic technical data. In addition to cars from large factories (Praga, \u0160koda, Tatra), cars from smaller manufacturers (Aero, Jawa, Walter, Wikov, Z) are also presented, as well as cars from small brands (Disk, Enka, Gatter, Isis, Stelka, Trimobil ...) - a total of 33 of the most important brands. In each chapter, the reader will find sales statistics in individual years, period prices and other technical information. A total of 600 exclusively period photographs are used in the chapters of individual production brands. The last chapter contains 52 copies of period brochures of the listed car manufacturers. The new book will be an ornament to the library, a source of much new information, a pleasure for the reader and a joy for the owner ...<\/p>\n<p style=\"font-size: 16px;\" align=\"LEFT\"><span style=\"font-family: Arial, sans-serif; font-size: 16px;\"><span style=\"font-size: 16px;\">Published by Grada Publishing House, hardcover, format 21.5 x 25.5 cm, 352 pages.<\/span><\/span><\/p>\n<p align=\"LEFT\">\u00a0ISBN 978-80-271-0466-6.<\/p>","protected":false},"excerpt":{"rendered":"<p><!-- @page { size: 21cm 29.7cm; margin: 2cm } P { margin-bottom: 0.21cm } --><\/p>\n<p>A representative publication with perfectly crafted graphics prepared by a renowned author. The content consists of descriptions of passenger cars manufactured in Czechoslovakia between 1918 and 1938, their basic technical data. In addition to cars from large factories (Praga, \u0160koda, Tatra), cars from smaller manufacturers (Aero, Jawa, Walter, Wikov, Z) are also presented, as well as cars from small brands (Disk, Enka, Gatter, Isis, Stelka, Trimobil ...) - a total of 33 of the most important brands. In each chapter, the reader will find sales statistics in individual years, period prices and other technical information. A total of 600 exclusively period photographs are used in the chapters of individual production brands. The last chapter contains 52 copies of period brochures of the listed car manufacturers. The new book will be an ornament to the library, a source of much new information, a pleasure for the reader and a joy for the owner ...<\/p>","protected":false},"featured_media":3161,"template":"","meta":{"kt_blocks_editor_width":"","_kad_blocks_custom_css":"","_kad_blocks_head_custom_js":"","_kad_blocks_body_custom_js":"","_kad_blocks_footer_custom_js":""},"product_brand":[],"product_cat":[175,161],"product_tag":[230,222,284,285,286,287,288,289,290,291,292,227,293,294,295,296,297,298,299,300,223,301,304,224,305,302,303,219,306,307,232,237],"class_list":{"0":"post-3162","1":"product","2":"type-product","3":"status-publish","4":"has-post-thumbnail","6":"product_cat-auto","7":"product_cat-knihy","8":"product_tag-z","9":"product_tag-aero","10":"product_tag-atlanta","11":"product_tag-centaur","12":"product_tag-disk","13":"product_tag-enka","14":"product_tag-ferra","15":"product_tag-frm","16":"product_tag-gatter","17":"product_tag-hara","18":"product_tag-isis","19":"product_tag-jawa","20":"product_tag-josef-walter","21":"product_tag-juja","22":"product_tag-kroboth","23":"product_tag-laurin-a-klement","24":"product_tag-myron","25":"product_tag-novo","26":"product_tag-omega","27":"product_tag-panek","28":"product_tag-praga","29":"product_tag-rex","30":"product_tag-sibrava","31":"product_tag-skoda","32":"product_tag-skoda-hispano-suiza","33":"product_tag-start","34":"product_tag-stelka","35":"product_tag-tatra","36":"product_tag-trimobil","37":"product_tag-vaja","38":"product_tag-walter","39":"product_tag-wikov","41":"first","42":"instock","43":"sale","44":"taxable","45":"shipping-taxable","46":"purchasable","47":"product-type-simple"},"supplier_id":null,"supplier_sku":"","barcode":null,"atum_controlled":true,"out_stock_date":null,"out_stock_threshold":null,"inheritable":false,"inbound_stock":0,"stock_on_hold":0,"sold_today":0,"sales_last_days":0,"reserved_stock":0,"customer_returns":0,"warehouse_damage":0,"lost_in_post":0,"other_logs":0,"out_stock_days":0,"lost_sales":0,"has_location":false,"update_date":"2026-04-05T00:05:36","atum_locations":[],"atum_stock_status":"instock","restock_status":false,"low_stock_amount":0,"sales_update_date":"2026-04-05T00:05:36","calc_backorders":null,"aioseo_notices":[],"taxonomy_info":{"product_cat":[{"value":175,"label":"Auto"},{"value":161,"label":"Knihy"}],"product_tag":[{"value":230,"label":"\"Z\""},{"value":222,"label":"Aero"},{"value":284,"label":"Atlanta"},{"value":285,"label":"Centaur"},{"value":286,"label":"Disk"},{"value":287,"label":"Enka"},{"value":288,"label":"Ferra"},{"value":289,"label":"FRM"},{"value":290,"label":"Gatter"},{"value":291,"label":"Hara"},{"value":292,"label":"Isis"},{"value":227,"label":"Jawa"},{"value":293,"label":"Josef Walter"},{"value":294,"label":"Juja"},{"value":295,"label":"Kroboth"},{"value":296,"label":"Laurin a Klement"},{"value":297,"label":"Myron"},{"value":298,"label":"Novo"},{"value":299,"label":"Omega"},{"value":300,"label":"P\u00e1nek"},{"value":223,"label":"Praga"},{"value":301,"label":"Rex"},{"value":304,"label":"\u0160ibrava"},{"value":224,"label":"\u0160koda"},{"value":305,"label":"\u0160koda Hispano-Suiza"},{"value":302,"label":"Start"},{"value":303,"label":"Stelka"},{"value":219,"label":"Tatra"},{"value":306,"label":"Trimobil"},{"value":307,"label":"Vaja"},{"value":232,"label":"Walter"},{"value":237,"label":"Wikov"}]},"featured_image_src_large":["https:\/\/www.motorjournal.cz\/wp-content\/uploads\/2017\/09\/Automobily-18-38-Tucek001-848x1024.jpg",848,1024,true],"author_info":[],"comment_info":"","_links":{"self":[{"href":"https:\/\/www.motorjournal.cz\/en\/wp-json\/wp\/v2\/product\/3162","targetHints":{"allow":["GET"]}}],"collection":[{"href":"https:\/\/www.motorjournal.cz\/en\/wp-json\/wp\/v2\/product"}],"about":[{"href":"https:\/\/www.motorjournal.cz\/en\/wp-json\/wp\/v2\/types\/product"}],"wp:featuredmedia":[{"embeddable":true,"href":"https:\/\/www.motorjournal.cz\/en\/wp-json\/wp\/v2\/media\/3161"}],"wp:attachment":[{"href":"https:\/\/www.motorjournal.cz\/en\/wp-json\/wp\/v2\/media?parent=3162"}],"wp:term":[{"taxonomy":"product_brand","embeddable":true,"href":"https:\/\/www.motorjournal.cz\/en\/wp-json\/wp\/v2\/product_brand?post=3162"},{"taxonomy":"product_cat","embeddable":true,"href":"https:\/\/www.motorjournal.cz\/en\/wp-json\/wp\/v2\/product_cat?post=3162"},{"taxonomy":"product_tag","embeddable":true,"href":"https:\/\/www.motorjournal.cz\/en\/wp-json\/wp\/v2\/product_tag?post=3162"}],"curies":[{"name":"wp","href":"https:\/\/api.w.org\/{rel}","templated":true}]}}