{"id":31929,"date":"2021-12-28T13:39:13","date_gmt":"2021-12-28T12:39:13","guid":{"rendered":"https:\/\/www.motorjournal.cz\/?post_type=product&#038;p=31929"},"modified":"2026-01-04T21:35:09","modified_gmt":"2026-01-04T20:35:09","slug":"martin-reissner-stoleti-motocyklu-3-rozsirene-vydani","status":"publish","type":"product","link":"https:\/\/www.motorjournal.cz\/en\/product\/martin-reissner-stoleti-motocyklu-3-rozsirene-vydani\/","title":{"rendered":"A Century of the Motorcycle (3rd Expanded Edition), Martin Reissner"},"content":{"rendered":"<p>The Century of the Motorcycle is an original Czech publication by Martin Reissner about the technical, social, economic, artistic and sporting contexts, the history of the production and use of two-wheeled vehicles with internal combustion engines. Geographically, the content specifically maps the territories of the United Kingdom of Great Britain and Northern Ireland, the United States of America, Germany, and a large space is dedicated to machines manufactured in the Czech lands. Historical and modern photographs complement the texts about individual brands and types of motorcycles.<\/p>","protected":false},"excerpt":{"rendered":"<p>The Century of the Motorcycle is an original Czech publication by Martin Reissner about the technical, social, economic, artistic and sporting contexts, the history of the production and use of two-wheeled vehicles with internal combustion engines. Geographically, the content specifically maps the territories of the United Kingdom of Great Britain and Northern Ireland, the United States of America, Germany, and a large space is dedicated to machines manufactured in the Czech lands. Historical and modern photographs complement the texts about individual brands and types of motorcycles.<\/p>\n<p>Form\u00e1t 210 x 210 mm, pevn\u00e1 vazba s&nbsp;p\u0159ebalem, 472 stran<br \/>\nISBN 978-80-88260-52-3<\/p>","protected":false},"featured_media":31930,"template":"","meta":{"kt_blocks_editor_width":"","_kad_blocks_custom_css":"","_kad_blocks_head_custom_js":"","_kad_blocks_body_custom_js":"","_kad_blocks_footer_custom_js":""},"product_brand":[],"product_cat":[161,176],"product_tag":[353],"class_list":{"0":"post-31929","1":"product","2":"type-product","3":"status-publish","4":"has-post-thumbnail","6":"product_cat-knihy","7":"product_cat-moto","8":"product_tag-motocykly","10":"first","11":"instock","12":"sale","13":"taxable","14":"shipping-taxable","15":"purchasable","16":"product-type-simple"},"supplier_id":null,"supplier_sku":"","barcode":null,"atum_controlled":true,"out_stock_date":null,"out_stock_threshold":null,"inheritable":false,"inbound_stock":0,"stock_on_hold":0,"sold_today":0,"sales_last_days":0,"reserved_stock":0,"customer_returns":0,"warehouse_damage":0,"lost_in_post":0,"other_logs":0,"out_stock_days":0,"lost_sales":0,"has_location":false,"update_date":"2026-04-04T00:06:52","atum_locations":[],"atum_stock_status":"instock","restock_status":false,"low_stock_amount":"","sales_update_date":"2026-04-04T00:06:52","calc_backorders":null,"aioseo_notices":[],"taxonomy_info":{"product_cat":[{"value":161,"label":"Knihy"},{"value":176,"label":"Moto"}],"product_tag":[{"value":353,"label":"Motocykly"}]},"featured_image_src_large":["https:\/\/www.motorjournal.cz\/wp-content\/uploads\/2021\/12\/Stoleti-motocyklu-3.-vydani-001-1013x1024.jpg",1013,1024,true],"author_info":[],"comment_info":"","_links":{"self":[{"href":"https:\/\/www.motorjournal.cz\/en\/wp-json\/wp\/v2\/product\/31929","targetHints":{"allow":["GET"]}}],"collection":[{"href":"https:\/\/www.motorjournal.cz\/en\/wp-json\/wp\/v2\/product"}],"about":[{"href":"https:\/\/www.motorjournal.cz\/en\/wp-json\/wp\/v2\/types\/product"}],"wp:featuredmedia":[{"embeddable":true,"href":"https:\/\/www.motorjournal.cz\/en\/wp-json\/wp\/v2\/media\/31930"}],"wp:attachment":[{"href":"https:\/\/www.motorjournal.cz\/en\/wp-json\/wp\/v2\/media?parent=31929"}],"wp:term":[{"taxonomy":"product_brand","embeddable":true,"href":"https:\/\/www.motorjournal.cz\/en\/wp-json\/wp\/v2\/product_brand?post=31929"},{"taxonomy":"product_cat","embeddable":true,"href":"https:\/\/www.motorjournal.cz\/en\/wp-json\/wp\/v2\/product_cat?post=31929"},{"taxonomy":"product_tag","embeddable":true,"href":"https:\/\/www.motorjournal.cz\/en\/wp-json\/wp\/v2\/product_tag?post=31929"}],"curies":[{"name":"wp","href":"https:\/\/api.w.org\/{rel}","templated":true}]}}