{"id":32328,"date":"2022-02-03T22:15:18","date_gmt":"2022-02-03T21:15:18","guid":{"rendered":"https:\/\/www.motorjournal.cz\/?post_type=product&#038;p=32328"},"modified":"2023-01-19T14:36:43","modified_gmt":"2023-01-19T13:36:43","slug":"motor-journal-02-2022","status":"publish","type":"product","link":"https:\/\/www.motorjournal.cz\/en\/product\/motor-journal-02-2022\/","title":{"rendered":"Motor Journal 02\/2022"},"content":{"rendered":"<p>January <b>Motor Journal<\/b> 2022 with serial number 237, XXII. year, is published on Friday, January 7. With a good position in the newsstand, the front page will correctly target curious customers. <b>Editorial<\/b> and period photography <b>Bygone times<\/b> creates the right atmosphere for diving into promising content. Details of history <b>A handful of nails<\/b> <b>from the road<\/b> They begin with a report from London, where car brake tests were held on January 11, 1902. A week later, it was possible to pick up the propositions and application for the June Paris\u2013Vienna race at the secretariat of the Austrian Automobile Club in Vienna. The dates of birth of athletes, designers, political figures, victims of motor racing events alternate with the dates of car shows, record-breaking runs and newly patented technical innovations. We gradually reach the present day, when the competition vehicles of the participants of the 1952 Monte Carlo Rally excite. In the same year, a \u010cSAD bus driver traveled 54,260 km without an accident, and our representatives achieved valuable successes at the International Motorcycle Competition in 1974 - this is part of several pages of history with an invitation to the Brno Revival festival of speed between the pavilions on the May weekend of 2022. Two memories of a reader are in the section <b>You have the floor.<\/b>. The current presentation of book news is preceded by personal memories of the motorcycle <b>Velocette MSS<\/b>. A new feature introduced into public transport in 1967 was <b>Karl\u0161tejnbusy<\/b><b> \u2013<\/b><b> Up to the castle<\/b>. An almost unknown name hides a significant personality, read <b>Adolf Raska<\/b>. Three-time European champion in motor racing and the most successful Polish racer was <b>Sobieslaw Zasada<\/b>. Behind the achievements of prominent figures in automotive disciplines stood a humble <b>Giulio Ramponi<\/b>. If you manage to clearly compile the biography of one of the many motorcycles produced, every single-track enthusiast will be happy to read it \u2013 <b>Orion F 58 A (1928)<\/b>. After a two-year ban, enthusiasts went on a sightseeing trip to their neighbors \u2013 read <b>Wheel scout<\/b> <b>expedition I<\/b>. The sales exhibition in Nuremberg is already on the calendar for the beginning of December, and this year the event took place under different conditions \u2013 <b>Retro Classic Bavaria 2021 exhibition contested<\/b> <b>covid<\/b>. To have a ride, that was the intention of the event prepared for the national holiday in September under the title <b>Friendly<\/b> <b>Motorcycle ride Between the castles<\/b>. Bonhams auction house has prepared its last motor vehicle event of the year \u2013 <b>Bond Street Auction<\/b>. The long-awaited auction of this year took place in France \u2013 <b>Gu<\/b><b>ikas collection<\/b>. Plus a book offer, classified ads, and the inside and outside covers with commercial advertising \u2013 that&#039;s the summary content of the January issue.<\/p>","protected":false},"excerpt":{"rendered":"<p>Leaf plant<br \/>\nCharles Loprais<br \/>\nAdolf Raska<br \/>\nJan J\u00e1chim<br \/>\nJaroslav Didn&#039;t Know<br \/>\nHeinrich-Joachim von Morgen<br \/>\nVintage saloon \u2013 Mercedes\u2011Benz with compressor \u2013 Mercedes\u2011Benz 680 S with Gangloff Sport 4 bodywork<br \/>\nWheels make the car \u2013 Autum, Ji\u0159\u00ed Ger\u017ea<br \/>\nManro Classic Auto &amp; Music Museum<br \/>\nWheel reconnaissance expedition II<br \/>\nBook offer for motorists<br \/>\nCheap for sale<\/p>","protected":false},"featured_media":32310,"template":"","meta":{"kt_blocks_editor_width":"","_kad_blocks_custom_css":"","_kad_blocks_head_custom_js":"","_kad_blocks_body_custom_js":"","_kad_blocks_footer_custom_js":""},"product_brand":[],"product_cat":[600,162],"product_tag":[],"class_list":{"0":"post-32328","1":"product","2":"type-product","3":"status-publish","4":"has-post-thumbnail","6":"product_cat-600","7":"product_cat-casopisy","9":"first","10":"instock","11":"sale","12":"taxable","13":"shipping-taxable","14":"purchasable","15":"product-type-simple"},"supplier_id":null,"supplier_sku":"","barcode":null,"atum_controlled":true,"out_stock_date":null,"out_stock_threshold":null,"inheritable":false,"inbound_stock":0,"stock_on_hold":0,"sold_today":0,"sales_last_days":0,"reserved_stock":0,"customer_returns":0,"warehouse_damage":0,"lost_in_post":0,"other_logs":0,"out_stock_days":0,"lost_sales":0,"has_location":false,"update_date":"2026-04-04T00:05:47","atum_locations":[],"atum_stock_status":"instock","restock_status":false,"low_stock_amount":"","sales_update_date":"2026-04-04T00:05:47","calc_backorders":null,"aioseo_notices":[],"taxonomy_info":{"product_cat":[{"value":600,"label":"2022"},{"value":162,"label":"\u010casopisy"}]},"featured_image_src_large":["https:\/\/www.motorjournal.cz\/wp-content\/uploads\/2022\/02\/MJ_2022_02-1.jpg",595,841,false],"author_info":[],"comment_info":"","_links":{"self":[{"href":"https:\/\/www.motorjournal.cz\/en\/wp-json\/wp\/v2\/product\/32328","targetHints":{"allow":["GET"]}}],"collection":[{"href":"https:\/\/www.motorjournal.cz\/en\/wp-json\/wp\/v2\/product"}],"about":[{"href":"https:\/\/www.motorjournal.cz\/en\/wp-json\/wp\/v2\/types\/product"}],"wp:featuredmedia":[{"embeddable":true,"href":"https:\/\/www.motorjournal.cz\/en\/wp-json\/wp\/v2\/media\/32310"}],"wp:attachment":[{"href":"https:\/\/www.motorjournal.cz\/en\/wp-json\/wp\/v2\/media?parent=32328"}],"wp:term":[{"taxonomy":"product_brand","embeddable":true,"href":"https:\/\/www.motorjournal.cz\/en\/wp-json\/wp\/v2\/product_brand?post=32328"},{"taxonomy":"product_cat","embeddable":true,"href":"https:\/\/www.motorjournal.cz\/en\/wp-json\/wp\/v2\/product_cat?post=32328"},{"taxonomy":"product_tag","embeddable":true,"href":"https:\/\/www.motorjournal.cz\/en\/wp-json\/wp\/v2\/product_tag?post=32328"}],"curies":[{"name":"wp","href":"https:\/\/api.w.org\/{rel}","templated":true}]}}