{"id":33075,"date":"2007-04-03T13:40:07","date_gmt":"2007-04-03T12:40:07","guid":{"rendered":"https:\/\/www.motorjournal.cz\/?post_type=product&#038;p=33075"},"modified":"2022-11-30T15:34:33","modified_gmt":"2022-11-30T14:34:33","slug":"motor-journal-4-2007","status":"publish","type":"product","link":"https:\/\/www.motorjournal.cz\/en\/product\/motor-journal-4-2007\/","title":{"rendered":"Motor Journal 4\/2007"},"content":{"rendered":"","protected":false},"excerpt":{"rendered":"<p><strong>Issue 70 was published on April 6, 2007.<\/strong><\/p>\n<p><strong>From the contents of Motor Journal:<\/strong><br \/>\nWe have a word.<br \/>\nBus or truck?<br \/>\nEveryone! Everyone! Everyone! We have a winner!<br \/>\nOn the sidelines of the Geneva Motor Show<br \/>\nO&nbsp;trest\u00e1n\u00ed rychl\u00e9 j\u00edzdy<br \/>\nVeterans to the film<br \/>\nRetromobile 2007<br \/>\nEvent calendar<br \/>\nCheap for sale<br \/>\nChristie&#039;s in Paris<br \/>\nTwo unusual spring motoring weekends<br \/>\nMeeting with an Indian woman and Masaryk<br \/>\nBrno Armory<br \/>\nHole\u0161ovice Motorcycle<br \/>\nMy &quot;1000 Czechoslovak Miles&quot;\u201e<br \/>\nVintage salon: Premier 750 OHV<\/p>","protected":false},"featured_media":33638,"template":"","meta":{"kt_blocks_editor_width":"","_kad_blocks_custom_css":"","_kad_blocks_head_custom_js":"","_kad_blocks_body_custom_js":"","_kad_blocks_footer_custom_js":""},"product_brand":[],"product_cat":[273,162],"product_tag":[],"class_list":{"0":"post-33075","1":"product","2":"type-product","3":"status-publish","4":"has-post-thumbnail","6":"product_cat-273","7":"product_cat-casopisy","9":"first","10":"instock","11":"sale","12":"taxable","13":"shipping-taxable","14":"purchasable","15":"product-type-simple"},"supplier_id":null,"supplier_sku":"","barcode":null,"atum_controlled":true,"out_stock_date":null,"out_stock_threshold":null,"inheritable":false,"inbound_stock":0,"stock_on_hold":0,"sold_today":0,"sales_last_days":0,"reserved_stock":0,"customer_returns":0,"warehouse_damage":0,"lost_in_post":0,"other_logs":0,"out_stock_days":0,"lost_sales":0,"has_location":false,"update_date":"2026-04-05T00:06:35","atum_locations":[],"atum_stock_status":"instock","restock_status":false,"low_stock_amount":"","sales_update_date":"2026-04-05T00:06:35","calc_backorders":null,"aioseo_notices":[],"taxonomy_info":{"product_cat":[{"value":273,"label":"2007"},{"value":162,"label":"\u010casopisy"}]},"featured_image_src_large":["https:\/\/www.motorjournal.cz\/wp-content\/uploads\/2007\/04\/MJ-04_07_krida-a-1.jpg",300,425,false],"author_info":[],"comment_info":"","_links":{"self":[{"href":"https:\/\/www.motorjournal.cz\/en\/wp-json\/wp\/v2\/product\/33075","targetHints":{"allow":["GET"]}}],"collection":[{"href":"https:\/\/www.motorjournal.cz\/en\/wp-json\/wp\/v2\/product"}],"about":[{"href":"https:\/\/www.motorjournal.cz\/en\/wp-json\/wp\/v2\/types\/product"}],"wp:featuredmedia":[{"embeddable":true,"href":"https:\/\/www.motorjournal.cz\/en\/wp-json\/wp\/v2\/media\/33638"}],"wp:attachment":[{"href":"https:\/\/www.motorjournal.cz\/en\/wp-json\/wp\/v2\/media?parent=33075"}],"wp:term":[{"taxonomy":"product_brand","embeddable":true,"href":"https:\/\/www.motorjournal.cz\/en\/wp-json\/wp\/v2\/product_brand?post=33075"},{"taxonomy":"product_cat","embeddable":true,"href":"https:\/\/www.motorjournal.cz\/en\/wp-json\/wp\/v2\/product_cat?post=33075"},{"taxonomy":"product_tag","embeddable":true,"href":"https:\/\/www.motorjournal.cz\/en\/wp-json\/wp\/v2\/product_tag?post=33075"}],"curies":[{"name":"wp","href":"https:\/\/api.w.org\/{rel}","templated":true}]}}