{"id":33088,"date":"2006-07-03T13:47:16","date_gmt":"2006-07-03T12:47:16","guid":{"rendered":"https:\/\/www.motorjournal.cz\/?post_type=product&#038;p=33088"},"modified":"2022-11-30T15:38:51","modified_gmt":"2022-11-30T14:38:51","slug":"motor-journal-7-8-2006","status":"publish","type":"product","link":"https:\/\/www.motorjournal.cz\/en\/product\/motor-journal-7-8-2006\/","title":{"rendered":"Motor Journal 7\/8\/2006"},"content":{"rendered":"","protected":false},"excerpt":{"rendered":"<p><strong>\u010c\u00edslo 63 vy\u0161lo 2.&nbsp;8.&nbsp;2006<\/strong><\/p>\n<p><strong>From the contents of Motor Journal:<\/strong><br \/>\nBookcase<br \/>\nNew decree<br \/>\nLadislav Steiner<br \/>\nH&amp;H Classic Auction<br \/>\nTaxis at the beginning of the century<br \/>\nTaxi drivers honor tradition<br \/>\nConfession of a Ford Transit owner<br \/>\nRaleigh a&nbsp;\u010desk\u00e9 \u0159emeslo<br \/>\nLiberec Region<br \/>\nRotating flywheels<br \/>\nGo, Burt, Go!<br \/>\nOstarrichi Rally<br \/>\nPrague Veteran Rally<br \/>\nTatras in Bratislava<br \/>\nSasha<br \/>\nEvent calendar<br \/>\nCheap for sale<br \/>\nVintage salon: \u0160koda 633 cabriolet<\/p>","protected":false},"featured_media":33421,"template":"","meta":{"kt_blocks_editor_width":"","_kad_blocks_custom_css":"","_kad_blocks_head_custom_js":"","_kad_blocks_body_custom_js":"","_kad_blocks_footer_custom_js":""},"product_brand":[],"product_cat":[274,162],"product_tag":[],"class_list":{"0":"post-33088","1":"product","2":"type-product","3":"status-publish","4":"has-post-thumbnail","6":"product_cat-274","7":"product_cat-casopisy","9":"first","10":"instock","11":"sale","12":"taxable","13":"shipping-taxable","14":"purchasable","15":"product-type-simple"},"supplier_id":null,"supplier_sku":"","barcode":null,"atum_controlled":true,"out_stock_date":null,"out_stock_threshold":null,"inheritable":false,"inbound_stock":0,"stock_on_hold":0,"sold_today":0,"sales_last_days":0,"reserved_stock":0,"customer_returns":0,"warehouse_damage":0,"lost_in_post":0,"other_logs":0,"out_stock_days":0,"lost_sales":0,"has_location":false,"update_date":"2026-04-04T00:06:08","atum_locations":[],"atum_stock_status":"instock","restock_status":false,"low_stock_amount":"","sales_update_date":"2026-04-04T00:06:08","calc_backorders":null,"aioseo_notices":[],"taxonomy_info":{"product_cat":[{"value":274,"label":"2006"},{"value":162,"label":"\u010casopisy"}]},"featured_image_src_large":["https:\/\/www.motorjournal.cz\/wp-content\/uploads\/2006\/07\/MJ07_01_02-1.jpg",300,425,false],"author_info":[],"comment_info":"","_links":{"self":[{"href":"https:\/\/www.motorjournal.cz\/en\/wp-json\/wp\/v2\/product\/33088","targetHints":{"allow":["GET"]}}],"collection":[{"href":"https:\/\/www.motorjournal.cz\/en\/wp-json\/wp\/v2\/product"}],"about":[{"href":"https:\/\/www.motorjournal.cz\/en\/wp-json\/wp\/v2\/types\/product"}],"wp:featuredmedia":[{"embeddable":true,"href":"https:\/\/www.motorjournal.cz\/en\/wp-json\/wp\/v2\/media\/33421"}],"wp:attachment":[{"href":"https:\/\/www.motorjournal.cz\/en\/wp-json\/wp\/v2\/media?parent=33088"}],"wp:term":[{"taxonomy":"product_brand","embeddable":true,"href":"https:\/\/www.motorjournal.cz\/en\/wp-json\/wp\/v2\/product_brand?post=33088"},{"taxonomy":"product_cat","embeddable":true,"href":"https:\/\/www.motorjournal.cz\/en\/wp-json\/wp\/v2\/product_cat?post=33088"},{"taxonomy":"product_tag","embeddable":true,"href":"https:\/\/www.motorjournal.cz\/en\/wp-json\/wp\/v2\/product_tag?post=33088"}],"curies":[{"name":"wp","href":"https:\/\/api.w.org\/{rel}","templated":true}]}}