{"id":33089,"date":"2006-09-03T13:47:48","date_gmt":"2006-09-03T12:47:48","guid":{"rendered":"https:\/\/www.motorjournal.cz\/?post_type=product&#038;p=33089"},"modified":"2022-11-30T15:38:50","modified_gmt":"2022-11-30T14:38:50","slug":"motor-journal-9-2006","status":"publish","type":"product","link":"https:\/\/www.motorjournal.cz\/en\/product\/motor-journal-9-2006\/","title":{"rendered":"Motor Journal 9\/2006"},"content":{"rendered":"","protected":false},"excerpt":{"rendered":"<p>\u010c\u00edslo 64 vy\u0161lo 1.&nbsp;9.&nbsp;2006<\/p>\n<p>From the contents of Motor Journal:<br \/>\nThe Great Chief \u2013 Jan Pe\u0161t\u00e1l<br \/>\nAll Indian Weekend<br \/>\nThe children woke up<br \/>\nThe Confession of Pavel Malanik<br \/>\nThe tractor is driving.<br \/>\nLe Mans Classic<br \/>\nRace on the Grossglockner<br \/>\nEnnstal Classic<br \/>\nSolitude Revival<br \/>\nMonaco Racing History Show<br \/>\nAgile Weasel - Weasel M29<br \/>\nDry ice cleaning<br \/>\nThat was Canada!<br \/>\nMaster Mechanic \u2013 Franti\u0161ek Babick\u00fd<br \/>\nEvent calendar<br \/>\nCheap for sale<br \/>\nVeteran salon: Werner<\/p>","protected":false},"featured_media":33407,"template":"","meta":{"kt_blocks_editor_width":"","_kad_blocks_custom_css":"","_kad_blocks_head_custom_js":"","_kad_blocks_body_custom_js":"","_kad_blocks_footer_custom_js":""},"product_brand":[],"product_cat":[274,162],"product_tag":[],"class_list":{"0":"post-33089","1":"product","2":"type-product","3":"status-publish","4":"has-post-thumbnail","6":"product_cat-274","7":"product_cat-casopisy","9":"first","10":"instock","11":"sale","12":"taxable","13":"shipping-taxable","14":"purchasable","15":"product-type-simple"},"supplier_id":null,"supplier_sku":"","barcode":null,"atum_controlled":true,"out_stock_date":null,"out_stock_threshold":null,"inheritable":false,"inbound_stock":0,"stock_on_hold":0,"sold_today":0,"sales_last_days":0,"reserved_stock":0,"customer_returns":0,"warehouse_damage":0,"lost_in_post":0,"other_logs":0,"out_stock_days":0,"lost_sales":0,"has_location":false,"update_date":"2026-04-05T00:06:26","atum_locations":[],"atum_stock_status":"instock","restock_status":false,"low_stock_amount":"","sales_update_date":"2026-04-05T00:06:26","calc_backorders":null,"aioseo_notices":[],"taxonomy_info":{"product_cat":[{"value":274,"label":"2006"},{"value":162,"label":"\u010casopisy"}]},"featured_image_src_large":["https:\/\/www.motorjournal.cz\/wp-content\/uploads\/2006\/09\/MJ09_01_02-1.jpg",300,425,false],"author_info":[],"comment_info":"","_links":{"self":[{"href":"https:\/\/www.motorjournal.cz\/en\/wp-json\/wp\/v2\/product\/33089","targetHints":{"allow":["GET"]}}],"collection":[{"href":"https:\/\/www.motorjournal.cz\/en\/wp-json\/wp\/v2\/product"}],"about":[{"href":"https:\/\/www.motorjournal.cz\/en\/wp-json\/wp\/v2\/types\/product"}],"wp:featuredmedia":[{"embeddable":true,"href":"https:\/\/www.motorjournal.cz\/en\/wp-json\/wp\/v2\/media\/33407"}],"wp:attachment":[{"href":"https:\/\/www.motorjournal.cz\/en\/wp-json\/wp\/v2\/media?parent=33089"}],"wp:term":[{"taxonomy":"product_brand","embeddable":true,"href":"https:\/\/www.motorjournal.cz\/en\/wp-json\/wp\/v2\/product_brand?post=33089"},{"taxonomy":"product_cat","embeddable":true,"href":"https:\/\/www.motorjournal.cz\/en\/wp-json\/wp\/v2\/product_cat?post=33089"},{"taxonomy":"product_tag","embeddable":true,"href":"https:\/\/www.motorjournal.cz\/en\/wp-json\/wp\/v2\/product_tag?post=33089"}],"curies":[{"name":"wp","href":"https:\/\/api.w.org\/{rel}","templated":true}]}}