{"id":33095,"date":"2005-04-03T13:51:14","date_gmt":"2005-04-03T12:51:14","guid":{"rendered":"https:\/\/www.motorjournal.cz\/?post_type=product&#038;p=33095"},"modified":"2022-11-30T15:39:49","modified_gmt":"2022-11-30T14:39:49","slug":"motor-journal-4-2005","status":"publish","type":"product","link":"https:\/\/www.motorjournal.cz\/en\/product\/motor-journal-4-2005\/","title":{"rendered":"Motor Journal 4\/2005"},"content":{"rendered":"","protected":false},"excerpt":{"rendered":"<p><strong>Druh\u00e9 leto\u0161n\u00ed \u010d\u00edslo vy\u0161lo 8.&nbsp;4.&nbsp;2005<\/strong><\/p>\n<p><strong>From the contents of issue 51 of Motor Journal:<\/strong><br \/>\nHerbert Austin<br \/>\nFIVA Identity Card<br \/>\nJudge&#039;s office<br \/>\nBookcase<br \/>\nPrague license plate<br \/>\nVaclav Laurin<br \/>\nColeman&#039;s Journey<br \/>\nJubilee Geneva 2005<br \/>\nMotorcycle 2005<br \/>\nRetromobile Paris<br \/>\nInto the world of vintage vehicle models<br \/>\nDo you have an unnecessary truck at home?<br \/>\nHussites on a tricycle?<br \/>\nPre-war Tatras cargo trucks<br \/>\nGallery of Masters: Rudolf Owl<br \/>\nCheap for sale<br \/>\nWillys MB<\/p>","protected":false},"featured_media":33351,"template":"","meta":{"kt_blocks_editor_width":"","_kad_blocks_custom_css":"","_kad_blocks_head_custom_js":"","_kad_blocks_body_custom_js":"","_kad_blocks_footer_custom_js":""},"product_brand":[],"product_cat":[275,162],"product_tag":[],"class_list":{"0":"post-33095","1":"product","2":"type-product","3":"status-publish","4":"has-post-thumbnail","6":"product_cat-275","7":"product_cat-casopisy","9":"first","10":"instock","11":"sale","12":"taxable","13":"shipping-taxable","14":"purchasable","15":"product-type-simple"},"supplier_id":null,"supplier_sku":"","barcode":null,"atum_controlled":true,"out_stock_date":null,"out_stock_threshold":null,"inheritable":false,"inbound_stock":0,"stock_on_hold":0,"sold_today":0,"sales_last_days":0,"reserved_stock":0,"customer_returns":0,"warehouse_damage":0,"lost_in_post":0,"other_logs":0,"out_stock_days":0,"lost_sales":0,"has_location":false,"update_date":"2026-04-04T00:06:27","atum_locations":[],"atum_stock_status":"instock","restock_status":false,"low_stock_amount":"","sales_update_date":"2026-04-04T00:06:27","calc_backorders":null,"aioseo_notices":[],"taxonomy_info":{"product_cat":[{"value":275,"label":"2005"},{"value":162,"label":"\u010casopisy"}]},"featured_image_src_large":["https:\/\/www.motorjournal.cz\/wp-content\/uploads\/2005\/04\/titul04.jpg",300,424,false],"author_info":[],"comment_info":"","_links":{"self":[{"href":"https:\/\/www.motorjournal.cz\/en\/wp-json\/wp\/v2\/product\/33095","targetHints":{"allow":["GET"]}}],"collection":[{"href":"https:\/\/www.motorjournal.cz\/en\/wp-json\/wp\/v2\/product"}],"about":[{"href":"https:\/\/www.motorjournal.cz\/en\/wp-json\/wp\/v2\/types\/product"}],"wp:featuredmedia":[{"embeddable":true,"href":"https:\/\/www.motorjournal.cz\/en\/wp-json\/wp\/v2\/media\/33351"}],"wp:attachment":[{"href":"https:\/\/www.motorjournal.cz\/en\/wp-json\/wp\/v2\/media?parent=33095"}],"wp:term":[{"taxonomy":"product_brand","embeddable":true,"href":"https:\/\/www.motorjournal.cz\/en\/wp-json\/wp\/v2\/product_brand?post=33095"},{"taxonomy":"product_cat","embeddable":true,"href":"https:\/\/www.motorjournal.cz\/en\/wp-json\/wp\/v2\/product_cat?post=33095"},{"taxonomy":"product_tag","embeddable":true,"href":"https:\/\/www.motorjournal.cz\/en\/wp-json\/wp\/v2\/product_tag?post=33095"}],"curies":[{"name":"wp","href":"https:\/\/api.w.org\/{rel}","templated":true}]}}