{"id":33098,"date":"2005-07-03T13:52:42","date_gmt":"2005-07-03T12:52:42","guid":{"rendered":"https:\/\/www.motorjournal.cz\/?post_type=product&#038;p=33098"},"modified":"2022-11-30T15:39:48","modified_gmt":"2022-11-30T14:39:48","slug":"motor-journal-7-8-2005","status":"publish","type":"product","link":"https:\/\/www.motorjournal.cz\/en\/product\/motor-journal-7-8-2005\/","title":{"rendered":"Motor Journal 7\/8\/2005"},"content":{"rendered":"","protected":false},"excerpt":{"rendered":"<p>\u0160est\u00e9 leto\u0161n\u00ed \u010d\u00edslo vy\u0161lo 1.&nbsp;7.&nbsp;2005<\/p>\n<p>From the contents of issue 54 of Motor Journal:<br \/>\nTesting a historic vehicle II<br \/>\nOstoja pedal<br \/>\nAutobusy v&nbsp;brn\u011bnsk\u00e9 doprav\u011b<br \/>\n100 years of Ecce Homo<br \/>\n50 years of the BMW Isetta<br \/>\nAnniversary of Mlad\u00e1 Boleslav automobiles<br \/>\nDracula Expedition<br \/>\nGordon Bennett 1905-2005<br \/>\nTulln<br \/>\nFrozen Solutions<br \/>\nBeijing\u2013Paris 2005<br \/>\n14th Czech Tourist Trophy<br \/>\nFull steam ahead<br \/>\nWe are not interested in historic vehicles.<br \/>\nThe colorful world of vintage vehicle models<br \/>\nRAVO motorcycles<br \/>\nEvent calendar<br \/>\nCheap for sale<br \/>\nVeteran Salon: ARIEL 350<\/p>","protected":false},"featured_media":33348,"template":"","meta":{"kt_blocks_editor_width":"","_kad_blocks_custom_css":"","_kad_blocks_head_custom_js":"","_kad_blocks_body_custom_js":"","_kad_blocks_footer_custom_js":""},"product_brand":[],"product_cat":[275,162],"product_tag":[],"class_list":{"0":"post-33098","1":"product","2":"type-product","3":"status-publish","4":"has-post-thumbnail","6":"product_cat-275","7":"product_cat-casopisy","9":"first","10":"instock","11":"sale","12":"taxable","13":"shipping-taxable","14":"purchasable","15":"product-type-simple"},"supplier_id":null,"supplier_sku":"","barcode":null,"atum_controlled":true,"out_stock_date":null,"out_stock_threshold":null,"inheritable":false,"inbound_stock":0,"stock_on_hold":0,"sold_today":0,"sales_last_days":0,"reserved_stock":0,"customer_returns":0,"warehouse_damage":0,"lost_in_post":0,"other_logs":0,"out_stock_days":0,"lost_sales":0,"has_location":false,"update_date":"2026-04-04T00:06:06","atum_locations":[],"atum_stock_status":"instock","restock_status":false,"low_stock_amount":"","sales_update_date":"2026-04-04T00:06:06","calc_backorders":null,"aioseo_notices":[],"taxonomy_info":{"product_cat":[{"value":275,"label":"2005"},{"value":162,"label":"\u010casopisy"}]},"featured_image_src_large":["https:\/\/www.motorjournal.cz\/wp-content\/uploads\/2005\/07\/titul07.jpg",300,425,false],"author_info":[],"comment_info":"","_links":{"self":[{"href":"https:\/\/www.motorjournal.cz\/en\/wp-json\/wp\/v2\/product\/33098","targetHints":{"allow":["GET"]}}],"collection":[{"href":"https:\/\/www.motorjournal.cz\/en\/wp-json\/wp\/v2\/product"}],"about":[{"href":"https:\/\/www.motorjournal.cz\/en\/wp-json\/wp\/v2\/types\/product"}],"wp:featuredmedia":[{"embeddable":true,"href":"https:\/\/www.motorjournal.cz\/en\/wp-json\/wp\/v2\/media\/33348"}],"wp:attachment":[{"href":"https:\/\/www.motorjournal.cz\/en\/wp-json\/wp\/v2\/media?parent=33098"}],"wp:term":[{"taxonomy":"product_brand","embeddable":true,"href":"https:\/\/www.motorjournal.cz\/en\/wp-json\/wp\/v2\/product_brand?post=33098"},{"taxonomy":"product_cat","embeddable":true,"href":"https:\/\/www.motorjournal.cz\/en\/wp-json\/wp\/v2\/product_cat?post=33098"},{"taxonomy":"product_tag","embeddable":true,"href":"https:\/\/www.motorjournal.cz\/en\/wp-json\/wp\/v2\/product_tag?post=33098"}],"curies":[{"name":"wp","href":"https:\/\/api.w.org\/{rel}","templated":true}]}}