{"id":33099,"date":"2005-09-03T13:53:15","date_gmt":"2005-09-03T12:53:15","guid":{"rendered":"https:\/\/www.motorjournal.cz\/?post_type=product&#038;p=33099"},"modified":"2022-11-30T15:39:47","modified_gmt":"2022-11-30T14:39:47","slug":"motor-journal-9-2005","status":"publish","type":"product","link":"https:\/\/www.motorjournal.cz\/en\/product\/motor-journal-9-2005\/","title":{"rendered":"Motor Journal 9\/2005"},"content":{"rendered":"","protected":false},"excerpt":{"rendered":"<p>Sedm\u00e9 leto\u0161n\u00ed \u010d\u00edslo vy\u0161lo 2.&nbsp;9.&nbsp;2005<\/p>\n<p>From the table of contents of issue 55 of Motor Journal:<\/p>\n<p>Libor Mar\u010d\u00edk: Our motorcycles II.<br \/>\nPoji\u0161t\u011bn\u00ed i&nbsp;pro automobilov\u00e9 sta\u0159e\u010dky<br \/>\nBookcase<br \/>\nThe first aerodynamic Jawa cars<br \/>\nJawa 750<br \/>\nFIVA World Motorcycle Rally<br \/>\nHeavy metal Yellow River<br \/>\nHappy birthday, Karmann Ghia!<br \/>\nKarmann Ghia<br \/>\nTour de France<br \/>\nBrave man on old lady<br \/>\nI was there.<br \/>\nXIII. Festival rychlosti v&nbsp;Goodwoodu<br \/>\nVeterans Day Week<br \/>\nAvia buses<br \/>\nEvent calendar<br \/>\nCheap for sale<br \/>\nVeteran Salon: Aero 500<\/p>","protected":false},"featured_media":33347,"template":"","meta":{"kt_blocks_editor_width":"","_kad_blocks_custom_css":"","_kad_blocks_head_custom_js":"","_kad_blocks_body_custom_js":"","_kad_blocks_footer_custom_js":""},"product_brand":[],"product_cat":[275,162],"product_tag":[],"class_list":{"0":"post-33099","1":"product","2":"type-product","3":"status-publish","4":"has-post-thumbnail","6":"product_cat-275","7":"product_cat-casopisy","9":"first","10":"instock","11":"sale","12":"taxable","13":"shipping-taxable","14":"purchasable","15":"product-type-simple"},"supplier_id":null,"supplier_sku":"","barcode":null,"atum_controlled":true,"out_stock_date":null,"out_stock_threshold":null,"inheritable":false,"inbound_stock":0,"stock_on_hold":0,"sold_today":0,"sales_last_days":0,"reserved_stock":0,"customer_returns":0,"warehouse_damage":0,"lost_in_post":0,"other_logs":0,"out_stock_days":0,"lost_sales":0,"has_location":false,"update_date":"2026-04-05T00:06:16","atum_locations":[],"atum_stock_status":"instock","restock_status":false,"low_stock_amount":"","sales_update_date":"2026-04-05T00:06:16","calc_backorders":null,"aioseo_notices":[],"taxonomy_info":{"product_cat":[{"value":275,"label":"2005"},{"value":162,"label":"\u010casopisy"}]},"featured_image_src_large":["https:\/\/www.motorjournal.cz\/wp-content\/uploads\/2005\/09\/titul09.jpg",300,424,false],"author_info":[],"comment_info":"","_links":{"self":[{"href":"https:\/\/www.motorjournal.cz\/en\/wp-json\/wp\/v2\/product\/33099","targetHints":{"allow":["GET"]}}],"collection":[{"href":"https:\/\/www.motorjournal.cz\/en\/wp-json\/wp\/v2\/product"}],"about":[{"href":"https:\/\/www.motorjournal.cz\/en\/wp-json\/wp\/v2\/types\/product"}],"wp:featuredmedia":[{"embeddable":true,"href":"https:\/\/www.motorjournal.cz\/en\/wp-json\/wp\/v2\/media\/33347"}],"wp:attachment":[{"href":"https:\/\/www.motorjournal.cz\/en\/wp-json\/wp\/v2\/media?parent=33099"}],"wp:term":[{"taxonomy":"product_brand","embeddable":true,"href":"https:\/\/www.motorjournal.cz\/en\/wp-json\/wp\/v2\/product_brand?post=33099"},{"taxonomy":"product_cat","embeddable":true,"href":"https:\/\/www.motorjournal.cz\/en\/wp-json\/wp\/v2\/product_cat?post=33099"},{"taxonomy":"product_tag","embeddable":true,"href":"https:\/\/www.motorjournal.cz\/en\/wp-json\/wp\/v2\/product_tag?post=33099"}],"curies":[{"name":"wp","href":"https:\/\/api.w.org\/{rel}","templated":true}]}}