{"id":33100,"date":"2005-10-03T13:53:44","date_gmt":"2005-10-03T12:53:44","guid":{"rendered":"https:\/\/www.motorjournal.cz\/?post_type=product&#038;p=33100"},"modified":"2022-11-30T15:39:47","modified_gmt":"2022-11-30T14:39:47","slug":"motor-journal-10-2005","status":"publish","type":"product","link":"https:\/\/www.motorjournal.cz\/en\/product\/motor-journal-10-2005\/","title":{"rendered":"Motor Journal 10\/2005"},"content":{"rendered":"","protected":false},"excerpt":{"rendered":"<p>Des\u00e1t\u00e9 leto\u0161n\u00ed \u010d\u00edslo vy\u0161lo 28.&nbsp;10.&nbsp;2005<\/p>\n<p>From the contents of issue 56 of Motor Journal:<br \/>\nSUBSCRIBER COMPETITION<br \/>\nHeinz Melkus has died.<br \/>\nTesting a historic vehicle III.<br \/>\nJudge&#039;s office<br \/>\nHow we didn&#039;t buy a Morgan<br \/>\nAgain under the \u0160tramberk trumpet<br \/>\nMarathon de La Route 1965<br \/>\nFord Transit<br \/>\nThe Cult of Difference \u2013 Citroen DS<br \/>\nAuto z&nbsp;trezoru<br \/>\nZ\u00e1zrak z&nbsp;\u010cermn\u00e9<br \/>\nGolden-red memories<br \/>\neMBeiXs Gathering<br \/>\nEcce Homo Historic<br \/>\nVeterans&#039; trip to Je\u0161t\u011bd<br \/>\nKr\u00e1lov\u00e9dvorsky circuit<br \/>\nKol\u0161tejn Circuit<br \/>\nCrocker Motorcycles<br \/>\nThe saga of the Hanouska family I.<br \/>\nBishop&#039;s cup<br \/>\nEvent calendar<br \/>\nCheap for sale<br \/>\nVeteran salon: Stoewer<\/p>","protected":false},"featured_media":33334,"template":"","meta":{"kt_blocks_editor_width":"","_kad_blocks_custom_css":"","_kad_blocks_head_custom_js":"","_kad_blocks_body_custom_js":"","_kad_blocks_footer_custom_js":""},"product_brand":[],"product_cat":[275,162],"product_tag":[],"class_list":{"0":"post-33100","1":"product","2":"type-product","3":"status-publish","4":"has-post-thumbnail","6":"product_cat-275","7":"product_cat-casopisy","9":"first","10":"instock","11":"sale","12":"taxable","13":"shipping-taxable","14":"purchasable","15":"product-type-simple"},"supplier_id":null,"supplier_sku":"","barcode":null,"atum_controlled":true,"out_stock_date":null,"out_stock_threshold":null,"inheritable":false,"inbound_stock":0,"stock_on_hold":0,"sold_today":0,"sales_last_days":0,"reserved_stock":0,"customer_returns":0,"warehouse_damage":0,"lost_in_post":0,"other_logs":0,"out_stock_days":0,"lost_sales":0,"has_location":false,"update_date":"2026-04-05T00:06:45","atum_locations":[],"atum_stock_status":"instock","restock_status":false,"low_stock_amount":"","sales_update_date":"2026-04-05T00:06:45","calc_backorders":null,"aioseo_notices":[],"taxonomy_info":{"product_cat":[{"value":275,"label":"2005"},{"value":162,"label":"\u010casopisy"}]},"featured_image_src_large":["https:\/\/www.motorjournal.cz\/wp-content\/uploads\/2005\/10\/MJ10_01.jpg",300,427,false],"author_info":[],"comment_info":"","_links":{"self":[{"href":"https:\/\/www.motorjournal.cz\/en\/wp-json\/wp\/v2\/product\/33100","targetHints":{"allow":["GET"]}}],"collection":[{"href":"https:\/\/www.motorjournal.cz\/en\/wp-json\/wp\/v2\/product"}],"about":[{"href":"https:\/\/www.motorjournal.cz\/en\/wp-json\/wp\/v2\/types\/product"}],"wp:featuredmedia":[{"embeddable":true,"href":"https:\/\/www.motorjournal.cz\/en\/wp-json\/wp\/v2\/media\/33334"}],"wp:attachment":[{"href":"https:\/\/www.motorjournal.cz\/en\/wp-json\/wp\/v2\/media?parent=33100"}],"wp:term":[{"taxonomy":"product_brand","embeddable":true,"href":"https:\/\/www.motorjournal.cz\/en\/wp-json\/wp\/v2\/product_brand?post=33100"},{"taxonomy":"product_cat","embeddable":true,"href":"https:\/\/www.motorjournal.cz\/en\/wp-json\/wp\/v2\/product_cat?post=33100"},{"taxonomy":"product_tag","embeddable":true,"href":"https:\/\/www.motorjournal.cz\/en\/wp-json\/wp\/v2\/product_tag?post=33100"}],"curies":[{"name":"wp","href":"https:\/\/api.w.org\/{rel}","templated":true}]}}