{"id":33102,"date":"2005-12-03T13:54:48","date_gmt":"2005-12-03T12:54:48","guid":{"rendered":"https:\/\/www.motorjournal.cz\/?post_type=product&#038;p=33102"},"modified":"2022-11-30T15:39:46","modified_gmt":"2022-11-30T14:39:46","slug":"motor-journal-12-2005","status":"publish","type":"product","link":"https:\/\/www.motorjournal.cz\/en\/product\/motor-journal-12-2005\/","title":{"rendered":"Motor Journal 12\/2005"},"content":{"rendered":"","protected":false},"excerpt":{"rendered":"<div>Dvan\u00e1ct\u00e9 leto\u0161n\u00ed \u010d\u00edslo vy\u0161lo 22.&nbsp;12.&nbsp;2005<\/div>\n<div><\/div>\n<div>From the table of contents of issue 58 of Motor Journal:<\/div>\n<div>SUBSCRIBER COMPETITION<\/div>\n<div>Encyklopedie autobus\u016f a&nbsp;trolejbus\u016f<br \/>\nJudge&#039;s office<br \/>\nNews from FKHV CR and FIVA<br \/>\nKlausen Pass 2006<br \/>\nMemories of Bohu\u0161 Ma\u0165cha<br \/>\nHow we bought cheese<br \/>\nVaclav King<br \/>\nClassic Expo Salzburg<br \/>\nChelyabinsk and its tractor factory<br \/>\nColumn for us<br \/>\nMeeting of legends<br \/>\nInternational Harvester<br \/>\nThe saga of the Hanouska family III.<br \/>\nVaclav Stanislav<br \/>\nBuses without doors<br \/>\nCheap for sale<br \/>\nVeteran Salon: Aero 30<\/div>","protected":false},"featured_media":33311,"template":"","meta":{"kt_blocks_editor_width":"","_kad_blocks_custom_css":"","_kad_blocks_head_custom_js":"","_kad_blocks_body_custom_js":"","_kad_blocks_footer_custom_js":""},"product_brand":[],"product_cat":[275,162],"product_tag":[],"class_list":{"0":"post-33102","1":"product","2":"type-product","3":"status-publish","4":"has-post-thumbnail","6":"product_cat-275","7":"product_cat-casopisy","9":"first","10":"instock","11":"sale","12":"taxable","13":"shipping-taxable","14":"purchasable","15":"product-type-simple"},"supplier_id":null,"supplier_sku":"","barcode":null,"atum_controlled":true,"out_stock_date":null,"out_stock_threshold":null,"inheritable":false,"inbound_stock":0,"stock_on_hold":0,"sold_today":0,"sales_last_days":0,"reserved_stock":0,"customer_returns":0,"warehouse_damage":0,"lost_in_post":0,"other_logs":0,"out_stock_days":0,"lost_sales":0,"has_location":false,"update_date":"2026-04-05T00:05:26","atum_locations":[],"atum_stock_status":"instock","restock_status":false,"low_stock_amount":"","sales_update_date":"2026-04-05T00:05:26","calc_backorders":null,"aioseo_notices":[],"taxonomy_info":{"product_cat":[{"value":275,"label":"2005"},{"value":162,"label":"\u010casopisy"}]},"featured_image_src_large":["https:\/\/www.motorjournal.cz\/wp-content\/uploads\/2005\/12\/MJ12_01_02-1.jpg",300,425,false],"author_info":[],"comment_info":"","_links":{"self":[{"href":"https:\/\/www.motorjournal.cz\/en\/wp-json\/wp\/v2\/product\/33102","targetHints":{"allow":["GET"]}}],"collection":[{"href":"https:\/\/www.motorjournal.cz\/en\/wp-json\/wp\/v2\/product"}],"about":[{"href":"https:\/\/www.motorjournal.cz\/en\/wp-json\/wp\/v2\/types\/product"}],"wp:featuredmedia":[{"embeddable":true,"href":"https:\/\/www.motorjournal.cz\/en\/wp-json\/wp\/v2\/media\/33311"}],"wp:attachment":[{"href":"https:\/\/www.motorjournal.cz\/en\/wp-json\/wp\/v2\/media?parent=33102"}],"wp:term":[{"taxonomy":"product_brand","embeddable":true,"href":"https:\/\/www.motorjournal.cz\/en\/wp-json\/wp\/v2\/product_brand?post=33102"},{"taxonomy":"product_cat","embeddable":true,"href":"https:\/\/www.motorjournal.cz\/en\/wp-json\/wp\/v2\/product_cat?post=33102"},{"taxonomy":"product_tag","embeddable":true,"href":"https:\/\/www.motorjournal.cz\/en\/wp-json\/wp\/v2\/product_tag?post=33102"}],"curies":[{"name":"wp","href":"https:\/\/api.w.org\/{rel}","templated":true}]}}