{"id":33111,"date":"2004-12-03T14:00:20","date_gmt":"2004-12-03T13:00:20","guid":{"rendered":"https:\/\/www.motorjournal.cz\/?post_type=product&#038;p=33111"},"modified":"2022-06-05T12:15:33","modified_gmt":"2022-06-05T11:15:33","slug":"motor-journal-12-2004","status":"publish","type":"product","link":"https:\/\/www.motorjournal.cz\/en\/product\/motor-journal-12-2004\/","title":{"rendered":"Motor Journal 12\/2004"},"content":{"rendered":"","protected":false},"excerpt":{"rendered":"<div>Prosincov\u00e9 \u010d\u00edslo vy\u0161lo 22.&nbsp;12.&nbsp;2004<\/div>\n<div><\/div>\n<div>From the table of contents of issue 48 of Motor Journal:<\/div>\n<div>Attacked by a handyman<br \/>\nBookcase<br \/>\nTragic end<br \/>\nLiberec anniversaries<br \/>\nAutoshow po&nbsp;75.&nbsp;l\u00e9tech<br \/>\nInclined position<br \/>\nMotorTechna Brno<br \/>\nAero \u2013 multifaceted jubilee<br \/>\n\u2026Red ajwain<br \/>\nPraga Alfa (23.\u201325.&nbsp;s\u00e9rie)<br \/>\nFrom London to Brighton<br \/>\nAntonin Vitvar<br \/>\nCheap for sale<br \/>\nAlbum - Jawa 500 OHV &quot;Crate&quot;\u201e<\/div>","protected":false},"featured_media":33302,"template":"","meta":{"kt_blocks_editor_width":"","_kad_blocks_custom_css":"","_kad_blocks_head_custom_js":"","_kad_blocks_body_custom_js":"","_kad_blocks_footer_custom_js":""},"product_brand":[],"product_cat":[276,162],"product_tag":[],"class_list":{"0":"post-33111","1":"product","2":"type-product","3":"status-publish","4":"has-post-thumbnail","6":"product_cat-276","7":"product_cat-casopisy","9":"first","10":"instock","11":"sale","12":"taxable","13":"shipping-taxable","14":"purchasable","15":"product-type-simple"},"supplier_id":null,"supplier_sku":"","barcode":null,"atum_controlled":true,"out_stock_date":null,"out_stock_threshold":null,"inheritable":false,"inbound_stock":0,"stock_on_hold":0,"sold_today":0,"sales_last_days":0,"reserved_stock":0,"customer_returns":0,"warehouse_damage":0,"lost_in_post":0,"other_logs":0,"out_stock_days":0,"lost_sales":0,"has_location":false,"update_date":"2026-04-05T00:05:45","atum_locations":[],"atum_stock_status":"instock","restock_status":false,"low_stock_amount":"","sales_update_date":"2026-04-05T00:05:45","calc_backorders":null,"aioseo_notices":[],"taxonomy_info":{"product_cat":[{"value":276,"label":"2004"},{"value":162,"label":"\u010casopisy"}]},"featured_image_src_large":["https:\/\/www.motorjournal.cz\/wp-content\/uploads\/2004\/12\/tit12.jpg",447,636,false],"author_info":[],"comment_info":"","_links":{"self":[{"href":"https:\/\/www.motorjournal.cz\/en\/wp-json\/wp\/v2\/product\/33111","targetHints":{"allow":["GET"]}}],"collection":[{"href":"https:\/\/www.motorjournal.cz\/en\/wp-json\/wp\/v2\/product"}],"about":[{"href":"https:\/\/www.motorjournal.cz\/en\/wp-json\/wp\/v2\/types\/product"}],"wp:featuredmedia":[{"embeddable":true,"href":"https:\/\/www.motorjournal.cz\/en\/wp-json\/wp\/v2\/media\/33302"}],"wp:attachment":[{"href":"https:\/\/www.motorjournal.cz\/en\/wp-json\/wp\/v2\/media?parent=33111"}],"wp:term":[{"taxonomy":"product_brand","embeddable":true,"href":"https:\/\/www.motorjournal.cz\/en\/wp-json\/wp\/v2\/product_brand?post=33111"},{"taxonomy":"product_cat","embeddable":true,"href":"https:\/\/www.motorjournal.cz\/en\/wp-json\/wp\/v2\/product_cat?post=33111"},{"taxonomy":"product_tag","embeddable":true,"href":"https:\/\/www.motorjournal.cz\/en\/wp-json\/wp\/v2\/product_tag?post=33111"}],"curies":[{"name":"wp","href":"https:\/\/api.w.org\/{rel}","templated":true}]}}