{"id":33880,"date":"2022-06-30T13:03:55","date_gmt":"2022-06-30T12:03:55","guid":{"rendered":"https:\/\/www.motorjournal.cz\/?post_type=product&#038;p=33880"},"modified":"2023-01-19T14:36:41","modified_gmt":"2023-01-19T13:36:41","slug":"motor-journal-07-2022","status":"publish","type":"product","link":"https:\/\/www.motorjournal.cz\/en\/product\/motor-journal-07-2022\/","title":{"rendered":"Motor Journal 07\/2022"},"content":{"rendered":"<p><b>Motor Journal<\/b> Issue 243, XXII. year, is published on Friday, July 1, 2022. The cover page is dominated by a silhouette on a motorcycle, which has pushed traditional graphics into the background. The editorial with a photo from the Bygone Times category precedes a multi-page history calendar \u2013 <b>A handful of nails from the road<\/b>. Social events begin on July 23, 1902 and continue with record rides, hillclimb races, often incredible technical innovations in the design of motorcycles and cars, the beginnings of Professor Svojs\u00edk in the implementation of the Czech branch of the scouts, but also the deadline for obtaining a driving license for a small motorcycle. Memories of the first kart race in Tel\u010d, Dan Gurney&#039;s victory at the French Grand Prix, motorcycle and car road races in Kdy\u0148 and the Prachovsk\u00e9 sk\u00e1ly Prize will help to gradually move to the present. Meetings of owners of historic vehicles are captured on the following pages - in Havl\u00ed\u010dk\u016fv Brod, Cheb, Prague-Liben. A selection of book novelties is on the following two pages. The staff of the North Bohemian Museum prepared a text with period photographs, read <b>Walter M\u00e9bl\u00e1k and testimony about the expulsion of Czechs from Liberec in October 1938<\/b>. Smiling, friendly and with gentle features \u2013 that was him. <b>Hugo Urban-Emmrich<\/b>. The article under the heading describes how the crash resistance of domestically produced cars was tested fifty years ago. <b>Damage<\/b> <b>100 against the wall<\/b>. July <b>Veteran salon<\/b> will demonstrate in many details <b>Fastest serial<\/b> <b>Munich boxer BMW R 69 S<\/b>. Recently established domestic branch <b>Norton Owners Club<\/b> organized an international meeting. Both foreign and Czech participants were satisfied. The natural swimming pool in Varnsdorf served as the base for this year&#039;s hill race: <b>Sch\u00f6ber 2022<\/b>. After the Covid break, a successful two-day event took place <b>Concours d&#039;Elegance Balatonf\u00fcred 2022<\/b>. The fiftieth anniversary of the Pilsen Veteran Car Club was celebrated by members and participants <b>32. JHV surroundings<\/b> <b>Pilsen<\/b>. The auction of 194 vehicles lasted for eight hours \u2013 read <b>A varied offer in Ascot<\/b>. Just a rich calendar of events, advertisements for sale, purchase, service offers and commercial double pages \u2013 that\u2019s a quick overview of the content of the July issue. <b>Journal Engine<\/b>.<\/p>","protected":false},"excerpt":{"rendered":"<p>New books<\/p>\n<p>Book offer for motorists<\/p>\n<p>Walter M\u00e9bl\u00e1k and testimony about the expulsion of Czechs from Liberec in October 1938<\/p>\n<p>Hugo Urban-\u2011Emmrich<\/p>\n<p>Skoda 100 against the wall<\/p>\n<p>Veteran Salon \u2013 The fastest production Munich boxer BMW R 69 S<\/p>\n<p>Norton Owners Club<\/p>\n<p>Sch\u00f6ber 2022<\/p>\n<p>Concours d&#039;\u00c9legance Balatonf\u00fcred 2022<\/p>\n<p>32nd JHV around Pilsen<\/p>\n<p>Auction \u2013 A diverse offering at Ascot<\/p>\n<p>Event calendar<\/p>\n<p>Cheap for sale<\/p>","protected":false},"featured_media":33863,"template":"","meta":{"kt_blocks_editor_width":"","_kad_blocks_custom_css":"","_kad_blocks_head_custom_js":"","_kad_blocks_body_custom_js":"","_kad_blocks_footer_custom_js":""},"product_brand":[],"product_cat":[600,162],"product_tag":[],"class_list":{"0":"post-33880","1":"product","2":"type-product","3":"status-publish","4":"has-post-thumbnail","6":"product_cat-600","7":"product_cat-casopisy","9":"first","10":"instock","11":"sale","12":"taxable","13":"shipping-taxable","14":"purchasable","15":"product-type-simple"},"supplier_id":null,"supplier_sku":"","barcode":null,"atum_controlled":true,"out_stock_date":null,"out_stock_threshold":null,"inheritable":false,"inbound_stock":0,"stock_on_hold":0,"sold_today":0,"sales_last_days":0,"reserved_stock":0,"customer_returns":0,"warehouse_damage":0,"lost_in_post":0,"other_logs":0,"out_stock_days":0,"lost_sales":0,"has_location":false,"update_date":"2026-04-04T00:06:37","atum_locations":[],"atum_stock_status":"instock","restock_status":false,"low_stock_amount":"","sales_update_date":"2026-04-04T00:06:37","calc_backorders":null,"aioseo_notices":[],"taxonomy_info":{"product_cat":[{"value":600,"label":"2022"},{"value":162,"label":"\u010casopisy"}]},"featured_image_src_large":["https:\/\/www.motorjournal.cz\/wp-content\/uploads\/2022\/06\/MJ_2022_07-1.jpg",595,841,false],"author_info":[],"comment_info":"","_links":{"self":[{"href":"https:\/\/www.motorjournal.cz\/en\/wp-json\/wp\/v2\/product\/33880","targetHints":{"allow":["GET"]}}],"collection":[{"href":"https:\/\/www.motorjournal.cz\/en\/wp-json\/wp\/v2\/product"}],"about":[{"href":"https:\/\/www.motorjournal.cz\/en\/wp-json\/wp\/v2\/types\/product"}],"wp:featuredmedia":[{"embeddable":true,"href":"https:\/\/www.motorjournal.cz\/en\/wp-json\/wp\/v2\/media\/33863"}],"wp:attachment":[{"href":"https:\/\/www.motorjournal.cz\/en\/wp-json\/wp\/v2\/media?parent=33880"}],"wp:term":[{"taxonomy":"product_brand","embeddable":true,"href":"https:\/\/www.motorjournal.cz\/en\/wp-json\/wp\/v2\/product_brand?post=33880"},{"taxonomy":"product_cat","embeddable":true,"href":"https:\/\/www.motorjournal.cz\/en\/wp-json\/wp\/v2\/product_cat?post=33880"},{"taxonomy":"product_tag","embeddable":true,"href":"https:\/\/www.motorjournal.cz\/en\/wp-json\/wp\/v2\/product_tag?post=33880"}],"curies":[{"name":"wp","href":"https:\/\/api.w.org\/{rel}","templated":true}]}}