{"id":35210,"date":"2022-11-29T13:09:05","date_gmt":"2022-11-29T12:09:05","guid":{"rendered":"https:\/\/www.motorjournal.cz\/?post_type=product&#038;p=35210"},"modified":"2025-11-04T15:24:49","modified_gmt":"2025-11-04T14:24:49","slug":"ceskoslovenske-delostrelectvo-1918-1939","status":"publish","type":"product","link":"https:\/\/www.motorjournal.cz\/en\/product\/ceskoslovenske-delostrelectvo-1918-1939\/","title":{"rendered":"\u010ceskoslovensk\u00e9 d\u011blost\u0159electvo 1918-1939"},"content":{"rendered":"<p><span class=\"end_text et_73581\"><span class=\"start_text\">Popis budovan\u00ed d\u011blost\u0159electva \u010deskoslovensk\u00e9 arm\u00e1dy od roku 1918. Po&nbsp;vzniku \u010cSR z\u016fstalo na \u00fazem\u00ed nov\u00e9ho st\u00e1tu pouze 108 d\u011bl a&nbsp;minomet\u016f. <\/span><span class=\"end_text et_149794\">\u0160kodovy z\u00e1vody v&nbsp;Plzni v\u0161ak byly schopny pokr\u00fdt pot\u0159ebu d\u011blost\u0159eleck\u00e9 techniky. Vyzbrojov\u00e1n\u00ed pokra\u010dovalo pom\u011brn\u011b zna\u010dn\u00fdm tempem. V&nbsp;roce 1920 arm\u00e1da disponovala ji\u017e 1526 kusy d\u011bl. D\u011blost\u0159electvu byla v\u011bnov\u00e1na zna\u010dn\u00e1 pozornost a&nbsp;ve dvac\u00e1t\u00fdch letech se za\u010daly objevovat nov\u00e9 typy zbran\u00ed. Mnoh\u00e9 modern\u00ed d\u011blost\u0159eleck\u00e9 zbran\u011b vyvinut\u00e9 koncem t\u0159ic\u00e1t\u00fdch let<\/span><\/span> <span class=\"end_text et_73581\"><span class=\"end_text et_149794\">se v\u0161ak k&nbsp;na\u0161im jednotk\u00e1m nedostaly. V\u0161echny byly pe\u010dliv\u011b vyzkou\u0161eny a&nbsp;v\u011bt\u0161inou za\u0159azeny do v\u00fdzbroje arm\u00e1dy nacistick\u00e9ho N\u011bmecka.<\/span><\/span><\/p>\n<p>Year of release: 2007<br \/>\nNakladatel: Corona<br \/>\nVazba: pevn\u00e1 s&nbsp;laminem<br \/>\nFormat: 215 x 305 mm<br \/>\nNumber of pages: 187<br \/>\nCondition: excellent<\/p>","protected":false},"excerpt":{"rendered":"<p>autor: Ji\u0159\u00ed Janou\u0161ek<\/p>","protected":false},"featured_media":35211,"template":"","meta":{"kt_blocks_editor_width":"","_kad_blocks_custom_css":"","_kad_blocks_head_custom_js":"","_kad_blocks_body_custom_js":"","_kad_blocks_footer_custom_js":""},"product_brand":[],"product_cat":[317,347],"product_tag":[352,228,361,224,219,346],"class_list":{"0":"post-35210","1":"product","2":"type-product","3":"status-publish","4":"has-post-thumbnail","6":"product_cat-antikvariat","7":"product_cat-antikvariat-knihy","8":"product_tag-automobily","9":"product_tag-lk","10":"product_tag-nakladni-automobily","11":"product_tag-skoda","12":"product_tag-tatra","13":"product_tag-vojenske-automobily","15":"first","16":"instock","17":"sale","18":"taxable","19":"shipping-taxable","20":"purchasable","21":"product-type-simple"},"supplier_id":null,"supplier_sku":"","barcode":null,"atum_controlled":false,"out_stock_date":null,"out_stock_threshold":null,"inheritable":false,"inbound_stock":null,"stock_on_hold":0,"sold_today":0,"sales_last_days":0,"reserved_stock":null,"customer_returns":null,"warehouse_damage":null,"lost_in_post":null,"other_logs":null,"out_stock_days":0,"lost_sales":0,"has_location":false,"update_date":"2026-04-04T00:06:37","atum_locations":[],"atum_stock_status":"instock","restock_status":false,"low_stock_amount":"","sales_update_date":"2026-04-04T00:06:37","calc_backorders":null,"aioseo_notices":[],"taxonomy_info":{"product_cat":[{"value":317,"label":"Antikvari\u00e1t"},{"value":347,"label":"Antikvari\u00e1t knihy"}],"product_tag":[{"value":352,"label":"Automobily"},{"value":228,"label":"L&amp;K"},{"value":361,"label":"N\u00e1kladn\u00ed automobily"},{"value":224,"label":"\u0160koda"},{"value":219,"label":"Tatra"},{"value":346,"label":"vojensk\u00e9 automobily"}]},"featured_image_src_large":["https:\/\/www.motorjournal.cz\/wp-content\/uploads\/2022\/11\/A0888_csdelostrelectvo-1.jpeg",629,849,false],"author_info":[],"comment_info":"","_links":{"self":[{"href":"https:\/\/www.motorjournal.cz\/en\/wp-json\/wp\/v2\/product\/35210","targetHints":{"allow":["GET"]}}],"collection":[{"href":"https:\/\/www.motorjournal.cz\/en\/wp-json\/wp\/v2\/product"}],"about":[{"href":"https:\/\/www.motorjournal.cz\/en\/wp-json\/wp\/v2\/types\/product"}],"wp:featuredmedia":[{"embeddable":true,"href":"https:\/\/www.motorjournal.cz\/en\/wp-json\/wp\/v2\/media\/35211"}],"wp:attachment":[{"href":"https:\/\/www.motorjournal.cz\/en\/wp-json\/wp\/v2\/media?parent=35210"}],"wp:term":[{"taxonomy":"product_brand","embeddable":true,"href":"https:\/\/www.motorjournal.cz\/en\/wp-json\/wp\/v2\/product_brand?post=35210"},{"taxonomy":"product_cat","embeddable":true,"href":"https:\/\/www.motorjournal.cz\/en\/wp-json\/wp\/v2\/product_cat?post=35210"},{"taxonomy":"product_tag","embeddable":true,"href":"https:\/\/www.motorjournal.cz\/en\/wp-json\/wp\/v2\/product_tag?post=35210"}],"curies":[{"name":"wp","href":"https:\/\/api.w.org\/{rel}","templated":true}]}}