{"id":35262,"date":"2022-11-29T16:19:47","date_gmt":"2022-11-29T15:19:47","guid":{"rendered":"https:\/\/www.motorjournal.cz\/?post_type=product&#038;p=35262"},"modified":"2025-11-04T15:24:49","modified_gmt":"2025-11-04T14:24:49","slug":"auto-album-archiv-laurinklement-2","status":"publish","type":"product","link":"https:\/\/www.motorjournal.cz\/en\/product\/auto-album-archiv-laurinklement-2\/","title":{"rendered":"Auto Album archiv &#8211; Laurin&#038;Klement"},"content":{"rendered":"<p>Vznik a&nbsp;v\u00fdvoj tov\u00e1rny Laurin a&nbsp;Klement v&nbsp;Mlad\u00e9 Boleslavi. Od j\u00edzdn\u00edch kol, p\u0159es motocykly, lehk\u00e9 voituretty po&nbsp;osobn\u00ed vozy \u0160koda. Se\u0161it obsahuje tak\u00e9 p\u0159ehledn\u00e9 tabulky o&nbsp;po\u010dtech vyroben\u00fdch kus\u016f jednotliv\u00fdch model\u016f, spoustu fotografi\u00ed a&nbsp;reprodukce n\u011bkolika reklamn\u00edch materi\u00e1l\u016f.<\/p>\n<p>Year of publication: 1986<br \/>\nPublisher: 735th ZO Svazarm, Brno<br \/>\nBinding: notebook<br \/>\nFormat: 170 x 240 mm<br \/>\nPo\u010det stran: 59<br \/>\nCondition: very good<\/p>","protected":false},"excerpt":{"rendered":"<p>autor: B\u0159etislav \u0160tilec a&nbsp;Anton\u00edn Mocek<\/p>\n<p>(1894-1925)<\/p>","protected":false},"featured_media":10104,"template":"","meta":{"kt_blocks_editor_width":"","_kad_blocks_custom_css":"","_kad_blocks_head_custom_js":"","_kad_blocks_body_custom_js":"","_kad_blocks_footer_custom_js":""},"product_brand":[],"product_cat":[317,347],"product_tag":[352,228,351,224],"class_list":{"0":"post-35262","1":"product","2":"type-product","3":"status-publish","4":"has-post-thumbnail","6":"product_cat-antikvariat","7":"product_cat-antikvariat-knihy","8":"product_tag-automobily","9":"product_tag-lk","10":"product_tag-osobnosti","11":"product_tag-skoda","13":"first","14":"instock","15":"sale","16":"taxable","17":"shipping-taxable","18":"purchasable","19":"product-type-simple"},"supplier_id":null,"supplier_sku":"","barcode":null,"atum_controlled":false,"out_stock_date":null,"out_stock_threshold":null,"inheritable":false,"inbound_stock":null,"stock_on_hold":0,"sold_today":0,"sales_last_days":0,"reserved_stock":null,"customer_returns":null,"warehouse_damage":null,"lost_in_post":null,"other_logs":null,"out_stock_days":0,"lost_sales":0,"has_location":false,"update_date":"2026-04-05T00:06:49","atum_locations":[],"atum_stock_status":"instock","restock_status":false,"low_stock_amount":"","sales_update_date":"2026-04-05T00:06:49","calc_backorders":null,"aioseo_notices":[],"taxonomy_info":{"product_cat":[{"value":317,"label":"Antikvari\u00e1t"},{"value":347,"label":"Antikvari\u00e1t knihy"}],"product_tag":[{"value":352,"label":"Automobily"},{"value":228,"label":"L&amp;K"},{"value":351,"label":"Osobnosti"},{"value":224,"label":"\u0160koda"}]},"featured_image_src_large":["https:\/\/www.motorjournal.cz\/wp-content\/uploads\/2019\/05\/A0226_albumlaurinklement.jpeg",504,717,false],"author_info":[],"comment_info":"","_links":{"self":[{"href":"https:\/\/www.motorjournal.cz\/en\/wp-json\/wp\/v2\/product\/35262","targetHints":{"allow":["GET"]}}],"collection":[{"href":"https:\/\/www.motorjournal.cz\/en\/wp-json\/wp\/v2\/product"}],"about":[{"href":"https:\/\/www.motorjournal.cz\/en\/wp-json\/wp\/v2\/types\/product"}],"wp:featuredmedia":[{"embeddable":true,"href":"https:\/\/www.motorjournal.cz\/en\/wp-json\/wp\/v2\/media\/10104"}],"wp:attachment":[{"href":"https:\/\/www.motorjournal.cz\/en\/wp-json\/wp\/v2\/media?parent=35262"}],"wp:term":[{"taxonomy":"product_brand","embeddable":true,"href":"https:\/\/www.motorjournal.cz\/en\/wp-json\/wp\/v2\/product_brand?post=35262"},{"taxonomy":"product_cat","embeddable":true,"href":"https:\/\/www.motorjournal.cz\/en\/wp-json\/wp\/v2\/product_cat?post=35262"},{"taxonomy":"product_tag","embeddable":true,"href":"https:\/\/www.motorjournal.cz\/en\/wp-json\/wp\/v2\/product_tag?post=35262"}],"curies":[{"name":"wp","href":"https:\/\/api.w.org\/{rel}","templated":true}]}}